{"id":11,"date":"2018-04-25T13:00:31","date_gmt":"2018-04-25T11:00:31","guid":{"rendered":"https:\/\/fundacionisabelmartin.es\/tienda\/mi-cuenta\/"},"modified":"2018-05-03T13:37:34","modified_gmt":"2018-05-03T11:37:34","slug":"mi-cuenta","status":"publish","type":"page","link":"https:\/\/fundacionisabelmartin.es\/tienda\/mi-cuenta\/","title":{"rendered":"Mi cuenta"},"content":{"rendered":"<div class=\"woocommerce\"><\/div>\n","protected":false},"excerpt":{"rendered":"","protected":false},"author":1,"featured_media":0,"parent":0,"menu_order":0,"comment_status":"closed","ping_status":"closed","template":"","meta":{"footnotes":""},"class_list":["post-11","page","type-page","status-publish","hentry"],"yoast_head":"<!-- This site is optimized with the Yoast SEO plugin v27.4 - https:\/\/yoast.com\/product\/yoast-seo-wordpress\/ -->\n<title>Mi cuenta | Fundaci\u00f3n Isabel Mart\u00edn<\/title>\n<meta name=\"description\" content=\"En nuestra tienda de comercio justo podr\u00e1s encontrar muchos art\u00edculos realizados por las mujeres de la cooperativa de comercio justo, Creative Handicrafts, en sus talleres de Bombay, India.Adem\u00e1s de los productos textiles que fabrican estas mujeres, tenemos una selecci\u00f3n de libros y cuentos para conocer a\u00fan m\u00e1s la historia de Isabel Mart\u00edn o para poder contribuir con su compra a proyectos tan bonitos como una guarder\u00eda biling\u00fce en Tanakla, India.SOBRE CREATIVE HANDICRAFTSCreative Handicrafts (artesan\u00eda creativa) en una empresa social creada en 1984 para empoderar a las mujeres desfavorecidas de las comunidades de los suburbios de Bombay o Mumbai, en la India. La idea original fue de una misionera espa\u00f1ola, Isabel Mart\u00edn, de la congregaci\u00f3n de las Misioneras de Cristo Jes\u00fas y de un grupo de mujeres de los suburbios de Mumbai. Un estudio revelaba que la mayor\u00eda de las mujeres en los suburbios pobres eran v\u00edctimas de violencia dom\u00e9stica y extrema pobreza. Las m\u00e1s afortunadas eran las que eran capaces de encontrar un trabajo asalariado, aunque con frecuencia insuficiente para mantener su familia. La idea central era que las propias mujeres afectadas lograran su independencia econ\u00f3mica a trav\u00e9s de un proyecto propio, escapando de la situaci\u00f3n de dominaci\u00f3n y malos tratos por sus maridos, y pudiendo luchar por su educaci\u00f3n y la de sus hijos. La organizaci\u00f3n parte del principio de que la independencia econ\u00f3mica es el primer paso hacia la autosuficiencia y la autonom\u00eda. Por lo tanto, Creative Handicrafts imparte capacitaci\u00f3n a las mujeres para producir productos textiles y para comercializarlos como medio de ganarse la vida. El objetivo \u00faltimo es construir comunidades sostenibles desde el respeto de la persona humana y la eliminaci\u00f3n de discriminaci\u00f3n por razones de casta, sexo o religi\u00f3n.Con los a\u00f1os cientos de mujeres se han beneficiado de la formaci\u00f3n profesional proporcionada por Creative Handicrafts. La mayor\u00eda de ellas han sido emprendedoras y han logrado ganarse la vida por su cuenta.\" \/>\n<meta name=\"robots\" content=\"index, follow, max-snippet:-1, max-image-preview:large, max-video-preview:-1\" \/>\n<link rel=\"canonical\" href=\"https:\/\/fundacionisabelmartin.es\/tienda\/mi-cuenta\/\" \/>\n<meta property=\"og:locale\" content=\"es_ES\" \/>\n<meta property=\"og:type\" content=\"article\" \/>\n<meta property=\"og:title\" content=\"Mi cuenta | Fundaci\u00f3n Isabel Mart\u00edn\" \/>\n<meta property=\"og:description\" content=\"En nuestra tienda de comercio justo podr\u00e1s encontrar muchos art\u00edculos realizados por las mujeres de la cooperativa de comercio justo, Creative Handicrafts, en sus talleres de Bombay, India.Adem\u00e1s de los productos textiles que fabrican estas mujeres, tenemos una selecci\u00f3n de libros y cuentos para conocer a\u00fan m\u00e1s la historia de Isabel Mart\u00edn o para poder contribuir con su compra a proyectos tan bonitos como una guarder\u00eda biling\u00fce en Tanakla, India.SOBRE CREATIVE HANDICRAFTSCreative Handicrafts (artesan\u00eda creativa) en una empresa social creada en 1984 para empoderar a las mujeres desfavorecidas de las comunidades de los suburbios de Bombay o Mumbai, en la India. La idea original fue de una misionera espa\u00f1ola, Isabel Mart\u00edn, de la congregaci\u00f3n de las Misioneras de Cristo Jes\u00fas y de un grupo de mujeres de los suburbios de Mumbai. Un estudio revelaba que la mayor\u00eda de las mujeres en los suburbios pobres eran v\u00edctimas de violencia dom\u00e9stica y extrema pobreza. Las m\u00e1s afortunadas eran las que eran capaces de encontrar un trabajo asalariado, aunque con frecuencia insuficiente para mantener su familia. La idea central era que las propias mujeres afectadas lograran su independencia econ\u00f3mica a trav\u00e9s de un proyecto propio, escapando de la situaci\u00f3n de dominaci\u00f3n y malos tratos por sus maridos, y pudiendo luchar por su educaci\u00f3n y la de sus hijos. La organizaci\u00f3n parte del principio de que la independencia econ\u00f3mica es el primer paso hacia la autosuficiencia y la autonom\u00eda. Por lo tanto, Creative Handicrafts imparte capacitaci\u00f3n a las mujeres para producir productos textiles y para comercializarlos como medio de ganarse la vida. El objetivo \u00faltimo es construir comunidades sostenibles desde el respeto de la persona humana y la eliminaci\u00f3n de discriminaci\u00f3n por razones de casta, sexo o religi\u00f3n.Con los a\u00f1os cientos de mujeres se han beneficiado de la formaci\u00f3n profesional proporcionada por Creative Handicrafts. La mayor\u00eda de ellas han sido emprendedoras y han logrado ganarse la vida por su cuenta.\" \/>\n<meta property=\"og:url\" content=\"https:\/\/fundacionisabelmartin.es\/tienda\/mi-cuenta\/\" \/>\n<meta property=\"og:site_name\" content=\"Fundaci\u00f3n Isabel Mart\u00edn\" \/>\n<meta property=\"article:publisher\" content=\"https:\/\/www.facebook.com\/OngIsabelMartin\" \/>\n<meta property=\"article:modified_time\" content=\"2018-05-03T11:37:34+00:00\" \/>\n<meta property=\"og:image\" content=\"https:\/\/fundacionisabelmartin.es\/tienda\/wp-content\/uploads\/2018\/04\/para-post-carlos.jpg\" \/>\n\t<meta property=\"og:image:width\" content=\"1181\" \/>\n\t<meta property=\"og:image:height\" content=\"787\" \/>\n\t<meta property=\"og:image:type\" content=\"image\/jpeg\" \/>\n<meta name=\"twitter:card\" content=\"summary_large_image\" \/>\n<meta name=\"twitter:site\" content=\"@ongisabelmartin\" \/>\n<script type=\"application\/ld+json\" class=\"yoast-schema-graph\">{\"@context\":\"https:\\\/\\\/schema.org\",\"@graph\":[{\"@type\":\"WebPage\",\"@id\":\"https:\\\/\\\/fundacionisabelmartin.es\\\/tienda\\\/mi-cuenta\\\/\",\"url\":\"https:\\\/\\\/fundacionisabelmartin.es\\\/tienda\\\/mi-cuenta\\\/\",\"name\":\"Mi cuenta | Fundaci\u00f3n Isabel Mart\u00edn\",\"isPartOf\":{\"@id\":\"https:\\\/\\\/fundacionisabelmartin.es\\\/tienda\\\/#website\"},\"datePublished\":\"2018-04-25T11:00:31+00:00\",\"dateModified\":\"2018-05-03T11:37:34+00:00\",\"description\":\"En nuestra tienda de comercio justo podr\u00e1s encontrar muchos art\u00edculos realizados por las mujeres de la cooperativa de comercio justo, Creative Handicrafts, en sus talleres de Bombay, India.Adem\u00e1s de los productos textiles que fabrican estas mujeres, tenemos una selecci\u00f3n de libros y cuentos para conocer a\u00fan m\u00e1s la historia de Isabel Mart\u00edn o para poder contribuir con su compra a proyectos tan bonitos como una guarder\u00eda biling\u00fce en Tanakla, India.SOBRE CREATIVE HANDICRAFTSCreative Handicrafts (artesan\u00eda creativa) en una empresa social creada en 1984 para empoderar a las mujeres desfavorecidas de las comunidades de los suburbios de Bombay o Mumbai, en la India. La idea original fue de una misionera espa\u00f1ola, Isabel Mart\u00edn, de la congregaci\u00f3n de las Misioneras de Cristo Jes\u00fas y de un grupo de mujeres de los suburbios de Mumbai. Un estudio revelaba que la mayor\u00eda de las mujeres en los suburbios pobres eran v\u00edctimas de violencia dom\u00e9stica y extrema pobreza. Las m\u00e1s afortunadas eran las que eran capaces de encontrar un trabajo asalariado, aunque con frecuencia insuficiente para mantener su familia. La idea central era que las propias mujeres afectadas lograran su independencia econ\u00f3mica a trav\u00e9s de un proyecto propio, escapando de la situaci\u00f3n de dominaci\u00f3n y malos tratos por sus maridos, y pudiendo luchar por su educaci\u00f3n y la de sus hijos. La organizaci\u00f3n parte del principio de que la independencia econ\u00f3mica es el primer paso hacia la autosuficiencia y la autonom\u00eda. Por lo tanto, Creative Handicrafts imparte capacitaci\u00f3n a las mujeres para producir productos textiles y para comercializarlos como medio de ganarse la vida. El objetivo \u00faltimo es construir comunidades sostenibles desde el respeto de la persona humana y la eliminaci\u00f3n de discriminaci\u00f3n por razones de casta, sexo o religi\u00f3n.Con los a\u00f1os cientos de mujeres se han beneficiado de la formaci\u00f3n profesional proporcionada por Creative Handicrafts. La mayor\u00eda de ellas han sido emprendedoras y han logrado ganarse la vida por su cuenta.\",\"breadcrumb\":{\"@id\":\"https:\\\/\\\/fundacionisabelmartin.es\\\/tienda\\\/mi-cuenta\\\/#breadcrumb\"},\"inLanguage\":\"es\",\"potentialAction\":[{\"@type\":\"ReadAction\",\"target\":[\"https:\\\/\\\/fundacionisabelmartin.es\\\/tienda\\\/mi-cuenta\\\/\"]}]},{\"@type\":\"BreadcrumbList\",\"@id\":\"https:\\\/\\\/fundacionisabelmartin.es\\\/tienda\\\/mi-cuenta\\\/#breadcrumb\",\"itemListElement\":[{\"@type\":\"ListItem\",\"position\":1,\"name\":\"Portada\",\"item\":\"https:\\\/\\\/fundacionisabelmartin.es\\\/tienda\\\/\"},{\"@type\":\"ListItem\",\"position\":2,\"name\":\"Mi cuenta\"}]},{\"@type\":\"WebSite\",\"@id\":\"https:\\\/\\\/fundacionisabelmartin.es\\\/tienda\\\/#website\",\"url\":\"https:\\\/\\\/fundacionisabelmartin.es\\\/tienda\\\/\",\"name\":\"FUNDACI\u00d3N ISABEL MARTIN | TIENDA\",\"description\":\"La tienda de la Fundaci\u00f3n Isabel Mart\u00edn ofrece productos de Comercio Justo y Solidarios con el objetivo de financiar los proyectos de Cooperaci\u00f3n al Desarrollo que financiamos en varios pa\u00edses del sur, centrados en el empoderamiento de las mujeres y la infancia desprotegida.\",\"publisher\":{\"@id\":\"https:\\\/\\\/fundacionisabelmartin.es\\\/tienda\\\/#organization\"},\"potentialAction\":[{\"@type\":\"SearchAction\",\"target\":{\"@type\":\"EntryPoint\",\"urlTemplate\":\"https:\\\/\\\/fundacionisabelmartin.es\\\/tienda\\\/?s={search_term_string}\"},\"query-input\":{\"@type\":\"PropertyValueSpecification\",\"valueRequired\":true,\"valueName\":\"search_term_string\"}}],\"inLanguage\":\"es\"},{\"@type\":\"Organization\",\"@id\":\"https:\\\/\\\/fundacionisabelmartin.es\\\/tienda\\\/#organization\",\"name\":\"Fundaci\u00f3n Isabel Mart\u00edn\",\"url\":\"https:\\\/\\\/fundacionisabelmartin.es\\\/tienda\\\/\",\"logo\":{\"@type\":\"ImageObject\",\"inLanguage\":\"es\",\"@id\":\"https:\\\/\\\/fundacionisabelmartin.es\\\/tienda\\\/#\\\/schema\\\/logo\\\/image\\\/\",\"url\":\"https:\\\/\\\/fundacionisabelmartin.es\\\/tienda\\\/wp-content\\\/uploads\\\/2018\\\/04\\\/ISABEL-MARTIN-LOGO-FINAL.png\",\"contentUrl\":\"https:\\\/\\\/fundacionisabelmartin.es\\\/tienda\\\/wp-content\\\/uploads\\\/2018\\\/04\\\/ISABEL-MARTIN-LOGO-FINAL.png\",\"width\":1153,\"height\":496,\"caption\":\"Fundaci\u00f3n Isabel Mart\u00edn\"},\"image\":{\"@id\":\"https:\\\/\\\/fundacionisabelmartin.es\\\/tienda\\\/#\\\/schema\\\/logo\\\/image\\\/\"},\"sameAs\":[\"https:\\\/\\\/www.facebook.com\\\/OngIsabelMartin\",\"https:\\\/\\\/x.com\\\/ongisabelmartin\",\"https:\\\/\\\/fundacionisabelmartin.es\\\/tienda\",\"https:\\\/\\\/www.linkedin.com\\\/company\\\/10593946\",\"https:\\\/\\\/www.youtube.com\\\/channel\\\/UCibqwKMVjaAmuWXoBF3edkQ\",\"https:\\\/\\\/www.instagram.com\\\/ongisabelmartin\\\/\"]}]}<\/script>\n<!-- \/ Yoast SEO plugin. -->","yoast_head_json":{"title":"Mi cuenta | Fundaci\u00f3n Isabel Mart\u00edn","description":"En nuestra tienda de comercio justo podr\u00e1s encontrar muchos art\u00edculos realizados por las mujeres de la cooperativa de comercio justo, Creative Handicrafts, en sus talleres de Bombay, India.Adem\u00e1s de los productos textiles que fabrican estas mujeres, tenemos una selecci\u00f3n de libros y cuentos para conocer a\u00fan m\u00e1s la historia de Isabel Mart\u00edn o para poder contribuir con su compra a proyectos tan bonitos como una guarder\u00eda biling\u00fce en Tanakla, India.SOBRE CREATIVE HANDICRAFTSCreative Handicrafts (artesan\u00eda creativa) en una empresa social creada en 1984 para empoderar a las mujeres desfavorecidas de las comunidades de los suburbios de Bombay o Mumbai, en la India. La idea original fue de una misionera espa\u00f1ola, Isabel Mart\u00edn, de la congregaci\u00f3n de las Misioneras de Cristo Jes\u00fas y de un grupo de mujeres de los suburbios de Mumbai. Un estudio revelaba que la mayor\u00eda de las mujeres en los suburbios pobres eran v\u00edctimas de violencia dom\u00e9stica y extrema pobreza. Las m\u00e1s afortunadas eran las que eran capaces de encontrar un trabajo asalariado, aunque con frecuencia insuficiente para mantener su familia. La idea central era que las propias mujeres afectadas lograran su independencia econ\u00f3mica a trav\u00e9s de un proyecto propio, escapando de la situaci\u00f3n de dominaci\u00f3n y malos tratos por sus maridos, y pudiendo luchar por su educaci\u00f3n y la de sus hijos. La organizaci\u00f3n parte del principio de que la independencia econ\u00f3mica es el primer paso hacia la autosuficiencia y la autonom\u00eda. Por lo tanto, Creative Handicrafts imparte capacitaci\u00f3n a las mujeres para producir productos textiles y para comercializarlos como medio de ganarse la vida. El objetivo \u00faltimo es construir comunidades sostenibles desde el respeto de la persona humana y la eliminaci\u00f3n de discriminaci\u00f3n por razones de casta, sexo o religi\u00f3n.Con los a\u00f1os cientos de mujeres se han beneficiado de la formaci\u00f3n profesional proporcionada por Creative Handicrafts. La mayor\u00eda de ellas han sido emprendedoras y han logrado ganarse la vida por su cuenta.","robots":{"index":"index","follow":"follow","max-snippet":"max-snippet:-1","max-image-preview":"max-image-preview:large","max-video-preview":"max-video-preview:-1"},"canonical":"https:\/\/fundacionisabelmartin.es\/tienda\/mi-cuenta\/","og_locale":"es_ES","og_type":"article","og_title":"Mi cuenta | Fundaci\u00f3n Isabel Mart\u00edn","og_description":"En nuestra tienda de comercio justo podr\u00e1s encontrar muchos art\u00edculos realizados por las mujeres de la cooperativa de comercio justo, Creative Handicrafts, en sus talleres de Bombay, India.Adem\u00e1s de los productos textiles que fabrican estas mujeres, tenemos una selecci\u00f3n de libros y cuentos para conocer a\u00fan m\u00e1s la historia de Isabel Mart\u00edn o para poder contribuir con su compra a proyectos tan bonitos como una guarder\u00eda biling\u00fce en Tanakla, India.SOBRE CREATIVE HANDICRAFTSCreative Handicrafts (artesan\u00eda creativa) en una empresa social creada en 1984 para empoderar a las mujeres desfavorecidas de las comunidades de los suburbios de Bombay o Mumbai, en la India. La idea original fue de una misionera espa\u00f1ola, Isabel Mart\u00edn, de la congregaci\u00f3n de las Misioneras de Cristo Jes\u00fas y de un grupo de mujeres de los suburbios de Mumbai. Un estudio revelaba que la mayor\u00eda de las mujeres en los suburbios pobres eran v\u00edctimas de violencia dom\u00e9stica y extrema pobreza. Las m\u00e1s afortunadas eran las que eran capaces de encontrar un trabajo asalariado, aunque con frecuencia insuficiente para mantener su familia. La idea central era que las propias mujeres afectadas lograran su independencia econ\u00f3mica a trav\u00e9s de un proyecto propio, escapando de la situaci\u00f3n de dominaci\u00f3n y malos tratos por sus maridos, y pudiendo luchar por su educaci\u00f3n y la de sus hijos. La organizaci\u00f3n parte del principio de que la independencia econ\u00f3mica es el primer paso hacia la autosuficiencia y la autonom\u00eda. Por lo tanto, Creative Handicrafts imparte capacitaci\u00f3n a las mujeres para producir productos textiles y para comercializarlos como medio de ganarse la vida. El objetivo \u00faltimo es construir comunidades sostenibles desde el respeto de la persona humana y la eliminaci\u00f3n de discriminaci\u00f3n por razones de casta, sexo o religi\u00f3n.Con los a\u00f1os cientos de mujeres se han beneficiado de la formaci\u00f3n profesional proporcionada por Creative Handicrafts. La mayor\u00eda de ellas han sido emprendedoras y han logrado ganarse la vida por su cuenta.","og_url":"https:\/\/fundacionisabelmartin.es\/tienda\/mi-cuenta\/","og_site_name":"Fundaci\u00f3n Isabel Mart\u00edn","article_publisher":"https:\/\/www.facebook.com\/OngIsabelMartin","article_modified_time":"2018-05-03T11:37:34+00:00","og_image":[{"width":1181,"height":787,"url":"https:\/\/fundacionisabelmartin.es\/tienda\/wp-content\/uploads\/2018\/04\/para-post-carlos.jpg","type":"image\/jpeg"}],"twitter_card":"summary_large_image","twitter_site":"@ongisabelmartin","schema":{"@context":"https:\/\/schema.org","@graph":[{"@type":"WebPage","@id":"https:\/\/fundacionisabelmartin.es\/tienda\/mi-cuenta\/","url":"https:\/\/fundacionisabelmartin.es\/tienda\/mi-cuenta\/","name":"Mi cuenta | Fundaci\u00f3n Isabel Mart\u00edn","isPartOf":{"@id":"https:\/\/fundacionisabelmartin.es\/tienda\/#website"},"datePublished":"2018-04-25T11:00:31+00:00","dateModified":"2018-05-03T11:37:34+00:00","description":"En nuestra tienda de comercio justo podr\u00e1s encontrar muchos art\u00edculos realizados por las mujeres de la cooperativa de comercio justo, Creative Handicrafts, en sus talleres de Bombay, India.Adem\u00e1s de los productos textiles que fabrican estas mujeres, tenemos una selecci\u00f3n de libros y cuentos para conocer a\u00fan m\u00e1s la historia de Isabel Mart\u00edn o para poder contribuir con su compra a proyectos tan bonitos como una guarder\u00eda biling\u00fce en Tanakla, India.SOBRE CREATIVE HANDICRAFTSCreative Handicrafts (artesan\u00eda creativa) en una empresa social creada en 1984 para empoderar a las mujeres desfavorecidas de las comunidades de los suburbios de Bombay o Mumbai, en la India. La idea original fue de una misionera espa\u00f1ola, Isabel Mart\u00edn, de la congregaci\u00f3n de las Misioneras de Cristo Jes\u00fas y de un grupo de mujeres de los suburbios de Mumbai. Un estudio revelaba que la mayor\u00eda de las mujeres en los suburbios pobres eran v\u00edctimas de violencia dom\u00e9stica y extrema pobreza. Las m\u00e1s afortunadas eran las que eran capaces de encontrar un trabajo asalariado, aunque con frecuencia insuficiente para mantener su familia. La idea central era que las propias mujeres afectadas lograran su independencia econ\u00f3mica a trav\u00e9s de un proyecto propio, escapando de la situaci\u00f3n de dominaci\u00f3n y malos tratos por sus maridos, y pudiendo luchar por su educaci\u00f3n y la de sus hijos. La organizaci\u00f3n parte del principio de que la independencia econ\u00f3mica es el primer paso hacia la autosuficiencia y la autonom\u00eda. Por lo tanto, Creative Handicrafts imparte capacitaci\u00f3n a las mujeres para producir productos textiles y para comercializarlos como medio de ganarse la vida. El objetivo \u00faltimo es construir comunidades sostenibles desde el respeto de la persona humana y la eliminaci\u00f3n de discriminaci\u00f3n por razones de casta, sexo o religi\u00f3n.Con los a\u00f1os cientos de mujeres se han beneficiado de la formaci\u00f3n profesional proporcionada por Creative Handicrafts. La mayor\u00eda de ellas han sido emprendedoras y han logrado ganarse la vida por su cuenta.","breadcrumb":{"@id":"https:\/\/fundacionisabelmartin.es\/tienda\/mi-cuenta\/#breadcrumb"},"inLanguage":"es","potentialAction":[{"@type":"ReadAction","target":["https:\/\/fundacionisabelmartin.es\/tienda\/mi-cuenta\/"]}]},{"@type":"BreadcrumbList","@id":"https:\/\/fundacionisabelmartin.es\/tienda\/mi-cuenta\/#breadcrumb","itemListElement":[{"@type":"ListItem","position":1,"name":"Portada","item":"https:\/\/fundacionisabelmartin.es\/tienda\/"},{"@type":"ListItem","position":2,"name":"Mi cuenta"}]},{"@type":"WebSite","@id":"https:\/\/fundacionisabelmartin.es\/tienda\/#website","url":"https:\/\/fundacionisabelmartin.es\/tienda\/","name":"FUNDACI\u00d3N ISABEL MARTIN | TIENDA","description":"La tienda de la Fundaci\u00f3n Isabel Mart\u00edn ofrece productos de Comercio Justo y Solidarios con el objetivo de financiar los proyectos de Cooperaci\u00f3n al Desarrollo que financiamos en varios pa\u00edses del sur, centrados en el empoderamiento de las mujeres y la infancia desprotegida.","publisher":{"@id":"https:\/\/fundacionisabelmartin.es\/tienda\/#organization"},"potentialAction":[{"@type":"SearchAction","target":{"@type":"EntryPoint","urlTemplate":"https:\/\/fundacionisabelmartin.es\/tienda\/?s={search_term_string}"},"query-input":{"@type":"PropertyValueSpecification","valueRequired":true,"valueName":"search_term_string"}}],"inLanguage":"es"},{"@type":"Organization","@id":"https:\/\/fundacionisabelmartin.es\/tienda\/#organization","name":"Fundaci\u00f3n Isabel Mart\u00edn","url":"https:\/\/fundacionisabelmartin.es\/tienda\/","logo":{"@type":"ImageObject","inLanguage":"es","@id":"https:\/\/fundacionisabelmartin.es\/tienda\/#\/schema\/logo\/image\/","url":"https:\/\/fundacionisabelmartin.es\/tienda\/wp-content\/uploads\/2018\/04\/ISABEL-MARTIN-LOGO-FINAL.png","contentUrl":"https:\/\/fundacionisabelmartin.es\/tienda\/wp-content\/uploads\/2018\/04\/ISABEL-MARTIN-LOGO-FINAL.png","width":1153,"height":496,"caption":"Fundaci\u00f3n Isabel Mart\u00edn"},"image":{"@id":"https:\/\/fundacionisabelmartin.es\/tienda\/#\/schema\/logo\/image\/"},"sameAs":["https:\/\/www.facebook.com\/OngIsabelMartin","https:\/\/x.com\/ongisabelmartin","https:\/\/fundacionisabelmartin.es\/tienda","https:\/\/www.linkedin.com\/company\/10593946","https:\/\/www.youtube.com\/channel\/UCibqwKMVjaAmuWXoBF3edkQ","https:\/\/www.instagram.com\/ongisabelmartin\/"]}]}},"_links":{"self":[{"href":"https:\/\/fundacionisabelmartin.es\/tienda\/wp-json\/wp\/v2\/pages\/11","targetHints":{"allow":["GET"]}}],"collection":[{"href":"https:\/\/fundacionisabelmartin.es\/tienda\/wp-json\/wp\/v2\/pages"}],"about":[{"href":"https:\/\/fundacionisabelmartin.es\/tienda\/wp-json\/wp\/v2\/types\/page"}],"author":[{"embeddable":true,"href":"https:\/\/fundacionisabelmartin.es\/tienda\/wp-json\/wp\/v2\/users\/1"}],"replies":[{"embeddable":true,"href":"https:\/\/fundacionisabelmartin.es\/tienda\/wp-json\/wp\/v2\/comments?post=11"}],"version-history":[{"count":1,"href":"https:\/\/fundacionisabelmartin.es\/tienda\/wp-json\/wp\/v2\/pages\/11\/revisions"}],"predecessor-version":[{"id":111,"href":"https:\/\/fundacionisabelmartin.es\/tienda\/wp-json\/wp\/v2\/pages\/11\/revisions\/111"}],"wp:attachment":[{"href":"https:\/\/fundacionisabelmartin.es\/tienda\/wp-json\/wp\/v2\/media?parent=11"}],"curies":[{"name":"wp","href":"https:\/\/api.w.org\/{rel}","templated":true}]}}