{"id":245,"date":"2018-06-01T14:31:22","date_gmt":"2018-06-01T12:31:22","guid":{"rendered":"https:\/\/fundacionisabelmartin.es\/tienda\/?page_id=245"},"modified":"2022-06-06T11:34:23","modified_gmt":"2022-06-06T09:34:23","slug":"sobre-nuestros-productos","status":"publish","type":"page","link":"https:\/\/fundacionisabelmartin.es\/tienda\/sobre-nuestros-productos\/","title":{"rendered":"&#8230;son sus productos hechos a mano."},"content":{"rendered":"<div id='gallery-1' class='gallery galleryid-245 gallery-columns-5 gallery-size-medium'><figure class='gallery-item'>\n\t\t\t<div class='gallery-icon landscape'>\n\t\t\t\t<a href='https:\/\/fundacionisabelmartin.es\/tienda\/inicio\/foto-inicio1\/'><img loading=\"lazy\" decoding=\"async\" width=\"300\" height=\"200\" src=\"https:\/\/fundacionisabelmartin.es\/tienda\/wp-content\/uploads\/2018\/06\/foto-inicio1-300x200.jpg\" class=\"attachment-medium size-medium\" alt=\"\" srcset=\"https:\/\/fundacionisabelmartin.es\/tienda\/wp-content\/uploads\/2018\/06\/foto-inicio1-300x200.jpg 300w, https:\/\/fundacionisabelmartin.es\/tienda\/wp-content\/uploads\/2018\/06\/foto-inicio1-768x512.jpg 768w, https:\/\/fundacionisabelmartin.es\/tienda\/wp-content\/uploads\/2018\/06\/foto-inicio1-1024x683.jpg 1024w, https:\/\/fundacionisabelmartin.es\/tienda\/wp-content\/uploads\/2018\/06\/foto-inicio1-416x277.jpg 416w, https:\/\/fundacionisabelmartin.es\/tienda\/wp-content\/uploads\/2018\/06\/foto-inicio1.jpg 1128w\" sizes=\"auto, (max-width: 300px) 100vw, 300px\" \/><\/a>\n\t\t\t<\/div><\/figure><figure class='gallery-item'>\n\t\t\t<div class='gallery-icon landscape'>\n\t\t\t\t<a href='https:\/\/fundacionisabelmartin.es\/tienda\/inicio\/foto-inicio2\/'><img loading=\"lazy\" decoding=\"async\" width=\"300\" height=\"200\" src=\"https:\/\/fundacionisabelmartin.es\/tienda\/wp-content\/uploads\/2018\/06\/foto-inicio2-300x200.jpg\" class=\"attachment-medium size-medium\" alt=\"\" srcset=\"https:\/\/fundacionisabelmartin.es\/tienda\/wp-content\/uploads\/2018\/06\/foto-inicio2-300x200.jpg 300w, https:\/\/fundacionisabelmartin.es\/tienda\/wp-content\/uploads\/2018\/06\/foto-inicio2-768x512.jpg 768w, https:\/\/fundacionisabelmartin.es\/tienda\/wp-content\/uploads\/2018\/06\/foto-inicio2-1024x683.jpg 1024w, https:\/\/fundacionisabelmartin.es\/tienda\/wp-content\/uploads\/2018\/06\/foto-inicio2-416x277.jpg 416w, https:\/\/fundacionisabelmartin.es\/tienda\/wp-content\/uploads\/2018\/06\/foto-inicio2.jpg 1128w\" sizes=\"auto, (max-width: 300px) 100vw, 300px\" \/><\/a>\n\t\t\t<\/div><\/figure><figure class='gallery-item'>\n\t\t\t<div class='gallery-icon landscape'>\n\t\t\t\t<a href='https:\/\/fundacionisabelmartin.es\/tienda\/inicio\/foto-inicio3\/'><img loading=\"lazy\" decoding=\"async\" width=\"300\" height=\"200\" src=\"https:\/\/fundacionisabelmartin.es\/tienda\/wp-content\/uploads\/2018\/06\/foto-inicio3-300x200.jpg\" class=\"attachment-medium size-medium\" alt=\"\" srcset=\"https:\/\/fundacionisabelmartin.es\/tienda\/wp-content\/uploads\/2018\/06\/foto-inicio3-300x200.jpg 300w, https:\/\/fundacionisabelmartin.es\/tienda\/wp-content\/uploads\/2018\/06\/foto-inicio3-768x512.jpg 768w, https:\/\/fundacionisabelmartin.es\/tienda\/wp-content\/uploads\/2018\/06\/foto-inicio3-1024x683.jpg 1024w, https:\/\/fundacionisabelmartin.es\/tienda\/wp-content\/uploads\/2018\/06\/foto-inicio3-416x277.jpg 416w, https:\/\/fundacionisabelmartin.es\/tienda\/wp-content\/uploads\/2018\/06\/foto-inicio3.jpg 1128w\" sizes=\"auto, (max-width: 300px) 100vw, 300px\" \/><\/a>\n\t\t\t<\/div><\/figure><figure class='gallery-item'>\n\t\t\t<div class='gallery-icon landscape'>\n\t\t\t\t<a href='https:\/\/fundacionisabelmartin.es\/tienda\/inicio\/foto-inicio4\/'><img loading=\"lazy\" decoding=\"async\" width=\"300\" height=\"200\" src=\"https:\/\/fundacionisabelmartin.es\/tienda\/wp-content\/uploads\/2018\/06\/foto-inicio4-300x200.jpg\" class=\"attachment-medium size-medium\" alt=\"\" srcset=\"https:\/\/fundacionisabelmartin.es\/tienda\/wp-content\/uploads\/2018\/06\/foto-inicio4-300x200.jpg 300w, https:\/\/fundacionisabelmartin.es\/tienda\/wp-content\/uploads\/2018\/06\/foto-inicio4-768x512.jpg 768w, https:\/\/fundacionisabelmartin.es\/tienda\/wp-content\/uploads\/2018\/06\/foto-inicio4-1024x683.jpg 1024w, https:\/\/fundacionisabelmartin.es\/tienda\/wp-content\/uploads\/2018\/06\/foto-inicio4-416x277.jpg 416w, https:\/\/fundacionisabelmartin.es\/tienda\/wp-content\/uploads\/2018\/06\/foto-inicio4.jpg 1128w\" sizes=\"auto, (max-width: 300px) 100vw, 300px\" \/><\/a>\n\t\t\t<\/div><\/figure><figure class='gallery-item'>\n\t\t\t<div class='gallery-icon landscape'>\n\t\t\t\t<a href='https:\/\/fundacionisabelmartin.es\/tienda\/inicio\/foto-inicio5\/'><img loading=\"lazy\" decoding=\"async\" width=\"300\" height=\"200\" src=\"https:\/\/fundacionisabelmartin.es\/tienda\/wp-content\/uploads\/2018\/06\/foto-inicio5-300x200.jpg\" class=\"attachment-medium size-medium\" alt=\"\" srcset=\"https:\/\/fundacionisabelmartin.es\/tienda\/wp-content\/uploads\/2018\/06\/foto-inicio5-300x200.jpg 300w, https:\/\/fundacionisabelmartin.es\/tienda\/wp-content\/uploads\/2018\/06\/foto-inicio5-768x512.jpg 768w, https:\/\/fundacionisabelmartin.es\/tienda\/wp-content\/uploads\/2018\/06\/foto-inicio5-1024x683.jpg 1024w, https:\/\/fundacionisabelmartin.es\/tienda\/wp-content\/uploads\/2018\/06\/foto-inicio5-416x277.jpg 416w, https:\/\/fundacionisabelmartin.es\/tienda\/wp-content\/uploads\/2018\/06\/foto-inicio5.jpg 1128w\" sizes=\"auto, (max-width: 300px) 100vw, 300px\" \/><\/a>\n\t\t\t<\/div><\/figure>\n\t\t<\/div>\n\n<h3 style=\"text-align: left;\">En nuestra tienda de\u00a0<strong>comercio justo<\/strong>\u00a0podr\u00e1s encontrar muchos art\u00edculos <strong>realizados por las mujeres<\/strong> de la cooperativa de comercio justo,\u00a0<a class=\"customize-unpreviewable\" href=\"http:\/\/www.creativehandicrafts.org\/\">Creative Handicrafts,<\/a>\u00a0en sus talleres de Bombay, India.<\/h3>\n<h3 style=\"text-align: left;\">Adem\u00e1s de los productos textiles que fabrican estas mujeres, tenemos una selecci\u00f3n de<strong>\u00a0libros y cuentos<\/strong>\u00a0para conocer a\u00fan m\u00e1s la <a href=\"https:\/\/fundacionisabelmartin.es\/quienes-somos\/\">historia de Isabel Mart\u00edn<\/a> o para <strong>poder contribuir con su compra a proyectos<\/strong> tan bonitos como una <a href=\"https:\/\/fundacionisabelmartin.es\/stories-for-india-una-ilusion-hecha-realidad\/\">guarder\u00eda biling\u00fce en Tanakla, India.<\/a><\/h3>\n<h3><strong><em>SOBRE CREATIVE HANDICRAFTS<\/em><\/strong><\/h3>\n<h3>Creative Handicrafts (artesan\u00eda creativa) en una empresa social<strong> creada en 1984 para empoderar a las mujeres desfavorecidas de las\u00a0<\/strong><strong>comunidades de los suburbios de Bombay o Mumbai, en la India.<\/strong> La\u00a0<strong>idea original fue de una misionera espa\u00f1ola, Isabel Mart\u00edn,<\/strong> de la congregaci\u00f3n de las Misioneras de Cristo Jes\u00fas <strong>y de un grupo de mujeres de los suburbios de Mumbai.<\/strong> Un estudio revelaba que la mayor\u00eda de las mujeres en los suburbios pobres eran <strong>v\u00edctimas de violencia dom\u00e9stica y extrema pobreza.<\/strong> Las m\u00e1s afortunadas eran las que eran capaces de encontrar un trabajo asalariado, aunque con frecuencia insuficiente para mantener su familia. La idea central era <strong>que las propias mujeres afectadas lograran su independencia econ\u00f3mica<\/strong> a trav\u00e9s de un proyecto propio,<strong> escapando de la situaci\u00f3n de dominaci\u00f3n y malos tratos por sus maridos, y pudiendo luchar por su educaci\u00f3n y la de sus hijos.<\/strong><\/h3>\n<h3><strong>\u00a0<\/strong>La organizaci\u00f3n parte del principio de que la independencia econ\u00f3mica <strong>es el primer paso hacia la autosuficiencia y la autonom\u00eda.<\/strong> Por lo tanto, Creative Handicrafts imparte<strong> capacitaci\u00f3n a las mujeres para producir productos textiles y para comercializarlos como medio de ganarse la vida.<\/strong> El objetivo \u00faltimo es construir comunidades sostenibles desde el respeto de la persona humana y la eliminaci\u00f3n de discriminaci\u00f3n por razones de casta, sexo o religi\u00f3n.<\/h3>\n<h3>Con los a\u00f1os cientos de mujeres se han beneficiado de la formaci\u00f3n profesional proporcionada por Creative Handicrafts. La mayor\u00eda de ellas han sido <strong>emprendedoras<\/strong> y han logrado ganarse la vida por su cuenta.<\/h3>\n<h3><strong>En el a\u00f1o 2010 recibe el Premio Pr\u00edncipe de Viana de la Solidaridad otorgado por el Gobierno de Navarra.<\/strong><\/h3>\n<p style=\"text-align: right;\"><a href=\"https:\/\/es.wikipedia.org\/wiki\/Creative_Handicrafts\"><em>Fuente: wikipedia.com<\/em><\/a><\/p>\n<div id=\"metaslider-id-251\" style=\"max-width: 1063px;\" class=\"ml-slider-3-104-0 metaslider metaslider-flex metaslider-251 ml-slider has-dots-nav ms-theme-default\" role=\"region\" aria-label=\"Mujeres trabajando\" data-height=\"400\" data-width=\"1063\">\n    <div id=\"metaslider_container_251\">\n        <div id=\"metaslider_251\">\n            <ul class='slides'>\n                <li style=\"display: block; width: 100%;\" class=\"slide-253 ms-image \" aria-roledescription=\"slide\" data-date=\"2018-06-01 14:45:11\" data-filename=\"mujertrabajando1.jpg\" data-slide-type=\"image\"><img loading=\"lazy\" decoding=\"async\" src=\"https:\/\/fundacionisabelmartin.es\/tienda\/wp-content\/uploads\/2018\/06\/mujertrabajando1.jpg\" height=\"400\" width=\"1063\" alt=\"\" class=\"slider-251 slide-253 msDefaultImage\" title=\"mujertrabajando1\" \/><\/li>\n                <li style=\"display: none; width: 100%;\" class=\"slide-255 ms-image \" aria-roledescription=\"slide\" data-date=\"2018-06-01 14:46:51\" data-filename=\"mujertrabajando2.jpg\" data-slide-type=\"image\"><img loading=\"lazy\" decoding=\"async\" src=\"https:\/\/fundacionisabelmartin.es\/tienda\/wp-content\/uploads\/2018\/06\/mujertrabajando2.jpg\" height=\"400\" width=\"1063\" alt=\"\" class=\"slider-251 slide-255 msDefaultImage\" title=\"mujertrabajando2\" \/><\/li>\n                <li style=\"display: none; width: 100%;\" class=\"slide-257 ms-image \" aria-roledescription=\"slide\" data-date=\"2018-06-01 14:49:34\" data-filename=\"mujertrabajando3.jpg\" data-slide-type=\"image\"><img loading=\"lazy\" decoding=\"async\" src=\"https:\/\/fundacionisabelmartin.es\/tienda\/wp-content\/uploads\/2018\/06\/mujertrabajando3.jpg\" height=\"400\" width=\"1063\" alt=\"\" class=\"slider-251 slide-257 msDefaultImage\" title=\"mujertrabajando3\" \/><\/li>\n                <li style=\"display: none; width: 100%;\" class=\"slide-259 ms-image \" aria-roledescription=\"slide\" data-date=\"2018-06-01 14:54:28\" data-filename=\"Captura.jpg\" data-slide-type=\"image\"><img loading=\"lazy\" decoding=\"async\" src=\"https:\/\/fundacionisabelmartin.es\/tienda\/wp-content\/uploads\/2018\/06\/Captura.jpg\" height=\"400\" width=\"1063\" alt=\"\" class=\"slider-251 slide-259 msDefaultImage\" title=\"Captura\" \/><\/li>\n                <li style=\"display: none; width: 100%;\" class=\"slide-263 ms-image \" aria-roledescription=\"slide\" data-date=\"2018-06-01 15:03:41\" data-filename=\"mujertrabajando4.jpg\" data-slide-type=\"image\"><img loading=\"lazy\" decoding=\"async\" src=\"https:\/\/fundacionisabelmartin.es\/tienda\/wp-content\/uploads\/2018\/06\/mujertrabajando4.jpg\" height=\"400\" width=\"1063\" alt=\"\" class=\"slider-251 slide-263 msDefaultImage\" title=\"mujertrabajando4\" \/><\/li>\n                <li style=\"display: none; width: 100%;\" class=\"slide-264 ms-image \" aria-roledescription=\"slide\" data-date=\"2018-06-01 15:03:41\" data-filename=\"mujertrabajando5.jpg\" data-slide-type=\"image\"><img loading=\"lazy\" decoding=\"async\" src=\"https:\/\/fundacionisabelmartin.es\/tienda\/wp-content\/uploads\/2018\/06\/mujertrabajando5.jpg\" height=\"400\" width=\"1063\" alt=\"\" class=\"slider-251 slide-264 msDefaultImage\" title=\"mujertrabajando5\" \/><\/li>\n            <\/ul>\n        <\/div>\n        \n    <\/div>\n<\/div>\n","protected":false},"excerpt":{"rendered":"<p>En nuestra tienda de\u00a0comercio justo\u00a0podr\u00e1s encontrar muchos art\u00edculos realizados por las mujeres de la cooperativa de comercio justo,\u00a0Creative Handicrafts,\u00a0en sus talleres de Bombay, India. Adem\u00e1s de los productos textiles que fabrican estas mujeres, tenemos una selecci\u00f3n de\u00a0libros y cuentos\u00a0para conocer a\u00fan m\u00e1s la historia de Isabel Mart\u00edn o para poder contribuir con su compra a [&hellip;]<\/p>\n","protected":false},"author":1,"featured_media":0,"parent":0,"menu_order":0,"comment_status":"closed","ping_status":"closed","template":"","meta":{"footnotes":""},"class_list":["post-245","page","type-page","status-publish","hentry"],"yoast_head":"<!-- This site is optimized with the Yoast SEO plugin v27.4 - https:\/\/yoast.com\/product\/yoast-seo-wordpress\/ -->\n<title>Sobre nuestros productos<\/title>\n<meta name=\"description\" content=\"Creative Handicrafts (artesan\u00eda creativa) en una empresa social creada en 1984 para empoderar a las mujeres desfavorecidas de las comunidades de los suburbios de Bombay o Mumbai, en la India. La idea original fue de una misionera espa\u00f1ola, Isabel Mart\u00edn.\" \/>\n<meta name=\"robots\" content=\"index, follow, max-snippet:-1, max-image-preview:large, max-video-preview:-1\" \/>\n<link rel=\"canonical\" href=\"https:\/\/fundacionisabelmartin.es\/tienda\/sobre-nuestros-productos\/\" \/>\n<meta property=\"og:locale\" content=\"es_ES\" \/>\n<meta property=\"og:type\" content=\"article\" \/>\n<meta property=\"og:title\" content=\"Sobre nuestros productos\" \/>\n<meta property=\"og:description\" content=\"Creative Handicrafts (artesan\u00eda creativa) en una empresa social creada en 1984 para empoderar a las mujeres desfavorecidas de las comunidades de los suburbios de Bombay o Mumbai, en la India. La idea original fue de una misionera espa\u00f1ola, Isabel Mart\u00edn.\" \/>\n<meta property=\"og:url\" content=\"https:\/\/fundacionisabelmartin.es\/tienda\/sobre-nuestros-productos\/\" \/>\n<meta property=\"og:site_name\" content=\"Fundaci\u00f3n Isabel Mart\u00edn\" \/>\n<meta property=\"article:publisher\" content=\"https:\/\/www.facebook.com\/OngIsabelMartin\" \/>\n<meta property=\"article:modified_time\" content=\"2022-06-06T09:34:23+00:00\" \/>\n<meta property=\"og:image\" content=\"https:\/\/fundacionisabelmartin.es\/tienda\/wp-content\/uploads\/2018\/06\/foto-inicio1-300x200.jpg\" \/>\n<meta name=\"twitter:card\" content=\"summary_large_image\" \/>\n<meta name=\"twitter:site\" content=\"@ongisabelmartin\" \/>\n<meta name=\"twitter:label1\" content=\"Tiempo de lectura\" \/>\n\t<meta name=\"twitter:data1\" content=\"2 minutos\" \/>\n<script type=\"application\/ld+json\" class=\"yoast-schema-graph\">{\"@context\":\"https:\\\/\\\/schema.org\",\"@graph\":[{\"@type\":\"WebPage\",\"@id\":\"https:\\\/\\\/fundacionisabelmartin.es\\\/tienda\\\/sobre-nuestros-productos\\\/\",\"url\":\"https:\\\/\\\/fundacionisabelmartin.es\\\/tienda\\\/sobre-nuestros-productos\\\/\",\"name\":\"Sobre nuestros productos\",\"isPartOf\":{\"@id\":\"https:\\\/\\\/fundacionisabelmartin.es\\\/tienda\\\/#website\"},\"datePublished\":\"2018-06-01T12:31:22+00:00\",\"dateModified\":\"2022-06-06T09:34:23+00:00\",\"description\":\"Creative Handicrafts (artesan\u00eda creativa) en una empresa social creada en 1984 para empoderar a las mujeres desfavorecidas de las comunidades de los suburbios de Bombay o Mumbai, en la India. La idea original fue de una misionera espa\u00f1ola, Isabel Mart\u00edn.\",\"breadcrumb\":{\"@id\":\"https:\\\/\\\/fundacionisabelmartin.es\\\/tienda\\\/sobre-nuestros-productos\\\/#breadcrumb\"},\"inLanguage\":\"es\",\"potentialAction\":[{\"@type\":\"ReadAction\",\"target\":[\"https:\\\/\\\/fundacionisabelmartin.es\\\/tienda\\\/sobre-nuestros-productos\\\/\"]}]},{\"@type\":\"BreadcrumbList\",\"@id\":\"https:\\\/\\\/fundacionisabelmartin.es\\\/tienda\\\/sobre-nuestros-productos\\\/#breadcrumb\",\"itemListElement\":[{\"@type\":\"ListItem\",\"position\":1,\"name\":\"Portada\",\"item\":\"https:\\\/\\\/fundacionisabelmartin.es\\\/tienda\\\/\"},{\"@type\":\"ListItem\",\"position\":2,\"name\":\"&#8230;son sus productos hechos a mano.\"}]},{\"@type\":\"WebSite\",\"@id\":\"https:\\\/\\\/fundacionisabelmartin.es\\\/tienda\\\/#website\",\"url\":\"https:\\\/\\\/fundacionisabelmartin.es\\\/tienda\\\/\",\"name\":\"FUNDACI\u00d3N ISABEL MARTIN | TIENDA\",\"description\":\"La tienda de la Fundaci\u00f3n Isabel Mart\u00edn ofrece productos de Comercio Justo y Solidarios con el objetivo de financiar los proyectos de Cooperaci\u00f3n al Desarrollo que financiamos en varios pa\u00edses del sur, centrados en el empoderamiento de las mujeres y la infancia desprotegida.\",\"publisher\":{\"@id\":\"https:\\\/\\\/fundacionisabelmartin.es\\\/tienda\\\/#organization\"},\"potentialAction\":[{\"@type\":\"SearchAction\",\"target\":{\"@type\":\"EntryPoint\",\"urlTemplate\":\"https:\\\/\\\/fundacionisabelmartin.es\\\/tienda\\\/?s={search_term_string}\"},\"query-input\":{\"@type\":\"PropertyValueSpecification\",\"valueRequired\":true,\"valueName\":\"search_term_string\"}}],\"inLanguage\":\"es\"},{\"@type\":\"Organization\",\"@id\":\"https:\\\/\\\/fundacionisabelmartin.es\\\/tienda\\\/#organization\",\"name\":\"Fundaci\u00f3n Isabel Mart\u00edn\",\"url\":\"https:\\\/\\\/fundacionisabelmartin.es\\\/tienda\\\/\",\"logo\":{\"@type\":\"ImageObject\",\"inLanguage\":\"es\",\"@id\":\"https:\\\/\\\/fundacionisabelmartin.es\\\/tienda\\\/#\\\/schema\\\/logo\\\/image\\\/\",\"url\":\"https:\\\/\\\/fundacionisabelmartin.es\\\/tienda\\\/wp-content\\\/uploads\\\/2018\\\/04\\\/ISABEL-MARTIN-LOGO-FINAL.png\",\"contentUrl\":\"https:\\\/\\\/fundacionisabelmartin.es\\\/tienda\\\/wp-content\\\/uploads\\\/2018\\\/04\\\/ISABEL-MARTIN-LOGO-FINAL.png\",\"width\":1153,\"height\":496,\"caption\":\"Fundaci\u00f3n Isabel Mart\u00edn\"},\"image\":{\"@id\":\"https:\\\/\\\/fundacionisabelmartin.es\\\/tienda\\\/#\\\/schema\\\/logo\\\/image\\\/\"},\"sameAs\":[\"https:\\\/\\\/www.facebook.com\\\/OngIsabelMartin\",\"https:\\\/\\\/x.com\\\/ongisabelmartin\",\"https:\\\/\\\/fundacionisabelmartin.es\\\/tienda\",\"https:\\\/\\\/www.linkedin.com\\\/company\\\/10593946\",\"https:\\\/\\\/www.youtube.com\\\/channel\\\/UCibqwKMVjaAmuWXoBF3edkQ\",\"https:\\\/\\\/www.instagram.com\\\/ongisabelmartin\\\/\"]}]}<\/script>\n<!-- \/ Yoast SEO plugin. -->","yoast_head_json":{"title":"Sobre nuestros productos","description":"Creative Handicrafts (artesan\u00eda creativa) en una empresa social creada en 1984 para empoderar a las mujeres desfavorecidas de las comunidades de los suburbios de Bombay o Mumbai, en la India. La idea original fue de una misionera espa\u00f1ola, Isabel Mart\u00edn.","robots":{"index":"index","follow":"follow","max-snippet":"max-snippet:-1","max-image-preview":"max-image-preview:large","max-video-preview":"max-video-preview:-1"},"canonical":"https:\/\/fundacionisabelmartin.es\/tienda\/sobre-nuestros-productos\/","og_locale":"es_ES","og_type":"article","og_title":"Sobre nuestros productos","og_description":"Creative Handicrafts (artesan\u00eda creativa) en una empresa social creada en 1984 para empoderar a las mujeres desfavorecidas de las comunidades de los suburbios de Bombay o Mumbai, en la India. La idea original fue de una misionera espa\u00f1ola, Isabel Mart\u00edn.","og_url":"https:\/\/fundacionisabelmartin.es\/tienda\/sobre-nuestros-productos\/","og_site_name":"Fundaci\u00f3n Isabel Mart\u00edn","article_publisher":"https:\/\/www.facebook.com\/OngIsabelMartin","article_modified_time":"2022-06-06T09:34:23+00:00","og_image":[{"url":"https:\/\/fundacionisabelmartin.es\/tienda\/wp-content\/uploads\/2018\/06\/foto-inicio1-300x200.jpg","type":"","width":"","height":""}],"twitter_card":"summary_large_image","twitter_site":"@ongisabelmartin","twitter_misc":{"Tiempo de lectura":"2 minutos"},"schema":{"@context":"https:\/\/schema.org","@graph":[{"@type":"WebPage","@id":"https:\/\/fundacionisabelmartin.es\/tienda\/sobre-nuestros-productos\/","url":"https:\/\/fundacionisabelmartin.es\/tienda\/sobre-nuestros-productos\/","name":"Sobre nuestros productos","isPartOf":{"@id":"https:\/\/fundacionisabelmartin.es\/tienda\/#website"},"datePublished":"2018-06-01T12:31:22+00:00","dateModified":"2022-06-06T09:34:23+00:00","description":"Creative Handicrafts (artesan\u00eda creativa) en una empresa social creada en 1984 para empoderar a las mujeres desfavorecidas de las comunidades de los suburbios de Bombay o Mumbai, en la India. La idea original fue de una misionera espa\u00f1ola, Isabel Mart\u00edn.","breadcrumb":{"@id":"https:\/\/fundacionisabelmartin.es\/tienda\/sobre-nuestros-productos\/#breadcrumb"},"inLanguage":"es","potentialAction":[{"@type":"ReadAction","target":["https:\/\/fundacionisabelmartin.es\/tienda\/sobre-nuestros-productos\/"]}]},{"@type":"BreadcrumbList","@id":"https:\/\/fundacionisabelmartin.es\/tienda\/sobre-nuestros-productos\/#breadcrumb","itemListElement":[{"@type":"ListItem","position":1,"name":"Portada","item":"https:\/\/fundacionisabelmartin.es\/tienda\/"},{"@type":"ListItem","position":2,"name":"&#8230;son sus productos hechos a mano."}]},{"@type":"WebSite","@id":"https:\/\/fundacionisabelmartin.es\/tienda\/#website","url":"https:\/\/fundacionisabelmartin.es\/tienda\/","name":"FUNDACI\u00d3N ISABEL MARTIN | TIENDA","description":"La tienda de la Fundaci\u00f3n Isabel Mart\u00edn ofrece productos de Comercio Justo y Solidarios con el objetivo de financiar los proyectos de Cooperaci\u00f3n al Desarrollo que financiamos en varios pa\u00edses del sur, centrados en el empoderamiento de las mujeres y la infancia desprotegida.","publisher":{"@id":"https:\/\/fundacionisabelmartin.es\/tienda\/#organization"},"potentialAction":[{"@type":"SearchAction","target":{"@type":"EntryPoint","urlTemplate":"https:\/\/fundacionisabelmartin.es\/tienda\/?s={search_term_string}"},"query-input":{"@type":"PropertyValueSpecification","valueRequired":true,"valueName":"search_term_string"}}],"inLanguage":"es"},{"@type":"Organization","@id":"https:\/\/fundacionisabelmartin.es\/tienda\/#organization","name":"Fundaci\u00f3n Isabel Mart\u00edn","url":"https:\/\/fundacionisabelmartin.es\/tienda\/","logo":{"@type":"ImageObject","inLanguage":"es","@id":"https:\/\/fundacionisabelmartin.es\/tienda\/#\/schema\/logo\/image\/","url":"https:\/\/fundacionisabelmartin.es\/tienda\/wp-content\/uploads\/2018\/04\/ISABEL-MARTIN-LOGO-FINAL.png","contentUrl":"https:\/\/fundacionisabelmartin.es\/tienda\/wp-content\/uploads\/2018\/04\/ISABEL-MARTIN-LOGO-FINAL.png","width":1153,"height":496,"caption":"Fundaci\u00f3n Isabel Mart\u00edn"},"image":{"@id":"https:\/\/fundacionisabelmartin.es\/tienda\/#\/schema\/logo\/image\/"},"sameAs":["https:\/\/www.facebook.com\/OngIsabelMartin","https:\/\/x.com\/ongisabelmartin","https:\/\/fundacionisabelmartin.es\/tienda","https:\/\/www.linkedin.com\/company\/10593946","https:\/\/www.youtube.com\/channel\/UCibqwKMVjaAmuWXoBF3edkQ","https:\/\/www.instagram.com\/ongisabelmartin\/"]}]}},"_links":{"self":[{"href":"https:\/\/fundacionisabelmartin.es\/tienda\/wp-json\/wp\/v2\/pages\/245","targetHints":{"allow":["GET"]}}],"collection":[{"href":"https:\/\/fundacionisabelmartin.es\/tienda\/wp-json\/wp\/v2\/pages"}],"about":[{"href":"https:\/\/fundacionisabelmartin.es\/tienda\/wp-json\/wp\/v2\/types\/page"}],"author":[{"embeddable":true,"href":"https:\/\/fundacionisabelmartin.es\/tienda\/wp-json\/wp\/v2\/users\/1"}],"replies":[{"embeddable":true,"href":"https:\/\/fundacionisabelmartin.es\/tienda\/wp-json\/wp\/v2\/comments?post=245"}],"version-history":[{"count":29,"href":"https:\/\/fundacionisabelmartin.es\/tienda\/wp-json\/wp\/v2\/pages\/245\/revisions"}],"predecessor-version":[{"id":2941,"href":"https:\/\/fundacionisabelmartin.es\/tienda\/wp-json\/wp\/v2\/pages\/245\/revisions\/2941"}],"wp:attachment":[{"href":"https:\/\/fundacionisabelmartin.es\/tienda\/wp-json\/wp\/v2\/media?parent=245"}],"curies":[{"name":"wp","href":"https:\/\/api.w.org\/{rel}","templated":true}]}}