{"id":1384,"date":"2018-11-14T13:47:08","date_gmt":"2018-11-14T12:47:08","guid":{"rendered":"https:\/\/fundacionisabelmartin.es\/tienda\/?post_type=product&#038;p=1384"},"modified":"2025-12-18T14:41:13","modified_gmt":"2025-12-18T13:41:13","slug":"mochila-cuerdas-algodon-powai-adulto","status":"publish","type":"product","link":"https:\/\/fundacionisabelmartin.es\/tienda\/producto\/mochila-cuerdas-algodon-powai-adulto\/","title":{"rendered":"Mochila Cuerdas Algod\u00f3n Powai"},"content":{"rendered":"<p>Nuestras mochilas de cordones est\u00e1n realizadas por las mujeres de Creative Handicrafts y fabricadas en algod\u00f3n 100%. Son ligeras, muy c\u00f3modas y totalmente lavables. Ecol\u00f3gicas,\u00a0 en algod\u00f3n crudo sin te\u00f1ir, pensadas tambi\u00e9n como <strong>soporte publicitario<\/strong> y para decorar. En dos tama\u00f1os de adulto\/a y otro infantil.<\/p>\n<p><strong>\u2139DESCUENTOS POR CANTIDAD:<\/strong>\u00a0Para pedidos a partir de 50 unidades, cont\u00e1ctenos en\u00a0<a href=\"mailto:comerciojusto@fundacionisabelmartin.es\">comerciojusto@fundacionisabelmartin.es<\/a><\/p>\n","protected":false},"excerpt":{"rendered":"<p>Mochila de cordones y algod\u00f3n<\/p>\n<p>Color: crudo lisa<\/p>\n<p>Medidas mochila adulto\/a: 35cm largo x 40cm alto x 1cm ancho<\/p>\n<p>Medidas mochila infantil:\u00a024cm largo x 30cm alto x 1cm ancho<\/p>\n<p>[social_share style=&#8221;black&#8221; align=&#8221;horizontal&#8221; heading_align=&#8221;inline&#8221; text=&#8221;&#8221; heading=&#8221;&#8221; facebook=&#8221;1&#8243; twitter=&#8221;1&#8243; google_plus=&#8221;1&#8243; linkedin=&#8221;1&#8243; pinterest=&#8221;1&#8243; link=&#8221;&#8221; \/]<\/p>\n<p>&nbsp;<\/p>\n","protected":false},"featured_media":1388,"comment_status":"open","ping_status":"closed","template":"","meta":[],"product_brand":[],"product_cat":[73,221,16],"product_tag":[117],"class_list":{"0":"post-1384","1":"product","2":"type-product","3":"status-publish","4":"has-post-thumbnail","6":"product_cat-mochilas","7":"product_cat-mochilas-de-cuerdas","8":"product_cat-accesorios","9":"product_tag-precio-con-iva-incluido","11":"first","12":"instock","13":"shipping-taxable","14":"purchasable","15":"product-type-variable"},"yoast_head":"<!-- This site is optimized with the Yoast SEO plugin v27.3 - https:\/\/yoast.com\/product\/yoast-seo-wordpress\/ -->\n<title>MOCHILA CUERDAS ALGOD\u00d3N POWAI ADULTO<\/title>\n<meta name=\"description\" content=\"Nuestras mochilas de cordones est\u00e1n realizadas por las mujeres de Creative Handicrafts y fabricadas en algod\u00f3n. Son ligeras, muy c\u00f3modas y totalmente lavables. Est\u00e1n dise\u00f1adas en crudo pensadas tambi\u00e9n como soporte publicitario y contamos con un tama\u00f1o para adultos y otro para ni\u00f1os\/as.\" \/>\n<meta name=\"robots\" content=\"index, follow, max-snippet:-1, max-image-preview:large, max-video-preview:-1\" \/>\n<link rel=\"canonical\" href=\"https:\/\/fundacionisabelmartin.es\/tienda\/producto\/mochila-cuerdas-algodon-powai-adulto\/\" \/>\n<meta property=\"og:locale\" content=\"es_ES\" \/>\n<meta property=\"og:type\" content=\"article\" \/>\n<meta property=\"og:title\" content=\"MOCHILA CUERDAS ALGOD\u00d3N POWAI ADULTO\" \/>\n<meta property=\"og:description\" content=\"Nuestras mochilas de cordones est\u00e1n realizadas por las mujeres de Creative Handicrafts y fabricadas en algod\u00f3n. Son ligeras, muy c\u00f3modas y totalmente lavables. Est\u00e1n dise\u00f1adas en crudo pensadas tambi\u00e9n como soporte publicitario y contamos con un tama\u00f1o para adultos y otro para ni\u00f1os\/as.\" \/>\n<meta property=\"og:url\" content=\"https:\/\/fundacionisabelmartin.es\/tienda\/producto\/mochila-cuerdas-algodon-powai-adulto\/\" \/>\n<meta property=\"og:site_name\" content=\"Fundaci\u00f3n Isabel Mart\u00edn\" \/>\n<meta property=\"article:publisher\" content=\"https:\/\/www.facebook.com\/OngIsabelMartin\" \/>\n<meta property=\"article:modified_time\" content=\"2025-12-18T13:41:13+00:00\" \/>\n<meta property=\"og:image\" content=\"https:\/\/fundacionisabelmartin.es\/tienda\/wp-content\/uploads\/2018\/11\/WhatsApp-Image-2018-11-08-at-11.39.02-1.jpeg\" \/>\n\t<meta property=\"og:image:width\" content=\"898\" \/>\n\t<meta property=\"og:image:height\" content=\"1600\" \/>\n\t<meta property=\"og:image:type\" content=\"image\/jpeg\" \/>\n<meta name=\"twitter:card\" content=\"summary_large_image\" \/>\n<meta name=\"twitter:site\" content=\"@ongisabelmartin\" \/>\n<meta name=\"twitter:label1\" content=\"Disponibilidad\" \/>\n\t<meta name=\"twitter:data1\" content=\"Disponible\" \/>\n<script type=\"application\/ld+json\" class=\"yoast-schema-graph\">{\"@context\":\"https:\\\/\\\/schema.org\",\"@graph\":[{\"@type\":[\"WebPage\",\"ItemPage\"],\"@id\":\"https:\\\/\\\/fundacionisabelmartin.es\\\/tienda\\\/producto\\\/mochila-cuerdas-algodon-powai-adulto\\\/\",\"url\":\"https:\\\/\\\/fundacionisabelmartin.es\\\/tienda\\\/producto\\\/mochila-cuerdas-algodon-powai-adulto\\\/\",\"name\":\"MOCHILA CUERDAS ALGOD\u00d3N POWAI ADULTO\",\"isPartOf\":{\"@id\":\"https:\\\/\\\/fundacionisabelmartin.es\\\/tienda\\\/#website\"},\"primaryImageOfPage\":{\"@id\":\"https:\\\/\\\/fundacionisabelmartin.es\\\/tienda\\\/producto\\\/mochila-cuerdas-algodon-powai-adulto\\\/#primaryimage\"},\"image\":{\"@id\":\"https:\\\/\\\/fundacionisabelmartin.es\\\/tienda\\\/producto\\\/mochila-cuerdas-algodon-powai-adulto\\\/#primaryimage\"},\"thumbnailUrl\":\"https:\\\/\\\/fundacionisabelmartin.es\\\/tienda\\\/wp-content\\\/uploads\\\/2018\\\/11\\\/WhatsApp-Image-2018-11-08-at-11.39.02-1.jpeg\",\"datePublished\":\"2018-11-14T12:47:08+00:00\",\"dateModified\":\"2025-12-18T13:41:13+00:00\",\"description\":\"Nuestras mochilas de cordones est\u00e1n realizadas por las mujeres de Creative Handicrafts y fabricadas en algod\u00f3n. Son ligeras, muy c\u00f3modas y totalmente lavables. Est\u00e1n dise\u00f1adas en crudo pensadas tambi\u00e9n como soporte publicitario y contamos con un tama\u00f1o para adultos y otro para ni\u00f1os\\\/as.\",\"breadcrumb\":{\"@id\":\"https:\\\/\\\/fundacionisabelmartin.es\\\/tienda\\\/producto\\\/mochila-cuerdas-algodon-powai-adulto\\\/#breadcrumb\"},\"inLanguage\":\"es\",\"potentialAction\":[{\"@type\":\"ReadAction\",\"target\":[\"https:\\\/\\\/fundacionisabelmartin.es\\\/tienda\\\/producto\\\/mochila-cuerdas-algodon-powai-adulto\\\/\"]}]},{\"@type\":\"ImageObject\",\"inLanguage\":\"es\",\"@id\":\"https:\\\/\\\/fundacionisabelmartin.es\\\/tienda\\\/producto\\\/mochila-cuerdas-algodon-powai-adulto\\\/#primaryimage\",\"url\":\"https:\\\/\\\/fundacionisabelmartin.es\\\/tienda\\\/wp-content\\\/uploads\\\/2018\\\/11\\\/WhatsApp-Image-2018-11-08-at-11.39.02-1.jpeg\",\"contentUrl\":\"https:\\\/\\\/fundacionisabelmartin.es\\\/tienda\\\/wp-content\\\/uploads\\\/2018\\\/11\\\/WhatsApp-Image-2018-11-08-at-11.39.02-1.jpeg\",\"width\":898,\"height\":1600},{\"@type\":\"BreadcrumbList\",\"@id\":\"https:\\\/\\\/fundacionisabelmartin.es\\\/tienda\\\/producto\\\/mochila-cuerdas-algodon-powai-adulto\\\/#breadcrumb\",\"itemListElement\":[{\"@type\":\"ListItem\",\"position\":1,\"name\":\"Portada\",\"item\":\"https:\\\/\\\/fundacionisabelmartin.es\\\/tienda\\\/\"},{\"@type\":\"ListItem\",\"position\":2,\"name\":\"Cat\u00e1logo de productos de la Fundaci\u00f3n Isabel Mart\u00edn\",\"item\":\"https:\\\/\\\/fundacionisabelmartin.es\\\/tienda\\\/\"},{\"@type\":\"ListItem\",\"position\":3,\"name\":\"Mochila Cuerdas Algod\u00f3n Powai\"}]},{\"@type\":\"WebSite\",\"@id\":\"https:\\\/\\\/fundacionisabelmartin.es\\\/tienda\\\/#website\",\"url\":\"https:\\\/\\\/fundacionisabelmartin.es\\\/tienda\\\/\",\"name\":\"FUNDACI\u00d3N ISABEL MARTIN | TIENDA\",\"description\":\"La tienda de la Fundaci\u00f3n Isabel Mart\u00edn ofrece productos de Comercio Justo y Solidarios con el objetivo de financiar los proyectos de Cooperaci\u00f3n al Desarrollo que financiamos en varios pa\u00edses del sur, centrados en el empoderamiento de las mujeres y la infancia desprotegida.\",\"publisher\":{\"@id\":\"https:\\\/\\\/fundacionisabelmartin.es\\\/tienda\\\/#organization\"},\"potentialAction\":[{\"@type\":\"SearchAction\",\"target\":{\"@type\":\"EntryPoint\",\"urlTemplate\":\"https:\\\/\\\/fundacionisabelmartin.es\\\/tienda\\\/?s={search_term_string}\"},\"query-input\":{\"@type\":\"PropertyValueSpecification\",\"valueRequired\":true,\"valueName\":\"search_term_string\"}}],\"inLanguage\":\"es\"},{\"@type\":\"Organization\",\"@id\":\"https:\\\/\\\/fundacionisabelmartin.es\\\/tienda\\\/#organization\",\"name\":\"Fundaci\u00f3n Isabel Mart\u00edn\",\"url\":\"https:\\\/\\\/fundacionisabelmartin.es\\\/tienda\\\/\",\"logo\":{\"@type\":\"ImageObject\",\"inLanguage\":\"es\",\"@id\":\"https:\\\/\\\/fundacionisabelmartin.es\\\/tienda\\\/#\\\/schema\\\/logo\\\/image\\\/\",\"url\":\"https:\\\/\\\/fundacionisabelmartin.es\\\/tienda\\\/wp-content\\\/uploads\\\/2018\\\/04\\\/ISABEL-MARTIN-LOGO-FINAL.png\",\"contentUrl\":\"https:\\\/\\\/fundacionisabelmartin.es\\\/tienda\\\/wp-content\\\/uploads\\\/2018\\\/04\\\/ISABEL-MARTIN-LOGO-FINAL.png\",\"width\":1153,\"height\":496,\"caption\":\"Fundaci\u00f3n Isabel Mart\u00edn\"},\"image\":{\"@id\":\"https:\\\/\\\/fundacionisabelmartin.es\\\/tienda\\\/#\\\/schema\\\/logo\\\/image\\\/\"},\"sameAs\":[\"https:\\\/\\\/www.facebook.com\\\/OngIsabelMartin\",\"https:\\\/\\\/x.com\\\/ongisabelmartin\",\"https:\\\/\\\/fundacionisabelmartin.es\\\/tienda\",\"https:\\\/\\\/www.linkedin.com\\\/company\\\/10593946\",\"https:\\\/\\\/www.youtube.com\\\/channel\\\/UCibqwKMVjaAmuWXoBF3edkQ\",\"https:\\\/\\\/www.instagram.com\\\/ongisabelmartin\\\/\"]}]}<\/script>\n<meta property=\"product:brand\" content=\"variable\" \/>\n<meta property=\"og:availability\" content=\"instock\" \/>\n<meta property=\"product:availability\" content=\"instock\" \/>\n<meta property=\"product:retailer_item_id\" content=\"MOCHILA CUERDAS ALGOD\u00d3N POWAI\" \/>\n<meta property=\"product:condition\" content=\"new\" \/>\n<!-- \/ Yoast SEO plugin. -->","yoast_head_json":{"title":"MOCHILA CUERDAS ALGOD\u00d3N POWAI ADULTO","description":"Nuestras mochilas de cordones est\u00e1n realizadas por las mujeres de Creative Handicrafts y fabricadas en algod\u00f3n. Son ligeras, muy c\u00f3modas y totalmente lavables. Est\u00e1n dise\u00f1adas en crudo pensadas tambi\u00e9n como soporte publicitario y contamos con un tama\u00f1o para adultos y otro para ni\u00f1os\/as.","robots":{"index":"index","follow":"follow","max-snippet":"max-snippet:-1","max-image-preview":"max-image-preview:large","max-video-preview":"max-video-preview:-1"},"canonical":"https:\/\/fundacionisabelmartin.es\/tienda\/producto\/mochila-cuerdas-algodon-powai-adulto\/","og_locale":"es_ES","og_type":"article","og_title":"MOCHILA CUERDAS ALGOD\u00d3N POWAI ADULTO","og_description":"Nuestras mochilas de cordones est\u00e1n realizadas por las mujeres de Creative Handicrafts y fabricadas en algod\u00f3n. Son ligeras, muy c\u00f3modas y totalmente lavables. Est\u00e1n dise\u00f1adas en crudo pensadas tambi\u00e9n como soporte publicitario y contamos con un tama\u00f1o para adultos y otro para ni\u00f1os\/as.","og_url":"https:\/\/fundacionisabelmartin.es\/tienda\/producto\/mochila-cuerdas-algodon-powai-adulto\/","og_site_name":"Fundaci\u00f3n Isabel Mart\u00edn","article_publisher":"https:\/\/www.facebook.com\/OngIsabelMartin","article_modified_time":"2025-12-18T13:41:13+00:00","og_image":[{"width":898,"height":1600,"url":"https:\/\/fundacionisabelmartin.es\/tienda\/wp-content\/uploads\/2018\/11\/WhatsApp-Image-2018-11-08-at-11.39.02-1.jpeg","type":"image\/jpeg"}],"twitter_card":"summary_large_image","twitter_site":"@ongisabelmartin","twitter_misc":{"Disponibilidad":"Disponible"},"schema":{"@context":"https:\/\/schema.org","@graph":[{"@type":["WebPage","ItemPage"],"@id":"https:\/\/fundacionisabelmartin.es\/tienda\/producto\/mochila-cuerdas-algodon-powai-adulto\/","url":"https:\/\/fundacionisabelmartin.es\/tienda\/producto\/mochila-cuerdas-algodon-powai-adulto\/","name":"MOCHILA CUERDAS ALGOD\u00d3N POWAI ADULTO","isPartOf":{"@id":"https:\/\/fundacionisabelmartin.es\/tienda\/#website"},"primaryImageOfPage":{"@id":"https:\/\/fundacionisabelmartin.es\/tienda\/producto\/mochila-cuerdas-algodon-powai-adulto\/#primaryimage"},"image":{"@id":"https:\/\/fundacionisabelmartin.es\/tienda\/producto\/mochila-cuerdas-algodon-powai-adulto\/#primaryimage"},"thumbnailUrl":"https:\/\/fundacionisabelmartin.es\/tienda\/wp-content\/uploads\/2018\/11\/WhatsApp-Image-2018-11-08-at-11.39.02-1.jpeg","datePublished":"2018-11-14T12:47:08+00:00","dateModified":"2025-12-18T13:41:13+00:00","description":"Nuestras mochilas de cordones est\u00e1n realizadas por las mujeres de Creative Handicrafts y fabricadas en algod\u00f3n. Son ligeras, muy c\u00f3modas y totalmente lavables. Est\u00e1n dise\u00f1adas en crudo pensadas tambi\u00e9n como soporte publicitario y contamos con un tama\u00f1o para adultos y otro para ni\u00f1os\/as.","breadcrumb":{"@id":"https:\/\/fundacionisabelmartin.es\/tienda\/producto\/mochila-cuerdas-algodon-powai-adulto\/#breadcrumb"},"inLanguage":"es","potentialAction":[{"@type":"ReadAction","target":["https:\/\/fundacionisabelmartin.es\/tienda\/producto\/mochila-cuerdas-algodon-powai-adulto\/"]}]},{"@type":"ImageObject","inLanguage":"es","@id":"https:\/\/fundacionisabelmartin.es\/tienda\/producto\/mochila-cuerdas-algodon-powai-adulto\/#primaryimage","url":"https:\/\/fundacionisabelmartin.es\/tienda\/wp-content\/uploads\/2018\/11\/WhatsApp-Image-2018-11-08-at-11.39.02-1.jpeg","contentUrl":"https:\/\/fundacionisabelmartin.es\/tienda\/wp-content\/uploads\/2018\/11\/WhatsApp-Image-2018-11-08-at-11.39.02-1.jpeg","width":898,"height":1600},{"@type":"BreadcrumbList","@id":"https:\/\/fundacionisabelmartin.es\/tienda\/producto\/mochila-cuerdas-algodon-powai-adulto\/#breadcrumb","itemListElement":[{"@type":"ListItem","position":1,"name":"Portada","item":"https:\/\/fundacionisabelmartin.es\/tienda\/"},{"@type":"ListItem","position":2,"name":"Cat\u00e1logo de productos de la Fundaci\u00f3n Isabel Mart\u00edn","item":"https:\/\/fundacionisabelmartin.es\/tienda\/"},{"@type":"ListItem","position":3,"name":"Mochila Cuerdas Algod\u00f3n Powai"}]},{"@type":"WebSite","@id":"https:\/\/fundacionisabelmartin.es\/tienda\/#website","url":"https:\/\/fundacionisabelmartin.es\/tienda\/","name":"FUNDACI\u00d3N ISABEL MARTIN | TIENDA","description":"La tienda de la Fundaci\u00f3n Isabel Mart\u00edn ofrece productos de Comercio Justo y Solidarios con el objetivo de financiar los proyectos de Cooperaci\u00f3n al Desarrollo que financiamos en varios pa\u00edses del sur, centrados en el empoderamiento de las mujeres y la infancia desprotegida.","publisher":{"@id":"https:\/\/fundacionisabelmartin.es\/tienda\/#organization"},"potentialAction":[{"@type":"SearchAction","target":{"@type":"EntryPoint","urlTemplate":"https:\/\/fundacionisabelmartin.es\/tienda\/?s={search_term_string}"},"query-input":{"@type":"PropertyValueSpecification","valueRequired":true,"valueName":"search_term_string"}}],"inLanguage":"es"},{"@type":"Organization","@id":"https:\/\/fundacionisabelmartin.es\/tienda\/#organization","name":"Fundaci\u00f3n Isabel Mart\u00edn","url":"https:\/\/fundacionisabelmartin.es\/tienda\/","logo":{"@type":"ImageObject","inLanguage":"es","@id":"https:\/\/fundacionisabelmartin.es\/tienda\/#\/schema\/logo\/image\/","url":"https:\/\/fundacionisabelmartin.es\/tienda\/wp-content\/uploads\/2018\/04\/ISABEL-MARTIN-LOGO-FINAL.png","contentUrl":"https:\/\/fundacionisabelmartin.es\/tienda\/wp-content\/uploads\/2018\/04\/ISABEL-MARTIN-LOGO-FINAL.png","width":1153,"height":496,"caption":"Fundaci\u00f3n Isabel Mart\u00edn"},"image":{"@id":"https:\/\/fundacionisabelmartin.es\/tienda\/#\/schema\/logo\/image\/"},"sameAs":["https:\/\/www.facebook.com\/OngIsabelMartin","https:\/\/x.com\/ongisabelmartin","https:\/\/fundacionisabelmartin.es\/tienda","https:\/\/www.linkedin.com\/company\/10593946","https:\/\/www.youtube.com\/channel\/UCibqwKMVjaAmuWXoBF3edkQ","https:\/\/www.instagram.com\/ongisabelmartin\/"]}]},"product_brand":"variable","og_availability":"instock","product_availability":"instock","product_retailer_item_id":"MOCHILA CUERDAS ALGOD\u00d3N POWAI","product_condition":"new"},"_links":{"self":[{"href":"https:\/\/fundacionisabelmartin.es\/tienda\/wp-json\/wp\/v2\/product\/1384","targetHints":{"allow":["GET"]}}],"collection":[{"href":"https:\/\/fundacionisabelmartin.es\/tienda\/wp-json\/wp\/v2\/product"}],"about":[{"href":"https:\/\/fundacionisabelmartin.es\/tienda\/wp-json\/wp\/v2\/types\/product"}],"replies":[{"embeddable":true,"href":"https:\/\/fundacionisabelmartin.es\/tienda\/wp-json\/wp\/v2\/comments?post=1384"}],"wp:featuredmedia":[{"embeddable":true,"href":"https:\/\/fundacionisabelmartin.es\/tienda\/wp-json\/wp\/v2\/media\/1388"}],"wp:attachment":[{"href":"https:\/\/fundacionisabelmartin.es\/tienda\/wp-json\/wp\/v2\/media?parent=1384"}],"wp:term":[{"taxonomy":"product_brand","embeddable":true,"href":"https:\/\/fundacionisabelmartin.es\/tienda\/wp-json\/wp\/v2\/product_brand?post=1384"},{"taxonomy":"product_cat","embeddable":true,"href":"https:\/\/fundacionisabelmartin.es\/tienda\/wp-json\/wp\/v2\/product_cat?post=1384"},{"taxonomy":"product_tag","embeddable":true,"href":"https:\/\/fundacionisabelmartin.es\/tienda\/wp-json\/wp\/v2\/product_tag?post=1384"}],"curies":[{"name":"wp","href":"https:\/\/api.w.org\/{rel}","templated":true}]}}