{"id":1621,"date":"2018-12-09T23:35:37","date_gmt":"2018-12-09T22:35:37","guid":{"rendered":"https:\/\/fundacionisabelmartin.es\/tienda\/?post_type=product&#038;p=1621"},"modified":"2026-04-11T14:22:57","modified_gmt":"2026-04-11T12:22:57","slug":"tote-bag-bolsa-algodon-powai-con-cenefa","status":"publish","type":"product","link":"https:\/\/fundacionisabelmartin.es\/tienda\/producto\/tote-bag-bolsa-algodon-powai-con-cenefa\/","title":{"rendered":"TOTE BAG-BOLSA ALGOD\u00d3N POWAI CON CENEFA"},"content":{"rendered":"<p>Bolsa de comercio justo 100% algod\u00f3n crudo dise\u00f1ada para sustituir las bolsas de pl\u00e1stico y realizar una compra m\u00e1s responsable y ecol\u00f3gica. Decorada con una cenefa con estampado floral<\/p>\n<p><strong>\u2139DESCUENTOS POR CANTIDAD:<\/strong>\u00a0Para pedidos a partir de 50 unidades p\u00f3ngase en contacto con nosotros en\u00a0<a href=\"mailto:comerciojusto@fundacionisabelmartin.es\">comerciojusto@fundacionisabelmartin.es<\/a><\/p>\n","protected":false},"excerpt":{"rendered":"<p>Bolsa para la compra de comercio justo<\/p>\n<p>Material: 100% algod\u00f3n crudo<\/p>\n<p>Medidas: 35cm largo x 40cm alto<\/p>\n<p>Colores: crudo y cenefa con estampado floral<\/p>\n<p>[social_share style=&#8221;black&#8221; align=&#8221;horizontal&#8221; heading_align=&#8221;inline&#8221; text=&#8221;&#8221; heading=&#8221;&#8221; facebook=&#8221;1&#8243; twitter=&#8221;1&#8243; google_plus=&#8221;1&#8243; linkedin=&#8221;1&#8243; pinterest=&#8221;1&#8243; link=&#8221;&#8221; \/]<\/p>\n<p>&nbsp;<\/p>\n","protected":false},"featured_media":895,"comment_status":"open","ping_status":"closed","template":"","meta":[],"product_brand":[],"product_cat":[29,16],"product_tag":[117],"class_list":{"0":"post-1621","1":"product","2":"type-product","3":"status-publish","4":"has-post-thumbnail","6":"product_cat-bolsas-lisas","7":"product_cat-accesorios","8":"product_tag-precio-con-iva-incluido","10":"first","11":"instock","12":"shipping-taxable","13":"purchasable","14":"product-type-simple"},"yoast_head":"<!-- This site is optimized with the Yoast SEO plugin v27.3 - https:\/\/yoast.com\/product\/yoast-seo-wordpress\/ -->\n<title>TOTE BAG-BOLSA ALGOD\u00d3N POWAI<\/title>\n<meta name=\"description\" content=\"Bolsas de comercio justo dise\u00f1adas para sustituir las bolsas de pl\u00e1stico y realizar una compra m\u00e1s responsable. Muy resistentes, ofrecemos dos modelos distintos, uno con una bonita cenefa con estampado floral y el otro sin estampado para ser utilizada como soporte publicitario.\" \/>\n<meta name=\"robots\" content=\"index, follow, max-snippet:-1, max-image-preview:large, max-video-preview:-1\" \/>\n<link rel=\"canonical\" href=\"https:\/\/fundacionisabelmartin.es\/tienda\/producto\/tote-bag-bolsa-algodon-powai-con-cenefa\/\" \/>\n<meta property=\"og:locale\" content=\"es_ES\" \/>\n<meta property=\"og:type\" content=\"article\" \/>\n<meta property=\"og:title\" content=\"TOTE BAG-BOLSA ALGOD\u00d3N POWAI\" \/>\n<meta property=\"og:description\" content=\"Bolsas de comercio justo dise\u00f1adas para sustituir las bolsas de pl\u00e1stico y realizar una compra m\u00e1s responsable. Muy resistentes, ofrecemos dos modelos distintos, uno con una bonita cenefa con estampado floral y el otro sin estampado para ser utilizada como soporte publicitario.\" \/>\n<meta property=\"og:url\" content=\"https:\/\/fundacionisabelmartin.es\/tienda\/producto\/tote-bag-bolsa-algodon-powai-con-cenefa\/\" \/>\n<meta property=\"og:site_name\" content=\"Fundaci\u00f3n Isabel Mart\u00edn\" \/>\n<meta property=\"article:publisher\" content=\"https:\/\/www.facebook.com\/OngIsabelMartin\" \/>\n<meta property=\"article:modified_time\" content=\"2026-04-11T12:22:57+00:00\" \/>\n<meta property=\"og:image\" content=\"https:\/\/fundacionisabelmartin.es\/tienda\/wp-content\/uploads\/2018\/06\/bolsa-blanca-intermedia_cenefa_peque.jpg\" \/>\n\t<meta property=\"og:image:width\" content=\"600\" \/>\n\t<meta property=\"og:image:height\" content=\"720\" \/>\n\t<meta property=\"og:image:type\" content=\"image\/jpeg\" \/>\n<meta name=\"twitter:card\" content=\"summary_large_image\" \/>\n<meta name=\"twitter:site\" content=\"@ongisabelmartin\" \/>\n<meta name=\"twitter:label1\" content=\"Precio\" \/>\n\t<meta name=\"twitter:data1\" content=\"3,00&euro;\" \/>\n\t<meta name=\"twitter:label2\" content=\"Disponibilidad\" \/>\n\t<meta name=\"twitter:data2\" content=\"Disponible\" \/>\n<script type=\"application\/ld+json\" class=\"yoast-schema-graph\">{\"@context\":\"https:\\\/\\\/schema.org\",\"@graph\":[{\"@type\":[\"WebPage\",\"ItemPage\"],\"@id\":\"https:\\\/\\\/fundacionisabelmartin.es\\\/tienda\\\/producto\\\/tote-bag-bolsa-algodon-powai-con-cenefa\\\/\",\"url\":\"https:\\\/\\\/fundacionisabelmartin.es\\\/tienda\\\/producto\\\/tote-bag-bolsa-algodon-powai-con-cenefa\\\/\",\"name\":\"TOTE BAG-BOLSA ALGOD\u00d3N POWAI\",\"isPartOf\":{\"@id\":\"https:\\\/\\\/fundacionisabelmartin.es\\\/tienda\\\/#website\"},\"primaryImageOfPage\":{\"@id\":\"https:\\\/\\\/fundacionisabelmartin.es\\\/tienda\\\/producto\\\/tote-bag-bolsa-algodon-powai-con-cenefa\\\/#primaryimage\"},\"image\":{\"@id\":\"https:\\\/\\\/fundacionisabelmartin.es\\\/tienda\\\/producto\\\/tote-bag-bolsa-algodon-powai-con-cenefa\\\/#primaryimage\"},\"thumbnailUrl\":\"https:\\\/\\\/fundacionisabelmartin.es\\\/tienda\\\/wp-content\\\/uploads\\\/2018\\\/06\\\/bolsa-blanca-intermedia_cenefa_peque.jpg\",\"datePublished\":\"2018-12-09T22:35:37+00:00\",\"dateModified\":\"2026-04-11T12:22:57+00:00\",\"description\":\"Bolsas de comercio justo dise\u00f1adas para sustituir las bolsas de pl\u00e1stico y realizar una compra m\u00e1s responsable. Muy resistentes, ofrecemos dos modelos distintos, uno con una bonita cenefa con estampado floral y el otro sin estampado para ser utilizada como soporte publicitario.\",\"breadcrumb\":{\"@id\":\"https:\\\/\\\/fundacionisabelmartin.es\\\/tienda\\\/producto\\\/tote-bag-bolsa-algodon-powai-con-cenefa\\\/#breadcrumb\"},\"inLanguage\":\"es\",\"potentialAction\":[{\"@type\":\"ReadAction\",\"target\":[\"https:\\\/\\\/fundacionisabelmartin.es\\\/tienda\\\/producto\\\/tote-bag-bolsa-algodon-powai-con-cenefa\\\/\"]}]},{\"@type\":\"ImageObject\",\"inLanguage\":\"es\",\"@id\":\"https:\\\/\\\/fundacionisabelmartin.es\\\/tienda\\\/producto\\\/tote-bag-bolsa-algodon-powai-con-cenefa\\\/#primaryimage\",\"url\":\"https:\\\/\\\/fundacionisabelmartin.es\\\/tienda\\\/wp-content\\\/uploads\\\/2018\\\/06\\\/bolsa-blanca-intermedia_cenefa_peque.jpg\",\"contentUrl\":\"https:\\\/\\\/fundacionisabelmartin.es\\\/tienda\\\/wp-content\\\/uploads\\\/2018\\\/06\\\/bolsa-blanca-intermedia_cenefa_peque.jpg\",\"width\":600,\"height\":720},{\"@type\":\"BreadcrumbList\",\"@id\":\"https:\\\/\\\/fundacionisabelmartin.es\\\/tienda\\\/producto\\\/tote-bag-bolsa-algodon-powai-con-cenefa\\\/#breadcrumb\",\"itemListElement\":[{\"@type\":\"ListItem\",\"position\":1,\"name\":\"Portada\",\"item\":\"https:\\\/\\\/fundacionisabelmartin.es\\\/tienda\\\/\"},{\"@type\":\"ListItem\",\"position\":2,\"name\":\"Cat\u00e1logo de productos de la Fundaci\u00f3n Isabel Mart\u00edn\",\"item\":\"https:\\\/\\\/fundacionisabelmartin.es\\\/tienda\\\/\"},{\"@type\":\"ListItem\",\"position\":3,\"name\":\"TOTE BAG-BOLSA ALGOD\u00d3N POWAI CON CENEFA\"}]},{\"@type\":\"WebSite\",\"@id\":\"https:\\\/\\\/fundacionisabelmartin.es\\\/tienda\\\/#website\",\"url\":\"https:\\\/\\\/fundacionisabelmartin.es\\\/tienda\\\/\",\"name\":\"FUNDACI\u00d3N ISABEL MARTIN | TIENDA\",\"description\":\"La tienda de la Fundaci\u00f3n Isabel Mart\u00edn ofrece productos de Comercio Justo y Solidarios con el objetivo de financiar los proyectos de Cooperaci\u00f3n al Desarrollo que financiamos en varios pa\u00edses del sur, centrados en el empoderamiento de las mujeres y la infancia desprotegida.\",\"publisher\":{\"@id\":\"https:\\\/\\\/fundacionisabelmartin.es\\\/tienda\\\/#organization\"},\"potentialAction\":[{\"@type\":\"SearchAction\",\"target\":{\"@type\":\"EntryPoint\",\"urlTemplate\":\"https:\\\/\\\/fundacionisabelmartin.es\\\/tienda\\\/?s={search_term_string}\"},\"query-input\":{\"@type\":\"PropertyValueSpecification\",\"valueRequired\":true,\"valueName\":\"search_term_string\"}}],\"inLanguage\":\"es\"},{\"@type\":\"Organization\",\"@id\":\"https:\\\/\\\/fundacionisabelmartin.es\\\/tienda\\\/#organization\",\"name\":\"Fundaci\u00f3n Isabel Mart\u00edn\",\"url\":\"https:\\\/\\\/fundacionisabelmartin.es\\\/tienda\\\/\",\"logo\":{\"@type\":\"ImageObject\",\"inLanguage\":\"es\",\"@id\":\"https:\\\/\\\/fundacionisabelmartin.es\\\/tienda\\\/#\\\/schema\\\/logo\\\/image\\\/\",\"url\":\"https:\\\/\\\/fundacionisabelmartin.es\\\/tienda\\\/wp-content\\\/uploads\\\/2018\\\/04\\\/ISABEL-MARTIN-LOGO-FINAL.png\",\"contentUrl\":\"https:\\\/\\\/fundacionisabelmartin.es\\\/tienda\\\/wp-content\\\/uploads\\\/2018\\\/04\\\/ISABEL-MARTIN-LOGO-FINAL.png\",\"width\":1153,\"height\":496,\"caption\":\"Fundaci\u00f3n Isabel Mart\u00edn\"},\"image\":{\"@id\":\"https:\\\/\\\/fundacionisabelmartin.es\\\/tienda\\\/#\\\/schema\\\/logo\\\/image\\\/\"},\"sameAs\":[\"https:\\\/\\\/www.facebook.com\\\/OngIsabelMartin\",\"https:\\\/\\\/x.com\\\/ongisabelmartin\",\"https:\\\/\\\/fundacionisabelmartin.es\\\/tienda\",\"https:\\\/\\\/www.linkedin.com\\\/company\\\/10593946\",\"https:\\\/\\\/www.youtube.com\\\/channel\\\/UCibqwKMVjaAmuWXoBF3edkQ\",\"https:\\\/\\\/www.instagram.com\\\/ongisabelmartin\\\/\"]}]}<\/script>\n<meta property=\"product:brand\" content=\"simple\" \/>\n<meta property=\"product:price:amount\" content=\"3.00\" \/>\n<meta property=\"product:price:currency\" content=\"EUR\" \/>\n<meta property=\"og:availability\" content=\"instock\" \/>\n<meta property=\"product:availability\" content=\"instock\" \/>\n<meta property=\"product:retailer_item_id\" content=\"CH-003-N-S\" \/>\n<meta property=\"product:condition\" content=\"new\" \/>\n<!-- \/ Yoast SEO plugin. -->","yoast_head_json":{"title":"TOTE BAG-BOLSA ALGOD\u00d3N POWAI","description":"Bolsas de comercio justo dise\u00f1adas para sustituir las bolsas de pl\u00e1stico y realizar una compra m\u00e1s responsable. Muy resistentes, ofrecemos dos modelos distintos, uno con una bonita cenefa con estampado floral y el otro sin estampado para ser utilizada como soporte publicitario.","robots":{"index":"index","follow":"follow","max-snippet":"max-snippet:-1","max-image-preview":"max-image-preview:large","max-video-preview":"max-video-preview:-1"},"canonical":"https:\/\/fundacionisabelmartin.es\/tienda\/producto\/tote-bag-bolsa-algodon-powai-con-cenefa\/","og_locale":"es_ES","og_type":"article","og_title":"TOTE BAG-BOLSA ALGOD\u00d3N POWAI","og_description":"Bolsas de comercio justo dise\u00f1adas para sustituir las bolsas de pl\u00e1stico y realizar una compra m\u00e1s responsable. Muy resistentes, ofrecemos dos modelos distintos, uno con una bonita cenefa con estampado floral y el otro sin estampado para ser utilizada como soporte publicitario.","og_url":"https:\/\/fundacionisabelmartin.es\/tienda\/producto\/tote-bag-bolsa-algodon-powai-con-cenefa\/","og_site_name":"Fundaci\u00f3n Isabel Mart\u00edn","article_publisher":"https:\/\/www.facebook.com\/OngIsabelMartin","article_modified_time":"2026-04-11T12:22:57+00:00","og_image":[{"width":600,"height":720,"url":"https:\/\/fundacionisabelmartin.es\/tienda\/wp-content\/uploads\/2018\/06\/bolsa-blanca-intermedia_cenefa_peque.jpg","type":"image\/jpeg"}],"twitter_card":"summary_large_image","twitter_site":"@ongisabelmartin","twitter_misc":{"Precio":"3,00&euro;","Disponibilidad":"Disponible"},"schema":{"@context":"https:\/\/schema.org","@graph":[{"@type":["WebPage","ItemPage"],"@id":"https:\/\/fundacionisabelmartin.es\/tienda\/producto\/tote-bag-bolsa-algodon-powai-con-cenefa\/","url":"https:\/\/fundacionisabelmartin.es\/tienda\/producto\/tote-bag-bolsa-algodon-powai-con-cenefa\/","name":"TOTE BAG-BOLSA ALGOD\u00d3N POWAI","isPartOf":{"@id":"https:\/\/fundacionisabelmartin.es\/tienda\/#website"},"primaryImageOfPage":{"@id":"https:\/\/fundacionisabelmartin.es\/tienda\/producto\/tote-bag-bolsa-algodon-powai-con-cenefa\/#primaryimage"},"image":{"@id":"https:\/\/fundacionisabelmartin.es\/tienda\/producto\/tote-bag-bolsa-algodon-powai-con-cenefa\/#primaryimage"},"thumbnailUrl":"https:\/\/fundacionisabelmartin.es\/tienda\/wp-content\/uploads\/2018\/06\/bolsa-blanca-intermedia_cenefa_peque.jpg","datePublished":"2018-12-09T22:35:37+00:00","dateModified":"2026-04-11T12:22:57+00:00","description":"Bolsas de comercio justo dise\u00f1adas para sustituir las bolsas de pl\u00e1stico y realizar una compra m\u00e1s responsable. Muy resistentes, ofrecemos dos modelos distintos, uno con una bonita cenefa con estampado floral y el otro sin estampado para ser utilizada como soporte publicitario.","breadcrumb":{"@id":"https:\/\/fundacionisabelmartin.es\/tienda\/producto\/tote-bag-bolsa-algodon-powai-con-cenefa\/#breadcrumb"},"inLanguage":"es","potentialAction":[{"@type":"ReadAction","target":["https:\/\/fundacionisabelmartin.es\/tienda\/producto\/tote-bag-bolsa-algodon-powai-con-cenefa\/"]}]},{"@type":"ImageObject","inLanguage":"es","@id":"https:\/\/fundacionisabelmartin.es\/tienda\/producto\/tote-bag-bolsa-algodon-powai-con-cenefa\/#primaryimage","url":"https:\/\/fundacionisabelmartin.es\/tienda\/wp-content\/uploads\/2018\/06\/bolsa-blanca-intermedia_cenefa_peque.jpg","contentUrl":"https:\/\/fundacionisabelmartin.es\/tienda\/wp-content\/uploads\/2018\/06\/bolsa-blanca-intermedia_cenefa_peque.jpg","width":600,"height":720},{"@type":"BreadcrumbList","@id":"https:\/\/fundacionisabelmartin.es\/tienda\/producto\/tote-bag-bolsa-algodon-powai-con-cenefa\/#breadcrumb","itemListElement":[{"@type":"ListItem","position":1,"name":"Portada","item":"https:\/\/fundacionisabelmartin.es\/tienda\/"},{"@type":"ListItem","position":2,"name":"Cat\u00e1logo de productos de la Fundaci\u00f3n Isabel Mart\u00edn","item":"https:\/\/fundacionisabelmartin.es\/tienda\/"},{"@type":"ListItem","position":3,"name":"TOTE BAG-BOLSA ALGOD\u00d3N POWAI CON CENEFA"}]},{"@type":"WebSite","@id":"https:\/\/fundacionisabelmartin.es\/tienda\/#website","url":"https:\/\/fundacionisabelmartin.es\/tienda\/","name":"FUNDACI\u00d3N ISABEL MARTIN | TIENDA","description":"La tienda de la Fundaci\u00f3n Isabel Mart\u00edn ofrece productos de Comercio Justo y Solidarios con el objetivo de financiar los proyectos de Cooperaci\u00f3n al Desarrollo que financiamos en varios pa\u00edses del sur, centrados en el empoderamiento de las mujeres y la infancia desprotegida.","publisher":{"@id":"https:\/\/fundacionisabelmartin.es\/tienda\/#organization"},"potentialAction":[{"@type":"SearchAction","target":{"@type":"EntryPoint","urlTemplate":"https:\/\/fundacionisabelmartin.es\/tienda\/?s={search_term_string}"},"query-input":{"@type":"PropertyValueSpecification","valueRequired":true,"valueName":"search_term_string"}}],"inLanguage":"es"},{"@type":"Organization","@id":"https:\/\/fundacionisabelmartin.es\/tienda\/#organization","name":"Fundaci\u00f3n Isabel Mart\u00edn","url":"https:\/\/fundacionisabelmartin.es\/tienda\/","logo":{"@type":"ImageObject","inLanguage":"es","@id":"https:\/\/fundacionisabelmartin.es\/tienda\/#\/schema\/logo\/image\/","url":"https:\/\/fundacionisabelmartin.es\/tienda\/wp-content\/uploads\/2018\/04\/ISABEL-MARTIN-LOGO-FINAL.png","contentUrl":"https:\/\/fundacionisabelmartin.es\/tienda\/wp-content\/uploads\/2018\/04\/ISABEL-MARTIN-LOGO-FINAL.png","width":1153,"height":496,"caption":"Fundaci\u00f3n Isabel Mart\u00edn"},"image":{"@id":"https:\/\/fundacionisabelmartin.es\/tienda\/#\/schema\/logo\/image\/"},"sameAs":["https:\/\/www.facebook.com\/OngIsabelMartin","https:\/\/x.com\/ongisabelmartin","https:\/\/fundacionisabelmartin.es\/tienda","https:\/\/www.linkedin.com\/company\/10593946","https:\/\/www.youtube.com\/channel\/UCibqwKMVjaAmuWXoBF3edkQ","https:\/\/www.instagram.com\/ongisabelmartin\/"]}]},"product_brand":"simple","product_price_amount":"3.00","product_price_currency":"EUR","og_availability":"instock","product_availability":"instock","product_retailer_item_id":"CH-003-N-S","product_condition":"new"},"_links":{"self":[{"href":"https:\/\/fundacionisabelmartin.es\/tienda\/wp-json\/wp\/v2\/product\/1621","targetHints":{"allow":["GET"]}}],"collection":[{"href":"https:\/\/fundacionisabelmartin.es\/tienda\/wp-json\/wp\/v2\/product"}],"about":[{"href":"https:\/\/fundacionisabelmartin.es\/tienda\/wp-json\/wp\/v2\/types\/product"}],"replies":[{"embeddable":true,"href":"https:\/\/fundacionisabelmartin.es\/tienda\/wp-json\/wp\/v2\/comments?post=1621"}],"wp:featuredmedia":[{"embeddable":true,"href":"https:\/\/fundacionisabelmartin.es\/tienda\/wp-json\/wp\/v2\/media\/895"}],"wp:attachment":[{"href":"https:\/\/fundacionisabelmartin.es\/tienda\/wp-json\/wp\/v2\/media?parent=1621"}],"wp:term":[{"taxonomy":"product_brand","embeddable":true,"href":"https:\/\/fundacionisabelmartin.es\/tienda\/wp-json\/wp\/v2\/product_brand?post=1621"},{"taxonomy":"product_cat","embeddable":true,"href":"https:\/\/fundacionisabelmartin.es\/tienda\/wp-json\/wp\/v2\/product_cat?post=1621"},{"taxonomy":"product_tag","embeddable":true,"href":"https:\/\/fundacionisabelmartin.es\/tienda\/wp-json\/wp\/v2\/product_tag?post=1621"}],"curies":[{"name":"wp","href":"https:\/\/api.w.org\/{rel}","templated":true}]}}