{"id":2294,"date":"2021-11-02T10:25:50","date_gmt":"2021-11-02T09:25:50","guid":{"rendered":"https:\/\/fundacionisabelmartin.es\/tienda\/?post_type=product&#038;p=2294"},"modified":"2026-04-05T04:26:13","modified_gmt":"2026-04-05T02:26:13","slug":"cuento-solidario-navani-magic-of-english","status":"publish","type":"product","link":"https:\/\/fundacionisabelmartin.es\/tienda\/producto\/cuento-solidario-navani-magic-of-english\/","title":{"rendered":"Cuento solidario &#8216;Navani and the magic of English&#8217;"},"content":{"rendered":"","protected":false},"excerpt":{"rendered":"<p>El cuento infantil en ingl\u00e9s\u00a0<em>Navani and the magic of English<\/em>\u00a0forma parte de la tercera entrega de la colecci\u00f3n \u00abSTORIES FOR INDIA\u00bb.\u00a0 Esta es una de las obras resultado del proyecto de los\/as estudiantes del Grado de Maestro en Educaci\u00f3n Primaria e Infantil de UNIZAR. En una de sus asignaturas de la menci\u00f3n en ingl\u00e9s del grado tuvieron que crear material educativo para poder enviar a la guarder\u00eda biling\u00fce que financiamos en Tanakla, India.<\/p>\n","protected":false},"featured_media":2295,"comment_status":"open","ping_status":"closed","template":"","meta":[],"product_brand":[],"product_cat":[33,30,161],"product_tag":[],"class_list":{"0":"post-2294","1":"product","2":"type-product","3":"status-publish","4":"has-post-thumbnail","6":"product_cat-cuentos-solidarios-en-ingles","7":"product_cat-libros","8":"product_cat-stories-for-india-coleccion-iii","10":"first","11":"instock","12":"taxable","13":"shipping-taxable","14":"purchasable","15":"product-type-simple"},"yoast_head":"<!-- This site is optimized with the Yoast SEO plugin v27.3 - https:\/\/yoast.com\/product\/yoast-seo-wordpress\/ -->\n<title>Cuento solidario Navani and the magic of English, en ingl\u00e9s<\/title>\n<meta name=\"description\" content=\"Cuento solidario Navani and the magic of English como proyecto del Grado de Maestro en Educaci\u00f3n Primaria e Infantil de la Universidad de Zaragoza.\" \/>\n<meta name=\"robots\" content=\"index, follow, max-snippet:-1, max-image-preview:large, max-video-preview:-1\" \/>\n<link rel=\"canonical\" href=\"https:\/\/fundacionisabelmartin.es\/tienda\/producto\/cuento-solidario-navani-magic-of-english\/\" \/>\n<meta property=\"og:locale\" content=\"es_ES\" \/>\n<meta property=\"og:type\" content=\"article\" \/>\n<meta property=\"og:title\" content=\"Cuento solidario Navani and the magic of English, en ingl\u00e9s\" \/>\n<meta property=\"og:description\" content=\"Cuento solidario Navani and the magic of English como proyecto del Grado de Maestro en Educaci\u00f3n Primaria e Infantil de la Universidad de Zaragoza.\" \/>\n<meta property=\"og:url\" content=\"https:\/\/fundacionisabelmartin.es\/tienda\/producto\/cuento-solidario-navani-magic-of-english\/\" \/>\n<meta property=\"og:site_name\" content=\"Fundaci\u00f3n Isabel Mart\u00edn\" \/>\n<meta property=\"article:publisher\" content=\"https:\/\/www.facebook.com\/OngIsabelMartin\" \/>\n<meta property=\"article:modified_time\" content=\"2026-04-05T02:26:13+00:00\" \/>\n<meta property=\"og:image\" content=\"https:\/\/fundacionisabelmartin.es\/tienda\/wp-content\/uploads\/2021\/11\/NAVANI.jpg\" \/>\n\t<meta property=\"og:image:width\" content=\"2448\" \/>\n\t<meta property=\"og:image:height\" content=\"2448\" \/>\n\t<meta property=\"og:image:type\" content=\"image\/jpeg\" \/>\n<meta name=\"twitter:card\" content=\"summary_large_image\" \/>\n<meta name=\"twitter:site\" content=\"@ongisabelmartin\" \/>\n<meta name=\"twitter:label1\" content=\"Precio\" \/>\n\t<meta name=\"twitter:data1\" content=\"5,00&euro; IVA Incluido\" \/>\n\t<meta name=\"twitter:label2\" content=\"Disponibilidad\" \/>\n\t<meta name=\"twitter:data2\" content=\"Disponible\" \/>\n<script type=\"application\/ld+json\" class=\"yoast-schema-graph\">{\"@context\":\"https:\\\/\\\/schema.org\",\"@graph\":[{\"@type\":[\"WebPage\",\"ItemPage\"],\"@id\":\"https:\\\/\\\/fundacionisabelmartin.es\\\/tienda\\\/producto\\\/cuento-solidario-navani-magic-of-english\\\/\",\"url\":\"https:\\\/\\\/fundacionisabelmartin.es\\\/tienda\\\/producto\\\/cuento-solidario-navani-magic-of-english\\\/\",\"name\":\"Cuento solidario Navani and the magic of English, en ingl\u00e9s\",\"isPartOf\":{\"@id\":\"https:\\\/\\\/fundacionisabelmartin.es\\\/tienda\\\/#website\"},\"primaryImageOfPage\":{\"@id\":\"https:\\\/\\\/fundacionisabelmartin.es\\\/tienda\\\/producto\\\/cuento-solidario-navani-magic-of-english\\\/#primaryimage\"},\"image\":{\"@id\":\"https:\\\/\\\/fundacionisabelmartin.es\\\/tienda\\\/producto\\\/cuento-solidario-navani-magic-of-english\\\/#primaryimage\"},\"thumbnailUrl\":\"https:\\\/\\\/fundacionisabelmartin.es\\\/tienda\\\/wp-content\\\/uploads\\\/2021\\\/11\\\/NAVANI.jpg\",\"datePublished\":\"2021-11-02T09:25:50+00:00\",\"dateModified\":\"2026-04-05T02:26:13+00:00\",\"description\":\"Cuento solidario Navani and the magic of English como proyecto del Grado de Maestro en Educaci\u00f3n Primaria e Infantil de la Universidad de Zaragoza.\",\"breadcrumb\":{\"@id\":\"https:\\\/\\\/fundacionisabelmartin.es\\\/tienda\\\/producto\\\/cuento-solidario-navani-magic-of-english\\\/#breadcrumb\"},\"inLanguage\":\"es\",\"potentialAction\":[{\"@type\":\"ReadAction\",\"target\":[\"https:\\\/\\\/fundacionisabelmartin.es\\\/tienda\\\/producto\\\/cuento-solidario-navani-magic-of-english\\\/\"]}]},{\"@type\":\"ImageObject\",\"inLanguage\":\"es\",\"@id\":\"https:\\\/\\\/fundacionisabelmartin.es\\\/tienda\\\/producto\\\/cuento-solidario-navani-magic-of-english\\\/#primaryimage\",\"url\":\"https:\\\/\\\/fundacionisabelmartin.es\\\/tienda\\\/wp-content\\\/uploads\\\/2021\\\/11\\\/NAVANI.jpg\",\"contentUrl\":\"https:\\\/\\\/fundacionisabelmartin.es\\\/tienda\\\/wp-content\\\/uploads\\\/2021\\\/11\\\/NAVANI.jpg\",\"width\":2448,\"height\":2448,\"caption\":\"Cuento solidario en ingl\u00e9s Navani\"},{\"@type\":\"BreadcrumbList\",\"@id\":\"https:\\\/\\\/fundacionisabelmartin.es\\\/tienda\\\/producto\\\/cuento-solidario-navani-magic-of-english\\\/#breadcrumb\",\"itemListElement\":[{\"@type\":\"ListItem\",\"position\":1,\"name\":\"Portada\",\"item\":\"https:\\\/\\\/fundacionisabelmartin.es\\\/tienda\\\/\"},{\"@type\":\"ListItem\",\"position\":2,\"name\":\"Cat\u00e1logo de productos de la Fundaci\u00f3n Isabel Mart\u00edn\",\"item\":\"https:\\\/\\\/fundacionisabelmartin.es\\\/tienda\\\/\"},{\"@type\":\"ListItem\",\"position\":3,\"name\":\"Cuento solidario &#8216;Navani and the magic of English&#8217;\"}]},{\"@type\":\"WebSite\",\"@id\":\"https:\\\/\\\/fundacionisabelmartin.es\\\/tienda\\\/#website\",\"url\":\"https:\\\/\\\/fundacionisabelmartin.es\\\/tienda\\\/\",\"name\":\"FUNDACI\u00d3N ISABEL MARTIN | TIENDA\",\"description\":\"La tienda de la Fundaci\u00f3n Isabel Mart\u00edn ofrece productos de Comercio Justo y Solidarios con el objetivo de financiar los proyectos de Cooperaci\u00f3n al Desarrollo que financiamos en varios pa\u00edses del sur, centrados en el empoderamiento de las mujeres y la infancia desprotegida.\",\"publisher\":{\"@id\":\"https:\\\/\\\/fundacionisabelmartin.es\\\/tienda\\\/#organization\"},\"potentialAction\":[{\"@type\":\"SearchAction\",\"target\":{\"@type\":\"EntryPoint\",\"urlTemplate\":\"https:\\\/\\\/fundacionisabelmartin.es\\\/tienda\\\/?s={search_term_string}\"},\"query-input\":{\"@type\":\"PropertyValueSpecification\",\"valueRequired\":true,\"valueName\":\"search_term_string\"}}],\"inLanguage\":\"es\"},{\"@type\":\"Organization\",\"@id\":\"https:\\\/\\\/fundacionisabelmartin.es\\\/tienda\\\/#organization\",\"name\":\"Fundaci\u00f3n Isabel Mart\u00edn\",\"url\":\"https:\\\/\\\/fundacionisabelmartin.es\\\/tienda\\\/\",\"logo\":{\"@type\":\"ImageObject\",\"inLanguage\":\"es\",\"@id\":\"https:\\\/\\\/fundacionisabelmartin.es\\\/tienda\\\/#\\\/schema\\\/logo\\\/image\\\/\",\"url\":\"https:\\\/\\\/fundacionisabelmartin.es\\\/tienda\\\/wp-content\\\/uploads\\\/2018\\\/04\\\/ISABEL-MARTIN-LOGO-FINAL.png\",\"contentUrl\":\"https:\\\/\\\/fundacionisabelmartin.es\\\/tienda\\\/wp-content\\\/uploads\\\/2018\\\/04\\\/ISABEL-MARTIN-LOGO-FINAL.png\",\"width\":1153,\"height\":496,\"caption\":\"Fundaci\u00f3n Isabel Mart\u00edn\"},\"image\":{\"@id\":\"https:\\\/\\\/fundacionisabelmartin.es\\\/tienda\\\/#\\\/schema\\\/logo\\\/image\\\/\"},\"sameAs\":[\"https:\\\/\\\/www.facebook.com\\\/OngIsabelMartin\",\"https:\\\/\\\/x.com\\\/ongisabelmartin\",\"https:\\\/\\\/fundacionisabelmartin.es\\\/tienda\",\"https:\\\/\\\/www.linkedin.com\\\/company\\\/10593946\",\"https:\\\/\\\/www.youtube.com\\\/channel\\\/UCibqwKMVjaAmuWXoBF3edkQ\",\"https:\\\/\\\/www.instagram.com\\\/ongisabelmartin\\\/\"]}]}<\/script>\n<meta property=\"product:brand\" content=\"simple\" \/>\n<meta property=\"product:price:amount\" content=\"5.00\" \/>\n<meta property=\"product:price:currency\" content=\"EUR\" \/>\n<meta property=\"og:availability\" content=\"instock\" \/>\n<meta property=\"product:availability\" content=\"instock\" \/>\n<meta property=\"product:retailer_item_id\" content=\"FIM-CU-11\" \/>\n<meta property=\"product:condition\" content=\"new\" \/>\n<!-- \/ Yoast SEO plugin. -->","yoast_head_json":{"title":"Cuento solidario Navani and the magic of English, en ingl\u00e9s","description":"Cuento solidario Navani and the magic of English como proyecto del Grado de Maestro en Educaci\u00f3n Primaria e Infantil de la Universidad de Zaragoza.","robots":{"index":"index","follow":"follow","max-snippet":"max-snippet:-1","max-image-preview":"max-image-preview:large","max-video-preview":"max-video-preview:-1"},"canonical":"https:\/\/fundacionisabelmartin.es\/tienda\/producto\/cuento-solidario-navani-magic-of-english\/","og_locale":"es_ES","og_type":"article","og_title":"Cuento solidario Navani and the magic of English, en ingl\u00e9s","og_description":"Cuento solidario Navani and the magic of English como proyecto del Grado de Maestro en Educaci\u00f3n Primaria e Infantil de la Universidad de Zaragoza.","og_url":"https:\/\/fundacionisabelmartin.es\/tienda\/producto\/cuento-solidario-navani-magic-of-english\/","og_site_name":"Fundaci\u00f3n Isabel Mart\u00edn","article_publisher":"https:\/\/www.facebook.com\/OngIsabelMartin","article_modified_time":"2026-04-05T02:26:13+00:00","og_image":[{"width":2448,"height":2448,"url":"https:\/\/fundacionisabelmartin.es\/tienda\/wp-content\/uploads\/2021\/11\/NAVANI.jpg","type":"image\/jpeg"}],"twitter_card":"summary_large_image","twitter_site":"@ongisabelmartin","twitter_misc":{"Precio":"5,00&euro; IVA Incluido","Disponibilidad":"Disponible"},"schema":{"@context":"https:\/\/schema.org","@graph":[{"@type":["WebPage","ItemPage"],"@id":"https:\/\/fundacionisabelmartin.es\/tienda\/producto\/cuento-solidario-navani-magic-of-english\/","url":"https:\/\/fundacionisabelmartin.es\/tienda\/producto\/cuento-solidario-navani-magic-of-english\/","name":"Cuento solidario Navani and the magic of English, en ingl\u00e9s","isPartOf":{"@id":"https:\/\/fundacionisabelmartin.es\/tienda\/#website"},"primaryImageOfPage":{"@id":"https:\/\/fundacionisabelmartin.es\/tienda\/producto\/cuento-solidario-navani-magic-of-english\/#primaryimage"},"image":{"@id":"https:\/\/fundacionisabelmartin.es\/tienda\/producto\/cuento-solidario-navani-magic-of-english\/#primaryimage"},"thumbnailUrl":"https:\/\/fundacionisabelmartin.es\/tienda\/wp-content\/uploads\/2021\/11\/NAVANI.jpg","datePublished":"2021-11-02T09:25:50+00:00","dateModified":"2026-04-05T02:26:13+00:00","description":"Cuento solidario Navani and the magic of English como proyecto del Grado de Maestro en Educaci\u00f3n Primaria e Infantil de la Universidad de Zaragoza.","breadcrumb":{"@id":"https:\/\/fundacionisabelmartin.es\/tienda\/producto\/cuento-solidario-navani-magic-of-english\/#breadcrumb"},"inLanguage":"es","potentialAction":[{"@type":"ReadAction","target":["https:\/\/fundacionisabelmartin.es\/tienda\/producto\/cuento-solidario-navani-magic-of-english\/"]}]},{"@type":"ImageObject","inLanguage":"es","@id":"https:\/\/fundacionisabelmartin.es\/tienda\/producto\/cuento-solidario-navani-magic-of-english\/#primaryimage","url":"https:\/\/fundacionisabelmartin.es\/tienda\/wp-content\/uploads\/2021\/11\/NAVANI.jpg","contentUrl":"https:\/\/fundacionisabelmartin.es\/tienda\/wp-content\/uploads\/2021\/11\/NAVANI.jpg","width":2448,"height":2448,"caption":"Cuento solidario en ingl\u00e9s Navani"},{"@type":"BreadcrumbList","@id":"https:\/\/fundacionisabelmartin.es\/tienda\/producto\/cuento-solidario-navani-magic-of-english\/#breadcrumb","itemListElement":[{"@type":"ListItem","position":1,"name":"Portada","item":"https:\/\/fundacionisabelmartin.es\/tienda\/"},{"@type":"ListItem","position":2,"name":"Cat\u00e1logo de productos de la Fundaci\u00f3n Isabel Mart\u00edn","item":"https:\/\/fundacionisabelmartin.es\/tienda\/"},{"@type":"ListItem","position":3,"name":"Cuento solidario &#8216;Navani and the magic of English&#8217;"}]},{"@type":"WebSite","@id":"https:\/\/fundacionisabelmartin.es\/tienda\/#website","url":"https:\/\/fundacionisabelmartin.es\/tienda\/","name":"FUNDACI\u00d3N ISABEL MARTIN | TIENDA","description":"La tienda de la Fundaci\u00f3n Isabel Mart\u00edn ofrece productos de Comercio Justo y Solidarios con el objetivo de financiar los proyectos de Cooperaci\u00f3n al Desarrollo que financiamos en varios pa\u00edses del sur, centrados en el empoderamiento de las mujeres y la infancia desprotegida.","publisher":{"@id":"https:\/\/fundacionisabelmartin.es\/tienda\/#organization"},"potentialAction":[{"@type":"SearchAction","target":{"@type":"EntryPoint","urlTemplate":"https:\/\/fundacionisabelmartin.es\/tienda\/?s={search_term_string}"},"query-input":{"@type":"PropertyValueSpecification","valueRequired":true,"valueName":"search_term_string"}}],"inLanguage":"es"},{"@type":"Organization","@id":"https:\/\/fundacionisabelmartin.es\/tienda\/#organization","name":"Fundaci\u00f3n Isabel Mart\u00edn","url":"https:\/\/fundacionisabelmartin.es\/tienda\/","logo":{"@type":"ImageObject","inLanguage":"es","@id":"https:\/\/fundacionisabelmartin.es\/tienda\/#\/schema\/logo\/image\/","url":"https:\/\/fundacionisabelmartin.es\/tienda\/wp-content\/uploads\/2018\/04\/ISABEL-MARTIN-LOGO-FINAL.png","contentUrl":"https:\/\/fundacionisabelmartin.es\/tienda\/wp-content\/uploads\/2018\/04\/ISABEL-MARTIN-LOGO-FINAL.png","width":1153,"height":496,"caption":"Fundaci\u00f3n Isabel Mart\u00edn"},"image":{"@id":"https:\/\/fundacionisabelmartin.es\/tienda\/#\/schema\/logo\/image\/"},"sameAs":["https:\/\/www.facebook.com\/OngIsabelMartin","https:\/\/x.com\/ongisabelmartin","https:\/\/fundacionisabelmartin.es\/tienda","https:\/\/www.linkedin.com\/company\/10593946","https:\/\/www.youtube.com\/channel\/UCibqwKMVjaAmuWXoBF3edkQ","https:\/\/www.instagram.com\/ongisabelmartin\/"]}]},"product_brand":"simple","product_price_amount":"5.00","product_price_currency":"EUR","og_availability":"instock","product_availability":"instock","product_retailer_item_id":"FIM-CU-11","product_condition":"new"},"_links":{"self":[{"href":"https:\/\/fundacionisabelmartin.es\/tienda\/wp-json\/wp\/v2\/product\/2294","targetHints":{"allow":["GET"]}}],"collection":[{"href":"https:\/\/fundacionisabelmartin.es\/tienda\/wp-json\/wp\/v2\/product"}],"about":[{"href":"https:\/\/fundacionisabelmartin.es\/tienda\/wp-json\/wp\/v2\/types\/product"}],"replies":[{"embeddable":true,"href":"https:\/\/fundacionisabelmartin.es\/tienda\/wp-json\/wp\/v2\/comments?post=2294"}],"wp:featuredmedia":[{"embeddable":true,"href":"https:\/\/fundacionisabelmartin.es\/tienda\/wp-json\/wp\/v2\/media\/2295"}],"wp:attachment":[{"href":"https:\/\/fundacionisabelmartin.es\/tienda\/wp-json\/wp\/v2\/media?parent=2294"}],"wp:term":[{"taxonomy":"product_brand","embeddable":true,"href":"https:\/\/fundacionisabelmartin.es\/tienda\/wp-json\/wp\/v2\/product_brand?post=2294"},{"taxonomy":"product_cat","embeddable":true,"href":"https:\/\/fundacionisabelmartin.es\/tienda\/wp-json\/wp\/v2\/product_cat?post=2294"},{"taxonomy":"product_tag","embeddable":true,"href":"https:\/\/fundacionisabelmartin.es\/tienda\/wp-json\/wp\/v2\/product_tag?post=2294"}],"curies":[{"name":"wp","href":"https:\/\/api.w.org\/{rel}","templated":true}]}}