{"id":3003,"date":"2022-09-08T12:23:59","date_gmt":"2022-09-08T10:23:59","guid":{"rendered":"https:\/\/fundacionisabelmartin.es\/tienda\/?post_type=product&#038;p=3003"},"modified":"2026-04-14T16:22:24","modified_gmt":"2026-04-14T14:22:24","slug":"tote-bag-superpoder-alimentos-de-algodon-organico-copia","status":"publish","type":"product","link":"https:\/\/fundacionisabelmartin.es\/tienda\/producto\/tote-bag-superpoder-alimentos-de-algodon-organico-copia\/","title":{"rendered":"Tote Bag &#8216;Superpoder alimentos&#8217; de algod\u00f3n org\u00e1nico"},"content":{"rendered":"<p>Tote Bag &#8216;Superpoder alimentos&#8217; de algod\u00f3n org\u00e1nico | Dise\u00f1o en impresi\u00f3n digital &#8220;Yo soy ma\u00f1a\/o, cu\u00e1l es tu superpoder&#8221;<\/p>\n<p>Bolsa de lona recia &#8211; Natural (sin te\u00f1ir)<\/p>\n<p>Medidas: 35cm x 40cm<\/p>\n<p>Asas: 35 cm (70 cm)<\/p>\n<p>Composici\u00f3n: 100% algod\u00f3n org\u00e1nico<\/p>\n<p>Gramaje: 220 gsm<\/p>\n<p><span class=\"s1\"><b>COMERCIO JUSTO CERTIFICADO<\/b><\/span><\/p>\n<p>*<span class=\"s1\">\u00a0<\/span>Cuidados: El algod\u00f3n de nuestras bolsas es en crudo (sin te\u00f1ir), por este motivo, encogen aproximadamente 1,5 cm con el primer lavado. Recomendamos limpiar con un pa\u00f1o humedecido, o en caso de necesitarlo, lavar a mano con agua fr\u00eda.<\/p>\n<p><span class=\"s1\">**\u00a0Todos nuestros productos est\u00e1n\u00a0<b>hechos a mano<\/b>, por este motivo cualquier m\u00ednima variaci\u00f3n con las im\u00e1genes o entre\u00a0ellos no es considerado un\u00a0defecto, sino parte de su encanto.<\/span><\/p>\n","protected":false},"excerpt":{"rendered":"<p>Tote Bag &#8216;Superpoder alimentos&#8217; de algod\u00f3n org\u00e1nico con la frase &#8216;Yo soy ma\u00f1a\/o, \u00bfcu\u00e1l es t\u00fa superpoder?&#8217; acompa\u00f1ada de alimentos t\u00edpicos de Arag\u00f3n. Mira el resto de ilustraciones y dise\u00f1os de la nueva l\u00ednea de productos #LaCiercera que te ofrecemos. \u00a1Dale un toque ma\u00f1o y original a tu estilo!<\/p>\n","protected":false},"featured_media":3009,"comment_status":"open","ping_status":"closed","template":"","meta":[],"product_brand":[],"product_cat":[154,216,207,16],"product_tag":[145,135,148,147],"class_list":{"0":"post-3003","1":"product","2":"type-product","3":"status-publish","4":"has-post-thumbnail","6":"product_cat-bolsas-laciercera","7":"product_cat-bolsicas-laciercera","8":"product_cat-coleccion-la-ciercera","9":"product_cat-accesorios","10":"product_tag-bolsa-comercio-justo","11":"product_tag-bolsa-eco","12":"product_tag-bolsas-perzonalizar","13":"product_tag-bolsas-tote","15":"first","16":"instock","17":"featured","18":"taxable","19":"shipping-taxable","20":"purchasable","21":"product-type-variable"},"yoast_head":"<!-- This site is optimized with the Yoast SEO plugin v27.4 - https:\/\/yoast.com\/product\/yoast-seo-wordpress\/ -->\n<title>Tote Bag &#039;Superpoder alimentos&#039; de algod\u00f3n org\u00e1nico<\/title>\n<meta name=\"description\" content=\"Tote Bag &#039;Superpoder alimentos de algod\u00f3n org\u00e1nico. Mira el resto de dise\u00f1os de #LaCiercera y dale un toque ma\u00f1o y original a tu estilo.\" \/>\n<meta name=\"robots\" content=\"index, follow, max-snippet:-1, max-image-preview:large, max-video-preview:-1\" \/>\n<link rel=\"canonical\" href=\"https:\/\/fundacionisabelmartin.es\/tienda\/producto\/tote-bag-superpoder-alimentos-de-algodon-organico-copia\/\" \/>\n<meta property=\"og:locale\" content=\"es_ES\" \/>\n<meta property=\"og:type\" content=\"article\" \/>\n<meta property=\"og:title\" content=\"Tote Bag &#039;Superpoder alimentos&#039; de algod\u00f3n org\u00e1nico\" \/>\n<meta property=\"og:description\" content=\"Tote Bag &#039;Superpoder alimentos de algod\u00f3n org\u00e1nico. Mira el resto de dise\u00f1os de #LaCiercera y dale un toque ma\u00f1o y original a tu estilo.\" \/>\n<meta property=\"og:url\" content=\"https:\/\/fundacionisabelmartin.es\/tienda\/producto\/tote-bag-superpoder-alimentos-de-algodon-organico-copia\/\" \/>\n<meta property=\"og:site_name\" content=\"Fundaci\u00f3n Isabel Mart\u00edn\" \/>\n<meta property=\"article:publisher\" content=\"https:\/\/www.facebook.com\/OngIsabelMartin\" \/>\n<meta property=\"article:modified_time\" content=\"2026-04-14T14:22:24+00:00\" \/>\n<meta property=\"og:image\" content=\"https:\/\/fundacionisabelmartin.es\/tienda\/wp-content\/uploads\/2022\/09\/Disen\u0303o-sin-ti\u0301tulo-7.jpeg\" \/>\n\t<meta property=\"og:image:width\" content=\"1080\" \/>\n\t<meta property=\"og:image:height\" content=\"1080\" \/>\n\t<meta property=\"og:image:type\" content=\"image\/jpeg\" \/>\n<meta name=\"twitter:card\" content=\"summary_large_image\" \/>\n<meta name=\"twitter:site\" content=\"@ongisabelmartin\" \/>\n<meta name=\"twitter:label1\" content=\"Disponibilidad\" \/>\n\t<meta name=\"twitter:data1\" content=\"Disponible\" \/>\n<script type=\"application\/ld+json\" class=\"yoast-schema-graph\">{\"@context\":\"https:\\\/\\\/schema.org\",\"@graph\":[{\"@type\":[\"WebPage\",\"ItemPage\"],\"@id\":\"https:\\\/\\\/fundacionisabelmartin.es\\\/tienda\\\/producto\\\/tote-bag-superpoder-alimentos-de-algodon-organico-copia\\\/\",\"url\":\"https:\\\/\\\/fundacionisabelmartin.es\\\/tienda\\\/producto\\\/tote-bag-superpoder-alimentos-de-algodon-organico-copia\\\/\",\"name\":\"Tote Bag 'Superpoder alimentos' de algod\u00f3n org\u00e1nico\",\"isPartOf\":{\"@id\":\"https:\\\/\\\/fundacionisabelmartin.es\\\/tienda\\\/#website\"},\"primaryImageOfPage\":{\"@id\":\"https:\\\/\\\/fundacionisabelmartin.es\\\/tienda\\\/producto\\\/tote-bag-superpoder-alimentos-de-algodon-organico-copia\\\/#primaryimage\"},\"image\":{\"@id\":\"https:\\\/\\\/fundacionisabelmartin.es\\\/tienda\\\/producto\\\/tote-bag-superpoder-alimentos-de-algodon-organico-copia\\\/#primaryimage\"},\"thumbnailUrl\":\"https:\\\/\\\/fundacionisabelmartin.es\\\/tienda\\\/wp-content\\\/uploads\\\/2022\\\/09\\\/Disen\u0303o-sin-ti\u0301tulo-7.jpeg\",\"datePublished\":\"2022-09-08T10:23:59+00:00\",\"dateModified\":\"2026-04-14T14:22:24+00:00\",\"description\":\"Tote Bag 'Superpoder alimentos de algod\u00f3n org\u00e1nico. Mira el resto de dise\u00f1os de #LaCiercera y dale un toque ma\u00f1o y original a tu estilo.\",\"breadcrumb\":{\"@id\":\"https:\\\/\\\/fundacionisabelmartin.es\\\/tienda\\\/producto\\\/tote-bag-superpoder-alimentos-de-algodon-organico-copia\\\/#breadcrumb\"},\"inLanguage\":\"es\",\"potentialAction\":[{\"@type\":\"ReadAction\",\"target\":[\"https:\\\/\\\/fundacionisabelmartin.es\\\/tienda\\\/producto\\\/tote-bag-superpoder-alimentos-de-algodon-organico-copia\\\/\"]}]},{\"@type\":\"ImageObject\",\"inLanguage\":\"es\",\"@id\":\"https:\\\/\\\/fundacionisabelmartin.es\\\/tienda\\\/producto\\\/tote-bag-superpoder-alimentos-de-algodon-organico-copia\\\/#primaryimage\",\"url\":\"https:\\\/\\\/fundacionisabelmartin.es\\\/tienda\\\/wp-content\\\/uploads\\\/2022\\\/09\\\/Disen\u0303o-sin-ti\u0301tulo-7.jpeg\",\"contentUrl\":\"https:\\\/\\\/fundacionisabelmartin.es\\\/tienda\\\/wp-content\\\/uploads\\\/2022\\\/09\\\/Disen\u0303o-sin-ti\u0301tulo-7.jpeg\",\"width\":1080,\"height\":1080},{\"@type\":\"BreadcrumbList\",\"@id\":\"https:\\\/\\\/fundacionisabelmartin.es\\\/tienda\\\/producto\\\/tote-bag-superpoder-alimentos-de-algodon-organico-copia\\\/#breadcrumb\",\"itemListElement\":[{\"@type\":\"ListItem\",\"position\":1,\"name\":\"Portada\",\"item\":\"https:\\\/\\\/fundacionisabelmartin.es\\\/tienda\\\/\"},{\"@type\":\"ListItem\",\"position\":2,\"name\":\"Cat\u00e1logo de productos de la Fundaci\u00f3n Isabel Mart\u00edn\",\"item\":\"https:\\\/\\\/fundacionisabelmartin.es\\\/tienda\\\/\"},{\"@type\":\"ListItem\",\"position\":3,\"name\":\"Tote Bag &#8216;Superpoder alimentos&#8217; de algod\u00f3n org\u00e1nico\"}]},{\"@type\":\"WebSite\",\"@id\":\"https:\\\/\\\/fundacionisabelmartin.es\\\/tienda\\\/#website\",\"url\":\"https:\\\/\\\/fundacionisabelmartin.es\\\/tienda\\\/\",\"name\":\"FUNDACI\u00d3N ISABEL MARTIN | TIENDA\",\"description\":\"La tienda de la Fundaci\u00f3n Isabel Mart\u00edn ofrece productos de Comercio Justo y Solidarios con el objetivo de financiar los proyectos de Cooperaci\u00f3n al Desarrollo que financiamos en varios pa\u00edses del sur, centrados en el empoderamiento de las mujeres y la infancia desprotegida.\",\"publisher\":{\"@id\":\"https:\\\/\\\/fundacionisabelmartin.es\\\/tienda\\\/#organization\"},\"potentialAction\":[{\"@type\":\"SearchAction\",\"target\":{\"@type\":\"EntryPoint\",\"urlTemplate\":\"https:\\\/\\\/fundacionisabelmartin.es\\\/tienda\\\/?s={search_term_string}\"},\"query-input\":{\"@type\":\"PropertyValueSpecification\",\"valueRequired\":true,\"valueName\":\"search_term_string\"}}],\"inLanguage\":\"es\"},{\"@type\":\"Organization\",\"@id\":\"https:\\\/\\\/fundacionisabelmartin.es\\\/tienda\\\/#organization\",\"name\":\"Fundaci\u00f3n Isabel Mart\u00edn\",\"url\":\"https:\\\/\\\/fundacionisabelmartin.es\\\/tienda\\\/\",\"logo\":{\"@type\":\"ImageObject\",\"inLanguage\":\"es\",\"@id\":\"https:\\\/\\\/fundacionisabelmartin.es\\\/tienda\\\/#\\\/schema\\\/logo\\\/image\\\/\",\"url\":\"https:\\\/\\\/fundacionisabelmartin.es\\\/tienda\\\/wp-content\\\/uploads\\\/2018\\\/04\\\/ISABEL-MARTIN-LOGO-FINAL.png\",\"contentUrl\":\"https:\\\/\\\/fundacionisabelmartin.es\\\/tienda\\\/wp-content\\\/uploads\\\/2018\\\/04\\\/ISABEL-MARTIN-LOGO-FINAL.png\",\"width\":1153,\"height\":496,\"caption\":\"Fundaci\u00f3n Isabel Mart\u00edn\"},\"image\":{\"@id\":\"https:\\\/\\\/fundacionisabelmartin.es\\\/tienda\\\/#\\\/schema\\\/logo\\\/image\\\/\"},\"sameAs\":[\"https:\\\/\\\/www.facebook.com\\\/OngIsabelMartin\",\"https:\\\/\\\/x.com\\\/ongisabelmartin\",\"https:\\\/\\\/fundacionisabelmartin.es\\\/tienda\",\"https:\\\/\\\/www.linkedin.com\\\/company\\\/10593946\",\"https:\\\/\\\/www.youtube.com\\\/channel\\\/UCibqwKMVjaAmuWXoBF3edkQ\",\"https:\\\/\\\/www.instagram.com\\\/ongisabelmartin\\\/\"]}]}<\/script>\n<meta property=\"product:brand\" content=\"variable\" \/>\n<meta property=\"og:availability\" content=\"instock\" \/>\n<meta property=\"product:availability\" content=\"instock\" \/>\n<meta property=\"product:condition\" content=\"new\" \/>\n<!-- \/ Yoast SEO plugin. -->","yoast_head_json":{"title":"Tote Bag 'Superpoder alimentos' de algod\u00f3n org\u00e1nico","description":"Tote Bag 'Superpoder alimentos de algod\u00f3n org\u00e1nico. Mira el resto de dise\u00f1os de #LaCiercera y dale un toque ma\u00f1o y original a tu estilo.","robots":{"index":"index","follow":"follow","max-snippet":"max-snippet:-1","max-image-preview":"max-image-preview:large","max-video-preview":"max-video-preview:-1"},"canonical":"https:\/\/fundacionisabelmartin.es\/tienda\/producto\/tote-bag-superpoder-alimentos-de-algodon-organico-copia\/","og_locale":"es_ES","og_type":"article","og_title":"Tote Bag 'Superpoder alimentos' de algod\u00f3n org\u00e1nico","og_description":"Tote Bag 'Superpoder alimentos de algod\u00f3n org\u00e1nico. Mira el resto de dise\u00f1os de #LaCiercera y dale un toque ma\u00f1o y original a tu estilo.","og_url":"https:\/\/fundacionisabelmartin.es\/tienda\/producto\/tote-bag-superpoder-alimentos-de-algodon-organico-copia\/","og_site_name":"Fundaci\u00f3n Isabel Mart\u00edn","article_publisher":"https:\/\/www.facebook.com\/OngIsabelMartin","article_modified_time":"2026-04-14T14:22:24+00:00","og_image":[{"width":1080,"height":1080,"url":"https:\/\/fundacionisabelmartin.es\/tienda\/wp-content\/uploads\/2022\/09\/Disen\u0303o-sin-ti\u0301tulo-7.jpeg","type":"image\/jpeg"}],"twitter_card":"summary_large_image","twitter_site":"@ongisabelmartin","twitter_misc":{"Disponibilidad":"Disponible"},"schema":{"@context":"https:\/\/schema.org","@graph":[{"@type":["WebPage","ItemPage"],"@id":"https:\/\/fundacionisabelmartin.es\/tienda\/producto\/tote-bag-superpoder-alimentos-de-algodon-organico-copia\/","url":"https:\/\/fundacionisabelmartin.es\/tienda\/producto\/tote-bag-superpoder-alimentos-de-algodon-organico-copia\/","name":"Tote Bag 'Superpoder alimentos' de algod\u00f3n org\u00e1nico","isPartOf":{"@id":"https:\/\/fundacionisabelmartin.es\/tienda\/#website"},"primaryImageOfPage":{"@id":"https:\/\/fundacionisabelmartin.es\/tienda\/producto\/tote-bag-superpoder-alimentos-de-algodon-organico-copia\/#primaryimage"},"image":{"@id":"https:\/\/fundacionisabelmartin.es\/tienda\/producto\/tote-bag-superpoder-alimentos-de-algodon-organico-copia\/#primaryimage"},"thumbnailUrl":"https:\/\/fundacionisabelmartin.es\/tienda\/wp-content\/uploads\/2022\/09\/Disen\u0303o-sin-ti\u0301tulo-7.jpeg","datePublished":"2022-09-08T10:23:59+00:00","dateModified":"2026-04-14T14:22:24+00:00","description":"Tote Bag 'Superpoder alimentos de algod\u00f3n org\u00e1nico. Mira el resto de dise\u00f1os de #LaCiercera y dale un toque ma\u00f1o y original a tu estilo.","breadcrumb":{"@id":"https:\/\/fundacionisabelmartin.es\/tienda\/producto\/tote-bag-superpoder-alimentos-de-algodon-organico-copia\/#breadcrumb"},"inLanguage":"es","potentialAction":[{"@type":"ReadAction","target":["https:\/\/fundacionisabelmartin.es\/tienda\/producto\/tote-bag-superpoder-alimentos-de-algodon-organico-copia\/"]}]},{"@type":"ImageObject","inLanguage":"es","@id":"https:\/\/fundacionisabelmartin.es\/tienda\/producto\/tote-bag-superpoder-alimentos-de-algodon-organico-copia\/#primaryimage","url":"https:\/\/fundacionisabelmartin.es\/tienda\/wp-content\/uploads\/2022\/09\/Disen\u0303o-sin-ti\u0301tulo-7.jpeg","contentUrl":"https:\/\/fundacionisabelmartin.es\/tienda\/wp-content\/uploads\/2022\/09\/Disen\u0303o-sin-ti\u0301tulo-7.jpeg","width":1080,"height":1080},{"@type":"BreadcrumbList","@id":"https:\/\/fundacionisabelmartin.es\/tienda\/producto\/tote-bag-superpoder-alimentos-de-algodon-organico-copia\/#breadcrumb","itemListElement":[{"@type":"ListItem","position":1,"name":"Portada","item":"https:\/\/fundacionisabelmartin.es\/tienda\/"},{"@type":"ListItem","position":2,"name":"Cat\u00e1logo de productos de la Fundaci\u00f3n Isabel Mart\u00edn","item":"https:\/\/fundacionisabelmartin.es\/tienda\/"},{"@type":"ListItem","position":3,"name":"Tote Bag &#8216;Superpoder alimentos&#8217; de algod\u00f3n org\u00e1nico"}]},{"@type":"WebSite","@id":"https:\/\/fundacionisabelmartin.es\/tienda\/#website","url":"https:\/\/fundacionisabelmartin.es\/tienda\/","name":"FUNDACI\u00d3N ISABEL MARTIN | TIENDA","description":"La tienda de la Fundaci\u00f3n Isabel Mart\u00edn ofrece productos de Comercio Justo y Solidarios con el objetivo de financiar los proyectos de Cooperaci\u00f3n al Desarrollo que financiamos en varios pa\u00edses del sur, centrados en el empoderamiento de las mujeres y la infancia desprotegida.","publisher":{"@id":"https:\/\/fundacionisabelmartin.es\/tienda\/#organization"},"potentialAction":[{"@type":"SearchAction","target":{"@type":"EntryPoint","urlTemplate":"https:\/\/fundacionisabelmartin.es\/tienda\/?s={search_term_string}"},"query-input":{"@type":"PropertyValueSpecification","valueRequired":true,"valueName":"search_term_string"}}],"inLanguage":"es"},{"@type":"Organization","@id":"https:\/\/fundacionisabelmartin.es\/tienda\/#organization","name":"Fundaci\u00f3n Isabel Mart\u00edn","url":"https:\/\/fundacionisabelmartin.es\/tienda\/","logo":{"@type":"ImageObject","inLanguage":"es","@id":"https:\/\/fundacionisabelmartin.es\/tienda\/#\/schema\/logo\/image\/","url":"https:\/\/fundacionisabelmartin.es\/tienda\/wp-content\/uploads\/2018\/04\/ISABEL-MARTIN-LOGO-FINAL.png","contentUrl":"https:\/\/fundacionisabelmartin.es\/tienda\/wp-content\/uploads\/2018\/04\/ISABEL-MARTIN-LOGO-FINAL.png","width":1153,"height":496,"caption":"Fundaci\u00f3n Isabel Mart\u00edn"},"image":{"@id":"https:\/\/fundacionisabelmartin.es\/tienda\/#\/schema\/logo\/image\/"},"sameAs":["https:\/\/www.facebook.com\/OngIsabelMartin","https:\/\/x.com\/ongisabelmartin","https:\/\/fundacionisabelmartin.es\/tienda","https:\/\/www.linkedin.com\/company\/10593946","https:\/\/www.youtube.com\/channel\/UCibqwKMVjaAmuWXoBF3edkQ","https:\/\/www.instagram.com\/ongisabelmartin\/"]}]},"product_brand":"variable","og_availability":"instock","product_availability":"instock","product_condition":"new"},"_links":{"self":[{"href":"https:\/\/fundacionisabelmartin.es\/tienda\/wp-json\/wp\/v2\/product\/3003","targetHints":{"allow":["GET"]}}],"collection":[{"href":"https:\/\/fundacionisabelmartin.es\/tienda\/wp-json\/wp\/v2\/product"}],"about":[{"href":"https:\/\/fundacionisabelmartin.es\/tienda\/wp-json\/wp\/v2\/types\/product"}],"replies":[{"embeddable":true,"href":"https:\/\/fundacionisabelmartin.es\/tienda\/wp-json\/wp\/v2\/comments?post=3003"}],"wp:featuredmedia":[{"embeddable":true,"href":"https:\/\/fundacionisabelmartin.es\/tienda\/wp-json\/wp\/v2\/media\/3009"}],"wp:attachment":[{"href":"https:\/\/fundacionisabelmartin.es\/tienda\/wp-json\/wp\/v2\/media?parent=3003"}],"wp:term":[{"taxonomy":"product_brand","embeddable":true,"href":"https:\/\/fundacionisabelmartin.es\/tienda\/wp-json\/wp\/v2\/product_brand?post=3003"},{"taxonomy":"product_cat","embeddable":true,"href":"https:\/\/fundacionisabelmartin.es\/tienda\/wp-json\/wp\/v2\/product_cat?post=3003"},{"taxonomy":"product_tag","embeddable":true,"href":"https:\/\/fundacionisabelmartin.es\/tienda\/wp-json\/wp\/v2\/product_tag?post=3003"}],"curies":[{"name":"wp","href":"https:\/\/api.w.org\/{rel}","templated":true}]}}