{"id":3307,"date":"2023-09-01T09:24:54","date_gmt":"2023-09-01T07:24:54","guid":{"rendered":"https:\/\/fundacionisabelmartin.es\/tienda\/?post_type=product&#038;p=3307"},"modified":"2025-12-18T14:39:58","modified_gmt":"2025-12-18T13:39:58","slug":"tote-bag-bolsa-de-algodon-organico-con-tres-fuelles-bandra","status":"publish","type":"product","link":"https:\/\/fundacionisabelmartin.es\/tienda\/producto\/tote-bag-bolsa-de-algodon-organico-con-tres-fuelles-bandra\/","title":{"rendered":"Tote Bag &#8211; Bolsa de Algod\u00f3n Org\u00e1nico con tres fuelles"},"content":{"rendered":"<p>Tote Bag &#8211; Bolsa de algod\u00f3n org\u00e1nico con tres fuelles. Perfecta para hacer la compra, bajar a la playa o la piscina.\u00a0 Muy c\u00f3moda, de gran capacidad y resistentes sin renunciar al cuidado del medio ambiente.<\/p>\n<p>Tote bag &#8211; Bolsa de lona\u00a0 &#8211; Natural (sin te\u00f1ir) <strong>con tratamiento anti encogimiento<\/strong><\/p>\n<p>Medidas: 40cm x 13cm x 13cm (an) X 40cm x 13cm (al)<\/p>\n<p>Asas: 28 cm (56cm), aprox<\/p>\n<p>100% algod\u00f3n org\u00e1nico<\/p>\n<p>220 GSM<\/p>\n<p>Color Natural<\/p>\n<p><a href=\"https:\/\/creativehandicrafts.org\/\">COMERCIO JUSTO CERTIFICADO<\/a><\/p>\n<p>CERTIFICADO G.O.T.S. <a href=\"https:\/\/fundacionisabelmartin.es\/tienda\/sobre-nuestros-productos\/\">FABRICANTE<\/a><\/p>\n<p>Fabricado en\u00a0<a href=\"https:\/\/creativehandicrafts.org\/\">Creative Handicrafts<\/a><\/p>\n<p>SI DESEA A\u00d1ADIR SU LOGO SOLICITE PRESUPUESTO EN: <a href=\"mailto:comerciojusto@fundacionisabelmartin.es\">comerciojusto@fundacionisabelmartin.es<\/a><\/p>\n","protected":false},"excerpt":{"rendered":"<p>Tote bag &#8211; Bolsa de lona &#8211; Natural (sin te\u00f1ir)<\/p>\n<p>Medidas: 40cm x 13cm x 13cm (an) X 40cm x 13cm (al)<\/p>\n<p>Asas: 28 cm (56cm), aprox<\/p>\n<p>100% algod\u00f3n org\u00e1nico<\/p>\n<p>220 GSM<\/p>\n<p>Color Natural<\/p>\n<p>COMERCIO JUSTO CERTIFICADO<\/p>\n<p>CERTIFICADO G.O.T.S. FABRICANTE<\/p>\n<p>SI DESEA A\u00d1ADIR SU LOGO SOLICITE PRESUPUESTO EN: <a href=\"mailto:comerciojusto@fundacionisabelmartin.es\">comerciojusto@fundacionisabelmartin.es<\/a><\/p>\n","protected":false},"featured_media":3308,"comment_status":"open","ping_status":"closed","template":"","meta":[],"product_brand":[],"product_cat":[29,16,15],"product_tag":[133,135,134],"class_list":{"0":"post-3307","1":"product","2":"type-product","3":"status-publish","4":"has-post-thumbnail","6":"product_cat-bolsas-lisas","7":"product_cat-accesorios","8":"product_cat-hogar","9":"product_tag-bolsa-compra","10":"product_tag-bolsa-eco","11":"product_tag-bolsa-tote","13":"first","14":"instock","15":"shipping-taxable","16":"purchasable","17":"product-type-simple"},"yoast_head":"<!-- This site is optimized with the Yoast SEO plugin v27.4 - https:\/\/yoast.com\/product\/yoast-seo-wordpress\/ -->\n<title>TOTE BAG - BOLSA DE ALGOD\u00d3N ORG\u00c1NICO CON TRES FUELLES BANDRA<\/title>\n<meta name=\"description\" content=\"Tote Bag - Bolsa de algod\u00f3n org\u00e1nico con fuelle para hacer la compra por su gran capacidad y asas resistentes que permiten llevar mucho peso.\" \/>\n<meta name=\"robots\" content=\"index, follow, max-snippet:-1, max-image-preview:large, max-video-preview:-1\" \/>\n<link rel=\"canonical\" href=\"https:\/\/fundacionisabelmartin.es\/tienda\/producto\/tote-bag-bolsa-de-algodon-organico-con-tres-fuelles-bandra\/\" \/>\n<meta property=\"og:locale\" content=\"es_ES\" \/>\n<meta property=\"og:type\" content=\"article\" \/>\n<meta property=\"og:title\" content=\"TOTE BAG - BOLSA DE ALGOD\u00d3N ORG\u00c1NICO CON TRES FUELLES BANDRA\" \/>\n<meta property=\"og:description\" content=\"Tote Bag - Bolsa de algod\u00f3n org\u00e1nico con fuelle para hacer la compra por su gran capacidad y asas resistentes que permiten llevar mucho peso.\" \/>\n<meta property=\"og:url\" content=\"https:\/\/fundacionisabelmartin.es\/tienda\/producto\/tote-bag-bolsa-de-algodon-organico-con-tres-fuelles-bandra\/\" \/>\n<meta property=\"og:site_name\" content=\"Fundaci\u00f3n Isabel Mart\u00edn\" \/>\n<meta property=\"article:publisher\" content=\"https:\/\/www.facebook.com\/OngIsabelMartin\" \/>\n<meta property=\"article:modified_time\" content=\"2025-12-18T13:39:58+00:00\" \/>\n<meta property=\"og:image\" content=\"https:\/\/fundacionisabelmartin.es\/tienda\/wp-content\/uploads\/2023\/09\/Bandra-fuelle-grande-abierta.png\" \/>\n\t<meta property=\"og:image:width\" content=\"1080\" \/>\n\t<meta property=\"og:image:height\" content=\"1080\" \/>\n\t<meta property=\"og:image:type\" content=\"image\/png\" \/>\n<meta name=\"twitter:card\" content=\"summary_large_image\" \/>\n<meta name=\"twitter:site\" content=\"@ongisabelmartin\" \/>\n<meta name=\"twitter:label1\" content=\"Precio\" \/>\n\t<meta name=\"twitter:data1\" content=\"9,00&euro;\" \/>\n\t<meta name=\"twitter:label2\" content=\"Disponibilidad\" \/>\n\t<meta name=\"twitter:data2\" content=\"Disponible\" \/>\n<script type=\"application\/ld+json\" class=\"yoast-schema-graph\">{\"@context\":\"https:\\\/\\\/schema.org\",\"@graph\":[{\"@type\":[\"WebPage\",\"ItemPage\"],\"@id\":\"https:\\\/\\\/fundacionisabelmartin.es\\\/tienda\\\/producto\\\/tote-bag-bolsa-de-algodon-organico-con-tres-fuelles-bandra\\\/\",\"url\":\"https:\\\/\\\/fundacionisabelmartin.es\\\/tienda\\\/producto\\\/tote-bag-bolsa-de-algodon-organico-con-tres-fuelles-bandra\\\/\",\"name\":\"TOTE BAG - BOLSA DE ALGOD\u00d3N ORG\u00c1NICO CON TRES FUELLES BANDRA\",\"isPartOf\":{\"@id\":\"https:\\\/\\\/fundacionisabelmartin.es\\\/tienda\\\/#website\"},\"primaryImageOfPage\":{\"@id\":\"https:\\\/\\\/fundacionisabelmartin.es\\\/tienda\\\/producto\\\/tote-bag-bolsa-de-algodon-organico-con-tres-fuelles-bandra\\\/#primaryimage\"},\"image\":{\"@id\":\"https:\\\/\\\/fundacionisabelmartin.es\\\/tienda\\\/producto\\\/tote-bag-bolsa-de-algodon-organico-con-tres-fuelles-bandra\\\/#primaryimage\"},\"thumbnailUrl\":\"https:\\\/\\\/fundacionisabelmartin.es\\\/tienda\\\/wp-content\\\/uploads\\\/2023\\\/09\\\/Bandra-fuelle-grande-abierta.png\",\"datePublished\":\"2023-09-01T07:24:54+00:00\",\"dateModified\":\"2025-12-18T13:39:58+00:00\",\"description\":\"Tote Bag - Bolsa de algod\u00f3n org\u00e1nico con fuelle para hacer la compra por su gran capacidad y asas resistentes que permiten llevar mucho peso.\",\"breadcrumb\":{\"@id\":\"https:\\\/\\\/fundacionisabelmartin.es\\\/tienda\\\/producto\\\/tote-bag-bolsa-de-algodon-organico-con-tres-fuelles-bandra\\\/#breadcrumb\"},\"inLanguage\":\"es\",\"potentialAction\":[{\"@type\":\"ReadAction\",\"target\":[\"https:\\\/\\\/fundacionisabelmartin.es\\\/tienda\\\/producto\\\/tote-bag-bolsa-de-algodon-organico-con-tres-fuelles-bandra\\\/\"]}]},{\"@type\":\"ImageObject\",\"inLanguage\":\"es\",\"@id\":\"https:\\\/\\\/fundacionisabelmartin.es\\\/tienda\\\/producto\\\/tote-bag-bolsa-de-algodon-organico-con-tres-fuelles-bandra\\\/#primaryimage\",\"url\":\"https:\\\/\\\/fundacionisabelmartin.es\\\/tienda\\\/wp-content\\\/uploads\\\/2023\\\/09\\\/Bandra-fuelle-grande-abierta.png\",\"contentUrl\":\"https:\\\/\\\/fundacionisabelmartin.es\\\/tienda\\\/wp-content\\\/uploads\\\/2023\\\/09\\\/Bandra-fuelle-grande-abierta.png\",\"width\":1080,\"height\":1080},{\"@type\":\"BreadcrumbList\",\"@id\":\"https:\\\/\\\/fundacionisabelmartin.es\\\/tienda\\\/producto\\\/tote-bag-bolsa-de-algodon-organico-con-tres-fuelles-bandra\\\/#breadcrumb\",\"itemListElement\":[{\"@type\":\"ListItem\",\"position\":1,\"name\":\"Portada\",\"item\":\"https:\\\/\\\/fundacionisabelmartin.es\\\/tienda\\\/\"},{\"@type\":\"ListItem\",\"position\":2,\"name\":\"Cat\u00e1logo de productos de la Fundaci\u00f3n Isabel Mart\u00edn\",\"item\":\"https:\\\/\\\/fundacionisabelmartin.es\\\/tienda\\\/\"},{\"@type\":\"ListItem\",\"position\":3,\"name\":\"Tote Bag &#8211; Bolsa de Algod\u00f3n Org\u00e1nico con tres fuelles\"}]},{\"@type\":\"WebSite\",\"@id\":\"https:\\\/\\\/fundacionisabelmartin.es\\\/tienda\\\/#website\",\"url\":\"https:\\\/\\\/fundacionisabelmartin.es\\\/tienda\\\/\",\"name\":\"FUNDACI\u00d3N ISABEL MARTIN | TIENDA\",\"description\":\"La tienda de la Fundaci\u00f3n Isabel Mart\u00edn ofrece productos de Comercio Justo y Solidarios con el objetivo de financiar los proyectos de Cooperaci\u00f3n al Desarrollo que financiamos en varios pa\u00edses del sur, centrados en el empoderamiento de las mujeres y la infancia desprotegida.\",\"publisher\":{\"@id\":\"https:\\\/\\\/fundacionisabelmartin.es\\\/tienda\\\/#organization\"},\"potentialAction\":[{\"@type\":\"SearchAction\",\"target\":{\"@type\":\"EntryPoint\",\"urlTemplate\":\"https:\\\/\\\/fundacionisabelmartin.es\\\/tienda\\\/?s={search_term_string}\"},\"query-input\":{\"@type\":\"PropertyValueSpecification\",\"valueRequired\":true,\"valueName\":\"search_term_string\"}}],\"inLanguage\":\"es\"},{\"@type\":\"Organization\",\"@id\":\"https:\\\/\\\/fundacionisabelmartin.es\\\/tienda\\\/#organization\",\"name\":\"Fundaci\u00f3n Isabel Mart\u00edn\",\"url\":\"https:\\\/\\\/fundacionisabelmartin.es\\\/tienda\\\/\",\"logo\":{\"@type\":\"ImageObject\",\"inLanguage\":\"es\",\"@id\":\"https:\\\/\\\/fundacionisabelmartin.es\\\/tienda\\\/#\\\/schema\\\/logo\\\/image\\\/\",\"url\":\"https:\\\/\\\/fundacionisabelmartin.es\\\/tienda\\\/wp-content\\\/uploads\\\/2018\\\/04\\\/ISABEL-MARTIN-LOGO-FINAL.png\",\"contentUrl\":\"https:\\\/\\\/fundacionisabelmartin.es\\\/tienda\\\/wp-content\\\/uploads\\\/2018\\\/04\\\/ISABEL-MARTIN-LOGO-FINAL.png\",\"width\":1153,\"height\":496,\"caption\":\"Fundaci\u00f3n Isabel Mart\u00edn\"},\"image\":{\"@id\":\"https:\\\/\\\/fundacionisabelmartin.es\\\/tienda\\\/#\\\/schema\\\/logo\\\/image\\\/\"},\"sameAs\":[\"https:\\\/\\\/www.facebook.com\\\/OngIsabelMartin\",\"https:\\\/\\\/x.com\\\/ongisabelmartin\",\"https:\\\/\\\/fundacionisabelmartin.es\\\/tienda\",\"https:\\\/\\\/www.linkedin.com\\\/company\\\/10593946\",\"https:\\\/\\\/www.youtube.com\\\/channel\\\/UCibqwKMVjaAmuWXoBF3edkQ\",\"https:\\\/\\\/www.instagram.com\\\/ongisabelmartin\\\/\"]}]}<\/script>\n<meta property=\"product:brand\" content=\"simple\" \/>\n<meta property=\"product:price:amount\" content=\"9.00\" \/>\n<meta property=\"product:price:currency\" content=\"EUR\" \/>\n<meta property=\"og:availability\" content=\"instock\" \/>\n<meta property=\"product:availability\" content=\"instock\" \/>\n<meta property=\"product:retailer_item_id\" content=\"CH-012-G-L-B\" \/>\n<meta property=\"product:condition\" content=\"new\" \/>\n<!-- \/ Yoast SEO plugin. -->","yoast_head_json":{"title":"TOTE BAG - BOLSA DE ALGOD\u00d3N ORG\u00c1NICO CON TRES FUELLES BANDRA","description":"Tote Bag - Bolsa de algod\u00f3n org\u00e1nico con fuelle para hacer la compra por su gran capacidad y asas resistentes que permiten llevar mucho peso.","robots":{"index":"index","follow":"follow","max-snippet":"max-snippet:-1","max-image-preview":"max-image-preview:large","max-video-preview":"max-video-preview:-1"},"canonical":"https:\/\/fundacionisabelmartin.es\/tienda\/producto\/tote-bag-bolsa-de-algodon-organico-con-tres-fuelles-bandra\/","og_locale":"es_ES","og_type":"article","og_title":"TOTE BAG - BOLSA DE ALGOD\u00d3N ORG\u00c1NICO CON TRES FUELLES BANDRA","og_description":"Tote Bag - Bolsa de algod\u00f3n org\u00e1nico con fuelle para hacer la compra por su gran capacidad y asas resistentes que permiten llevar mucho peso.","og_url":"https:\/\/fundacionisabelmartin.es\/tienda\/producto\/tote-bag-bolsa-de-algodon-organico-con-tres-fuelles-bandra\/","og_site_name":"Fundaci\u00f3n Isabel Mart\u00edn","article_publisher":"https:\/\/www.facebook.com\/OngIsabelMartin","article_modified_time":"2025-12-18T13:39:58+00:00","og_image":[{"width":1080,"height":1080,"url":"https:\/\/fundacionisabelmartin.es\/tienda\/wp-content\/uploads\/2023\/09\/Bandra-fuelle-grande-abierta.png","type":"image\/png"}],"twitter_card":"summary_large_image","twitter_site":"@ongisabelmartin","twitter_misc":{"Precio":"9,00&euro;","Disponibilidad":"Disponible"},"schema":{"@context":"https:\/\/schema.org","@graph":[{"@type":["WebPage","ItemPage"],"@id":"https:\/\/fundacionisabelmartin.es\/tienda\/producto\/tote-bag-bolsa-de-algodon-organico-con-tres-fuelles-bandra\/","url":"https:\/\/fundacionisabelmartin.es\/tienda\/producto\/tote-bag-bolsa-de-algodon-organico-con-tres-fuelles-bandra\/","name":"TOTE BAG - BOLSA DE ALGOD\u00d3N ORG\u00c1NICO CON TRES FUELLES BANDRA","isPartOf":{"@id":"https:\/\/fundacionisabelmartin.es\/tienda\/#website"},"primaryImageOfPage":{"@id":"https:\/\/fundacionisabelmartin.es\/tienda\/producto\/tote-bag-bolsa-de-algodon-organico-con-tres-fuelles-bandra\/#primaryimage"},"image":{"@id":"https:\/\/fundacionisabelmartin.es\/tienda\/producto\/tote-bag-bolsa-de-algodon-organico-con-tres-fuelles-bandra\/#primaryimage"},"thumbnailUrl":"https:\/\/fundacionisabelmartin.es\/tienda\/wp-content\/uploads\/2023\/09\/Bandra-fuelle-grande-abierta.png","datePublished":"2023-09-01T07:24:54+00:00","dateModified":"2025-12-18T13:39:58+00:00","description":"Tote Bag - Bolsa de algod\u00f3n org\u00e1nico con fuelle para hacer la compra por su gran capacidad y asas resistentes que permiten llevar mucho peso.","breadcrumb":{"@id":"https:\/\/fundacionisabelmartin.es\/tienda\/producto\/tote-bag-bolsa-de-algodon-organico-con-tres-fuelles-bandra\/#breadcrumb"},"inLanguage":"es","potentialAction":[{"@type":"ReadAction","target":["https:\/\/fundacionisabelmartin.es\/tienda\/producto\/tote-bag-bolsa-de-algodon-organico-con-tres-fuelles-bandra\/"]}]},{"@type":"ImageObject","inLanguage":"es","@id":"https:\/\/fundacionisabelmartin.es\/tienda\/producto\/tote-bag-bolsa-de-algodon-organico-con-tres-fuelles-bandra\/#primaryimage","url":"https:\/\/fundacionisabelmartin.es\/tienda\/wp-content\/uploads\/2023\/09\/Bandra-fuelle-grande-abierta.png","contentUrl":"https:\/\/fundacionisabelmartin.es\/tienda\/wp-content\/uploads\/2023\/09\/Bandra-fuelle-grande-abierta.png","width":1080,"height":1080},{"@type":"BreadcrumbList","@id":"https:\/\/fundacionisabelmartin.es\/tienda\/producto\/tote-bag-bolsa-de-algodon-organico-con-tres-fuelles-bandra\/#breadcrumb","itemListElement":[{"@type":"ListItem","position":1,"name":"Portada","item":"https:\/\/fundacionisabelmartin.es\/tienda\/"},{"@type":"ListItem","position":2,"name":"Cat\u00e1logo de productos de la Fundaci\u00f3n Isabel Mart\u00edn","item":"https:\/\/fundacionisabelmartin.es\/tienda\/"},{"@type":"ListItem","position":3,"name":"Tote Bag &#8211; Bolsa de Algod\u00f3n Org\u00e1nico con tres fuelles"}]},{"@type":"WebSite","@id":"https:\/\/fundacionisabelmartin.es\/tienda\/#website","url":"https:\/\/fundacionisabelmartin.es\/tienda\/","name":"FUNDACI\u00d3N ISABEL MARTIN | TIENDA","description":"La tienda de la Fundaci\u00f3n Isabel Mart\u00edn ofrece productos de Comercio Justo y Solidarios con el objetivo de financiar los proyectos de Cooperaci\u00f3n al Desarrollo que financiamos en varios pa\u00edses del sur, centrados en el empoderamiento de las mujeres y la infancia desprotegida.","publisher":{"@id":"https:\/\/fundacionisabelmartin.es\/tienda\/#organization"},"potentialAction":[{"@type":"SearchAction","target":{"@type":"EntryPoint","urlTemplate":"https:\/\/fundacionisabelmartin.es\/tienda\/?s={search_term_string}"},"query-input":{"@type":"PropertyValueSpecification","valueRequired":true,"valueName":"search_term_string"}}],"inLanguage":"es"},{"@type":"Organization","@id":"https:\/\/fundacionisabelmartin.es\/tienda\/#organization","name":"Fundaci\u00f3n Isabel Mart\u00edn","url":"https:\/\/fundacionisabelmartin.es\/tienda\/","logo":{"@type":"ImageObject","inLanguage":"es","@id":"https:\/\/fundacionisabelmartin.es\/tienda\/#\/schema\/logo\/image\/","url":"https:\/\/fundacionisabelmartin.es\/tienda\/wp-content\/uploads\/2018\/04\/ISABEL-MARTIN-LOGO-FINAL.png","contentUrl":"https:\/\/fundacionisabelmartin.es\/tienda\/wp-content\/uploads\/2018\/04\/ISABEL-MARTIN-LOGO-FINAL.png","width":1153,"height":496,"caption":"Fundaci\u00f3n Isabel Mart\u00edn"},"image":{"@id":"https:\/\/fundacionisabelmartin.es\/tienda\/#\/schema\/logo\/image\/"},"sameAs":["https:\/\/www.facebook.com\/OngIsabelMartin","https:\/\/x.com\/ongisabelmartin","https:\/\/fundacionisabelmartin.es\/tienda","https:\/\/www.linkedin.com\/company\/10593946","https:\/\/www.youtube.com\/channel\/UCibqwKMVjaAmuWXoBF3edkQ","https:\/\/www.instagram.com\/ongisabelmartin\/"]}]},"product_brand":"simple","product_price_amount":"9.00","product_price_currency":"EUR","og_availability":"instock","product_availability":"instock","product_retailer_item_id":"CH-012-G-L-B","product_condition":"new"},"_links":{"self":[{"href":"https:\/\/fundacionisabelmartin.es\/tienda\/wp-json\/wp\/v2\/product\/3307","targetHints":{"allow":["GET"]}}],"collection":[{"href":"https:\/\/fundacionisabelmartin.es\/tienda\/wp-json\/wp\/v2\/product"}],"about":[{"href":"https:\/\/fundacionisabelmartin.es\/tienda\/wp-json\/wp\/v2\/types\/product"}],"replies":[{"embeddable":true,"href":"https:\/\/fundacionisabelmartin.es\/tienda\/wp-json\/wp\/v2\/comments?post=3307"}],"wp:featuredmedia":[{"embeddable":true,"href":"https:\/\/fundacionisabelmartin.es\/tienda\/wp-json\/wp\/v2\/media\/3308"}],"wp:attachment":[{"href":"https:\/\/fundacionisabelmartin.es\/tienda\/wp-json\/wp\/v2\/media?parent=3307"}],"wp:term":[{"taxonomy":"product_brand","embeddable":true,"href":"https:\/\/fundacionisabelmartin.es\/tienda\/wp-json\/wp\/v2\/product_brand?post=3307"},{"taxonomy":"product_cat","embeddable":true,"href":"https:\/\/fundacionisabelmartin.es\/tienda\/wp-json\/wp\/v2\/product_cat?post=3307"},{"taxonomy":"product_tag","embeddable":true,"href":"https:\/\/fundacionisabelmartin.es\/tienda\/wp-json\/wp\/v2\/product_tag?post=3307"}],"curies":[{"name":"wp","href":"https:\/\/api.w.org\/{rel}","templated":true}]}}