{"id":3351,"date":"2023-09-01T11:00:54","date_gmt":"2023-09-01T09:00:54","guid":{"rendered":"https:\/\/fundacionisabelmartin.es\/tienda\/?post_type=product&#038;p=3351"},"modified":"2026-04-05T18:29:44","modified_gmt":"2026-04-05T16:29:44","slug":"neceser-crudo","status":"publish","type":"product","link":"https:\/\/fundacionisabelmartin.es\/tienda\/producto\/neceser-crudo\/","title":{"rendered":"NECESER CRUDO"},"content":{"rendered":"<p>Neceser lona \u2013 cremallera &#8211; Natural (sin te\u00f1ir)<\/p>\n<p>Medidas: 20cm (an) X 14cm (al) aprox.<\/p>\n<p>100% algod\u00f3n org\u00e1nico<\/p>\n<p>220 GSM<\/p>\n<p>Color: Natural<\/p>\n<p>Sin forro<\/p>\n<p>COMERCIO JUSTO CERTIFICADO<\/p>\n<p>CERTIFICADO G.O.T.S. FABRICANTE<\/p>\n<p>Fabricado en\u00a0<a href=\"https:\/\/creativehandicrafts.org\/\">Creative Handicrafts<\/a><\/p>\n<p>SI DESEA A\u00d1ADIR SU LOGO SOLICITE PRESUPUESTO EN:\u00a0<a href=\"mailto:comerciojusto@fundacionisabelmartin.es\">comerciojusto@fundacionisabelmartin.es<\/a><\/p>\n","protected":false},"excerpt":{"rendered":"<p>Neceser lona \u2013 cremallera &#8211; Natural (sin te\u00f1ir)<\/p>\n<p>Medidas: 20cm (an) X 14cm (al) aprox.<\/p>\n<p>100% algod\u00f3n org\u00e1nico<\/p>\n<p>220 GSM<\/p>\n<p>Color: Natural<\/p>\n<p>Sin forro<\/p>\n<p>COMERCIO JUSTO CERTIFICADO<\/p>\n<p>CERTIFICADO G.O.T.S. FABRICANTE<\/p>\n<p>Fabricado en\u00a0<a href=\"https:\/\/creativehandicrafts.org\/\">Creative Handicrafts<\/a><\/p>\n<p>SI DESEA A\u00d1ADIR SU LOGO SOLICITE PRESUPUESTO EN:\u00a0<a href=\"mailto:comerciojusto@fundacionisabelmartin.es\">comerciojusto@fundacionisabelmartin.es<\/a><\/p>\n<p>[social_share style=&#8221;black&#8221; align=&#8221;horizontal&#8221; heading_align=&#8221;inline&#8221; text=&#8221;&#8221; heading=&#8221;&#8221; facebook=&#8221;1&#8243; twitter=&#8221;1&#8243; google_plus=&#8221;1&#8243; linkedin=&#8221;1&#8243; pinterest=&#8221;1&#8243; link=&#8221;&#8221; \/]<\/p>\n","protected":false},"featured_media":3316,"comment_status":"open","ping_status":"closed","template":"","meta":[],"product_brand":[],"product_cat":[58,16],"product_tag":[117],"class_list":{"0":"post-3351","1":"product","2":"type-product","3":"status-publish","4":"has-post-thumbnail","6":"product_cat-neceseres","7":"product_cat-accesorios","8":"product_tag-precio-con-iva-incluido","10":"first","11":"instock","12":"shipping-taxable","13":"purchasable","14":"product-type-simple"},"yoast_head":"<!-- This site is optimized with the Yoast SEO plugin v27.3 - https:\/\/yoast.com\/product\/yoast-seo-wordpress\/ -->\n<title>NECESER CRUDO<\/title>\n<meta name=\"description\" content=\"Neceser en color crudo con cremallera fabricado por las mujeres de la cooperativa de Comercio Justo Creative Handicrafts.\" \/>\n<meta name=\"robots\" content=\"index, follow, max-snippet:-1, max-image-preview:large, max-video-preview:-1\" \/>\n<link rel=\"canonical\" href=\"https:\/\/fundacionisabelmartin.es\/tienda\/producto\/neceser-crudo\/\" \/>\n<meta property=\"og:locale\" content=\"es_ES\" \/>\n<meta property=\"og:type\" content=\"article\" \/>\n<meta property=\"og:title\" content=\"NECESER CRUDO\" \/>\n<meta property=\"og:description\" content=\"Neceser en color crudo con cremallera fabricado por las mujeres de la cooperativa de Comercio Justo Creative Handicrafts.\" \/>\n<meta property=\"og:url\" content=\"https:\/\/fundacionisabelmartin.es\/tienda\/producto\/neceser-crudo\/\" \/>\n<meta property=\"og:site_name\" content=\"Fundaci\u00f3n Isabel Mart\u00edn\" \/>\n<meta property=\"article:publisher\" content=\"https:\/\/www.facebook.com\/OngIsabelMartin\" \/>\n<meta property=\"article:modified_time\" content=\"2026-04-05T16:29:44+00:00\" \/>\n<meta property=\"og:image\" content=\"https:\/\/fundacionisabelmartin.es\/tienda\/wp-content\/uploads\/2023\/09\/Neceser-crudo.png\" \/>\n\t<meta property=\"og:image:width\" content=\"1080\" \/>\n\t<meta property=\"og:image:height\" content=\"1080\" \/>\n\t<meta property=\"og:image:type\" content=\"image\/png\" \/>\n<meta name=\"twitter:card\" content=\"summary_large_image\" \/>\n<meta name=\"twitter:site\" content=\"@ongisabelmartin\" \/>\n<meta name=\"twitter:label1\" content=\"Precio\" \/>\n\t<meta name=\"twitter:data1\" content=\"5,00&euro;\" \/>\n\t<meta name=\"twitter:label2\" content=\"Disponibilidad\" \/>\n\t<meta name=\"twitter:data2\" content=\"Disponible\" \/>\n<script type=\"application\/ld+json\" class=\"yoast-schema-graph\">{\"@context\":\"https:\\\/\\\/schema.org\",\"@graph\":[{\"@type\":[\"WebPage\",\"ItemPage\"],\"@id\":\"https:\\\/\\\/fundacionisabelmartin.es\\\/tienda\\\/producto\\\/neceser-crudo\\\/\",\"url\":\"https:\\\/\\\/fundacionisabelmartin.es\\\/tienda\\\/producto\\\/neceser-crudo\\\/\",\"name\":\"NECESER CRUDO\",\"isPartOf\":{\"@id\":\"https:\\\/\\\/fundacionisabelmartin.es\\\/tienda\\\/#website\"},\"primaryImageOfPage\":{\"@id\":\"https:\\\/\\\/fundacionisabelmartin.es\\\/tienda\\\/producto\\\/neceser-crudo\\\/#primaryimage\"},\"image\":{\"@id\":\"https:\\\/\\\/fundacionisabelmartin.es\\\/tienda\\\/producto\\\/neceser-crudo\\\/#primaryimage\"},\"thumbnailUrl\":\"https:\\\/\\\/fundacionisabelmartin.es\\\/tienda\\\/wp-content\\\/uploads\\\/2023\\\/09\\\/Neceser-crudo.png\",\"datePublished\":\"2023-09-01T09:00:54+00:00\",\"dateModified\":\"2026-04-05T16:29:44+00:00\",\"description\":\"Neceser en color crudo con cremallera fabricado por las mujeres de la cooperativa de Comercio Justo Creative Handicrafts.\",\"breadcrumb\":{\"@id\":\"https:\\\/\\\/fundacionisabelmartin.es\\\/tienda\\\/producto\\\/neceser-crudo\\\/#breadcrumb\"},\"inLanguage\":\"es\",\"potentialAction\":[{\"@type\":\"ReadAction\",\"target\":[\"https:\\\/\\\/fundacionisabelmartin.es\\\/tienda\\\/producto\\\/neceser-crudo\\\/\"]}]},{\"@type\":\"ImageObject\",\"inLanguage\":\"es\",\"@id\":\"https:\\\/\\\/fundacionisabelmartin.es\\\/tienda\\\/producto\\\/neceser-crudo\\\/#primaryimage\",\"url\":\"https:\\\/\\\/fundacionisabelmartin.es\\\/tienda\\\/wp-content\\\/uploads\\\/2023\\\/09\\\/Neceser-crudo.png\",\"contentUrl\":\"https:\\\/\\\/fundacionisabelmartin.es\\\/tienda\\\/wp-content\\\/uploads\\\/2023\\\/09\\\/Neceser-crudo.png\",\"width\":1080,\"height\":1080},{\"@type\":\"BreadcrumbList\",\"@id\":\"https:\\\/\\\/fundacionisabelmartin.es\\\/tienda\\\/producto\\\/neceser-crudo\\\/#breadcrumb\",\"itemListElement\":[{\"@type\":\"ListItem\",\"position\":1,\"name\":\"Portada\",\"item\":\"https:\\\/\\\/fundacionisabelmartin.es\\\/tienda\\\/\"},{\"@type\":\"ListItem\",\"position\":2,\"name\":\"Cat\u00e1logo de productos de la Fundaci\u00f3n Isabel Mart\u00edn\",\"item\":\"https:\\\/\\\/fundacionisabelmartin.es\\\/tienda\\\/\"},{\"@type\":\"ListItem\",\"position\":3,\"name\":\"NECESER CRUDO\"}]},{\"@type\":\"WebSite\",\"@id\":\"https:\\\/\\\/fundacionisabelmartin.es\\\/tienda\\\/#website\",\"url\":\"https:\\\/\\\/fundacionisabelmartin.es\\\/tienda\\\/\",\"name\":\"FUNDACI\u00d3N ISABEL MARTIN | TIENDA\",\"description\":\"La tienda de la Fundaci\u00f3n Isabel Mart\u00edn ofrece productos de Comercio Justo y Solidarios con el objetivo de financiar los proyectos de Cooperaci\u00f3n al Desarrollo que financiamos en varios pa\u00edses del sur, centrados en el empoderamiento de las mujeres y la infancia desprotegida.\",\"publisher\":{\"@id\":\"https:\\\/\\\/fundacionisabelmartin.es\\\/tienda\\\/#organization\"},\"potentialAction\":[{\"@type\":\"SearchAction\",\"target\":{\"@type\":\"EntryPoint\",\"urlTemplate\":\"https:\\\/\\\/fundacionisabelmartin.es\\\/tienda\\\/?s={search_term_string}\"},\"query-input\":{\"@type\":\"PropertyValueSpecification\",\"valueRequired\":true,\"valueName\":\"search_term_string\"}}],\"inLanguage\":\"es\"},{\"@type\":\"Organization\",\"@id\":\"https:\\\/\\\/fundacionisabelmartin.es\\\/tienda\\\/#organization\",\"name\":\"Fundaci\u00f3n Isabel Mart\u00edn\",\"url\":\"https:\\\/\\\/fundacionisabelmartin.es\\\/tienda\\\/\",\"logo\":{\"@type\":\"ImageObject\",\"inLanguage\":\"es\",\"@id\":\"https:\\\/\\\/fundacionisabelmartin.es\\\/tienda\\\/#\\\/schema\\\/logo\\\/image\\\/\",\"url\":\"https:\\\/\\\/fundacionisabelmartin.es\\\/tienda\\\/wp-content\\\/uploads\\\/2018\\\/04\\\/ISABEL-MARTIN-LOGO-FINAL.png\",\"contentUrl\":\"https:\\\/\\\/fundacionisabelmartin.es\\\/tienda\\\/wp-content\\\/uploads\\\/2018\\\/04\\\/ISABEL-MARTIN-LOGO-FINAL.png\",\"width\":1153,\"height\":496,\"caption\":\"Fundaci\u00f3n Isabel Mart\u00edn\"},\"image\":{\"@id\":\"https:\\\/\\\/fundacionisabelmartin.es\\\/tienda\\\/#\\\/schema\\\/logo\\\/image\\\/\"},\"sameAs\":[\"https:\\\/\\\/www.facebook.com\\\/OngIsabelMartin\",\"https:\\\/\\\/x.com\\\/ongisabelmartin\",\"https:\\\/\\\/fundacionisabelmartin.es\\\/tienda\",\"https:\\\/\\\/www.linkedin.com\\\/company\\\/10593946\",\"https:\\\/\\\/www.youtube.com\\\/channel\\\/UCibqwKMVjaAmuWXoBF3edkQ\",\"https:\\\/\\\/www.instagram.com\\\/ongisabelmartin\\\/\"]}]}<\/script>\n<meta property=\"product:brand\" content=\"simple\" \/>\n<meta property=\"product:price:amount\" content=\"5.00\" \/>\n<meta property=\"product:price:currency\" content=\"EUR\" \/>\n<meta property=\"og:availability\" content=\"instock\" \/>\n<meta property=\"product:availability\" content=\"instock\" \/>\n<meta property=\"product:retailer_item_id\" content=\"CH-NE-09-GR\" \/>\n<meta property=\"product:condition\" content=\"new\" \/>\n<!-- \/ Yoast SEO plugin. -->","yoast_head_json":{"title":"NECESER CRUDO","description":"Neceser en color crudo con cremallera fabricado por las mujeres de la cooperativa de Comercio Justo Creative Handicrafts.","robots":{"index":"index","follow":"follow","max-snippet":"max-snippet:-1","max-image-preview":"max-image-preview:large","max-video-preview":"max-video-preview:-1"},"canonical":"https:\/\/fundacionisabelmartin.es\/tienda\/producto\/neceser-crudo\/","og_locale":"es_ES","og_type":"article","og_title":"NECESER CRUDO","og_description":"Neceser en color crudo con cremallera fabricado por las mujeres de la cooperativa de Comercio Justo Creative Handicrafts.","og_url":"https:\/\/fundacionisabelmartin.es\/tienda\/producto\/neceser-crudo\/","og_site_name":"Fundaci\u00f3n Isabel Mart\u00edn","article_publisher":"https:\/\/www.facebook.com\/OngIsabelMartin","article_modified_time":"2026-04-05T16:29:44+00:00","og_image":[{"width":1080,"height":1080,"url":"https:\/\/fundacionisabelmartin.es\/tienda\/wp-content\/uploads\/2023\/09\/Neceser-crudo.png","type":"image\/png"}],"twitter_card":"summary_large_image","twitter_site":"@ongisabelmartin","twitter_misc":{"Precio":"5,00&euro;","Disponibilidad":"Disponible"},"schema":{"@context":"https:\/\/schema.org","@graph":[{"@type":["WebPage","ItemPage"],"@id":"https:\/\/fundacionisabelmartin.es\/tienda\/producto\/neceser-crudo\/","url":"https:\/\/fundacionisabelmartin.es\/tienda\/producto\/neceser-crudo\/","name":"NECESER CRUDO","isPartOf":{"@id":"https:\/\/fundacionisabelmartin.es\/tienda\/#website"},"primaryImageOfPage":{"@id":"https:\/\/fundacionisabelmartin.es\/tienda\/producto\/neceser-crudo\/#primaryimage"},"image":{"@id":"https:\/\/fundacionisabelmartin.es\/tienda\/producto\/neceser-crudo\/#primaryimage"},"thumbnailUrl":"https:\/\/fundacionisabelmartin.es\/tienda\/wp-content\/uploads\/2023\/09\/Neceser-crudo.png","datePublished":"2023-09-01T09:00:54+00:00","dateModified":"2026-04-05T16:29:44+00:00","description":"Neceser en color crudo con cremallera fabricado por las mujeres de la cooperativa de Comercio Justo Creative Handicrafts.","breadcrumb":{"@id":"https:\/\/fundacionisabelmartin.es\/tienda\/producto\/neceser-crudo\/#breadcrumb"},"inLanguage":"es","potentialAction":[{"@type":"ReadAction","target":["https:\/\/fundacionisabelmartin.es\/tienda\/producto\/neceser-crudo\/"]}]},{"@type":"ImageObject","inLanguage":"es","@id":"https:\/\/fundacionisabelmartin.es\/tienda\/producto\/neceser-crudo\/#primaryimage","url":"https:\/\/fundacionisabelmartin.es\/tienda\/wp-content\/uploads\/2023\/09\/Neceser-crudo.png","contentUrl":"https:\/\/fundacionisabelmartin.es\/tienda\/wp-content\/uploads\/2023\/09\/Neceser-crudo.png","width":1080,"height":1080},{"@type":"BreadcrumbList","@id":"https:\/\/fundacionisabelmartin.es\/tienda\/producto\/neceser-crudo\/#breadcrumb","itemListElement":[{"@type":"ListItem","position":1,"name":"Portada","item":"https:\/\/fundacionisabelmartin.es\/tienda\/"},{"@type":"ListItem","position":2,"name":"Cat\u00e1logo de productos de la Fundaci\u00f3n Isabel Mart\u00edn","item":"https:\/\/fundacionisabelmartin.es\/tienda\/"},{"@type":"ListItem","position":3,"name":"NECESER CRUDO"}]},{"@type":"WebSite","@id":"https:\/\/fundacionisabelmartin.es\/tienda\/#website","url":"https:\/\/fundacionisabelmartin.es\/tienda\/","name":"FUNDACI\u00d3N ISABEL MARTIN | TIENDA","description":"La tienda de la Fundaci\u00f3n Isabel Mart\u00edn ofrece productos de Comercio Justo y Solidarios con el objetivo de financiar los proyectos de Cooperaci\u00f3n al Desarrollo que financiamos en varios pa\u00edses del sur, centrados en el empoderamiento de las mujeres y la infancia desprotegida.","publisher":{"@id":"https:\/\/fundacionisabelmartin.es\/tienda\/#organization"},"potentialAction":[{"@type":"SearchAction","target":{"@type":"EntryPoint","urlTemplate":"https:\/\/fundacionisabelmartin.es\/tienda\/?s={search_term_string}"},"query-input":{"@type":"PropertyValueSpecification","valueRequired":true,"valueName":"search_term_string"}}],"inLanguage":"es"},{"@type":"Organization","@id":"https:\/\/fundacionisabelmartin.es\/tienda\/#organization","name":"Fundaci\u00f3n Isabel Mart\u00edn","url":"https:\/\/fundacionisabelmartin.es\/tienda\/","logo":{"@type":"ImageObject","inLanguage":"es","@id":"https:\/\/fundacionisabelmartin.es\/tienda\/#\/schema\/logo\/image\/","url":"https:\/\/fundacionisabelmartin.es\/tienda\/wp-content\/uploads\/2018\/04\/ISABEL-MARTIN-LOGO-FINAL.png","contentUrl":"https:\/\/fundacionisabelmartin.es\/tienda\/wp-content\/uploads\/2018\/04\/ISABEL-MARTIN-LOGO-FINAL.png","width":1153,"height":496,"caption":"Fundaci\u00f3n Isabel Mart\u00edn"},"image":{"@id":"https:\/\/fundacionisabelmartin.es\/tienda\/#\/schema\/logo\/image\/"},"sameAs":["https:\/\/www.facebook.com\/OngIsabelMartin","https:\/\/x.com\/ongisabelmartin","https:\/\/fundacionisabelmartin.es\/tienda","https:\/\/www.linkedin.com\/company\/10593946","https:\/\/www.youtube.com\/channel\/UCibqwKMVjaAmuWXoBF3edkQ","https:\/\/www.instagram.com\/ongisabelmartin\/"]}]},"product_brand":"simple","product_price_amount":"5.00","product_price_currency":"EUR","og_availability":"instock","product_availability":"instock","product_retailer_item_id":"CH-NE-09-GR","product_condition":"new"},"_links":{"self":[{"href":"https:\/\/fundacionisabelmartin.es\/tienda\/wp-json\/wp\/v2\/product\/3351","targetHints":{"allow":["GET"]}}],"collection":[{"href":"https:\/\/fundacionisabelmartin.es\/tienda\/wp-json\/wp\/v2\/product"}],"about":[{"href":"https:\/\/fundacionisabelmartin.es\/tienda\/wp-json\/wp\/v2\/types\/product"}],"replies":[{"embeddable":true,"href":"https:\/\/fundacionisabelmartin.es\/tienda\/wp-json\/wp\/v2\/comments?post=3351"}],"wp:featuredmedia":[{"embeddable":true,"href":"https:\/\/fundacionisabelmartin.es\/tienda\/wp-json\/wp\/v2\/media\/3316"}],"wp:attachment":[{"href":"https:\/\/fundacionisabelmartin.es\/tienda\/wp-json\/wp\/v2\/media?parent=3351"}],"wp:term":[{"taxonomy":"product_brand","embeddable":true,"href":"https:\/\/fundacionisabelmartin.es\/tienda\/wp-json\/wp\/v2\/product_brand?post=3351"},{"taxonomy":"product_cat","embeddable":true,"href":"https:\/\/fundacionisabelmartin.es\/tienda\/wp-json\/wp\/v2\/product_cat?post=3351"},{"taxonomy":"product_tag","embeddable":true,"href":"https:\/\/fundacionisabelmartin.es\/tienda\/wp-json\/wp\/v2\/product_tag?post=3351"}],"curies":[{"name":"wp","href":"https:\/\/api.w.org\/{rel}","templated":true}]}}