{"id":943,"date":"2018-06-29T11:50:07","date_gmt":"2018-06-29T09:50:07","guid":{"rendered":"https:\/\/fundacionisabelmartin.es\/tienda\/?post_type=product&#038;p=943"},"modified":"2026-04-11T12:32:54","modified_gmt":"2026-04-11T10:32:54","slug":"colgante-corto-cordon","status":"publish","type":"product","link":"https:\/\/fundacionisabelmartin.es\/tienda\/producto\/colgante-corto-cordon\/","title":{"rendered":"COLGANTE CORD\u00d3N CORTO"},"content":{"rendered":"<p>Colgantes\u00a0fabricados en cer\u00e1mica por el ceramista aragon\u00e9s\u00a0<a class=\"customize-unpreviewable\" href=\"http:\/\/www.fernandomalo.com\/\">Fernando Malo<\/a>. Este artista de Zaragoza est\u00e1 especializado en cer\u00e1mica mud\u00e9jar y restauraci\u00f3n. De hecho, Fernando ha restaurado, entre otros muchos monumentos,\u00a0<a class=\"customize-unpreviewable\" href=\"http:\/\/www.fernandomalo.com\/listado.asp?idCategoria=6&amp;cat=Restauraci%F3n\">parte de la Catedral del Salvador (La Seo), de la Catedral-bas\u00edlica de Nuestra Se\u00f1ora del Pilar y del Palacio de la Aljafer\u00eda\u00a0de Zaragoza<\/a>.<\/p>\n","protected":false},"excerpt":{"rendered":"<p>Colgantes dise\u00f1ados por el ceramista aragon\u00e9s Fernando Malo<\/p>\n<p>Material: cer\u00e1mica + cord\u00f3n tipo seda<\/p>\n<p>Colores: amarillo y morado<\/p>\n","protected":false},"featured_media":947,"comment_status":"open","ping_status":"closed","template":"","meta":[],"product_brand":[],"product_cat":[82,16],"product_tag":[117],"class_list":{"0":"post-943","1":"product","2":"type-product","3":"status-publish","4":"has-post-thumbnail","6":"product_cat-bisuteria","7":"product_cat-accesorios","8":"product_tag-precio-con-iva-incluido","10":"first","11":"instock","12":"shipping-taxable","13":"purchasable","14":"product-type-variable"},"yoast_head":"<!-- This site is optimized with the Yoast SEO plugin v27.3 - https:\/\/yoast.com\/product\/yoast-seo-wordpress\/ -->\n<title>Colgante corto cord\u00f3n<\/title>\n<meta name=\"description\" content=\"Colgantes\u00a0fabricados por el ceramista aragon\u00e9s\u00a0Fernando Malo. Est\u00e1 especializado en cer\u00e1mica mud\u00e9jar y restauraci\u00f3n. De hecho, Fernando ha restaurado, entre otros muchos monumentos,\u00a0parte de la Catedral del Salvador (La Seo), de la Catedral-bas\u00edlica de Nuestra Se\u00f1ora del Pilar y del Palacio de la Aljafer\u00eda\u00a0de Zaragoza.\" \/>\n<meta name=\"robots\" content=\"index, follow, max-snippet:-1, max-image-preview:large, max-video-preview:-1\" \/>\n<link rel=\"canonical\" href=\"https:\/\/fundacionisabelmartin.es\/tienda\/producto\/colgante-corto-cordon\/\" \/>\n<meta property=\"og:locale\" content=\"es_ES\" \/>\n<meta property=\"og:type\" content=\"article\" \/>\n<meta property=\"og:title\" content=\"Colgante corto cord\u00f3n\" \/>\n<meta property=\"og:description\" content=\"Colgantes\u00a0fabricados por el ceramista aragon\u00e9s\u00a0Fernando Malo. Est\u00e1 especializado en cer\u00e1mica mud\u00e9jar y restauraci\u00f3n. De hecho, Fernando ha restaurado, entre otros muchos monumentos,\u00a0parte de la Catedral del Salvador (La Seo), de la Catedral-bas\u00edlica de Nuestra Se\u00f1ora del Pilar y del Palacio de la Aljafer\u00eda\u00a0de Zaragoza.\" \/>\n<meta property=\"og:url\" content=\"https:\/\/fundacionisabelmartin.es\/tienda\/producto\/colgante-corto-cordon\/\" \/>\n<meta property=\"og:site_name\" content=\"Fundaci\u00f3n Isabel Mart\u00edn\" \/>\n<meta property=\"article:publisher\" content=\"https:\/\/www.facebook.com\/OngIsabelMartin\" \/>\n<meta property=\"article:modified_time\" content=\"2026-04-11T10:32:54+00:00\" \/>\n<meta property=\"og:image\" content=\"https:\/\/fundacionisabelmartin.es\/tienda\/wp-content\/uploads\/2018\/06\/IMG_3427.jpg\" \/>\n\t<meta property=\"og:image:width\" content=\"1224\" \/>\n\t<meta property=\"og:image:height\" content=\"1632\" \/>\n\t<meta property=\"og:image:type\" content=\"image\/jpeg\" \/>\n<meta name=\"twitter:card\" content=\"summary_large_image\" \/>\n<meta name=\"twitter:site\" content=\"@ongisabelmartin\" \/>\n<meta name=\"twitter:label1\" content=\"Disponibilidad\" \/>\n\t<meta name=\"twitter:data1\" content=\"Disponible\" \/>\n<script type=\"application\/ld+json\" class=\"yoast-schema-graph\">{\"@context\":\"https:\\\/\\\/schema.org\",\"@graph\":[{\"@type\":[\"WebPage\",\"ItemPage\"],\"@id\":\"https:\\\/\\\/fundacionisabelmartin.es\\\/tienda\\\/producto\\\/colgante-corto-cordon\\\/\",\"url\":\"https:\\\/\\\/fundacionisabelmartin.es\\\/tienda\\\/producto\\\/colgante-corto-cordon\\\/\",\"name\":\"Colgante corto cord\u00f3n\",\"isPartOf\":{\"@id\":\"https:\\\/\\\/fundacionisabelmartin.es\\\/tienda\\\/#website\"},\"primaryImageOfPage\":{\"@id\":\"https:\\\/\\\/fundacionisabelmartin.es\\\/tienda\\\/producto\\\/colgante-corto-cordon\\\/#primaryimage\"},\"image\":{\"@id\":\"https:\\\/\\\/fundacionisabelmartin.es\\\/tienda\\\/producto\\\/colgante-corto-cordon\\\/#primaryimage\"},\"thumbnailUrl\":\"https:\\\/\\\/fundacionisabelmartin.es\\\/tienda\\\/wp-content\\\/uploads\\\/2018\\\/06\\\/IMG_3427.jpg\",\"datePublished\":\"2018-06-29T09:50:07+00:00\",\"dateModified\":\"2026-04-11T10:32:54+00:00\",\"description\":\"Colgantes\u00a0fabricados por el ceramista aragon\u00e9s\u00a0Fernando Malo. Est\u00e1 especializado en cer\u00e1mica mud\u00e9jar y restauraci\u00f3n. De hecho, Fernando ha restaurado, entre otros muchos monumentos,\u00a0parte de la Catedral del Salvador (La Seo), de la Catedral-bas\u00edlica de Nuestra Se\u00f1ora del Pilar y del Palacio de la Aljafer\u00eda\u00a0de Zaragoza.\",\"breadcrumb\":{\"@id\":\"https:\\\/\\\/fundacionisabelmartin.es\\\/tienda\\\/producto\\\/colgante-corto-cordon\\\/#breadcrumb\"},\"inLanguage\":\"es\",\"potentialAction\":[{\"@type\":\"ReadAction\",\"target\":[\"https:\\\/\\\/fundacionisabelmartin.es\\\/tienda\\\/producto\\\/colgante-corto-cordon\\\/\"]}]},{\"@type\":\"ImageObject\",\"inLanguage\":\"es\",\"@id\":\"https:\\\/\\\/fundacionisabelmartin.es\\\/tienda\\\/producto\\\/colgante-corto-cordon\\\/#primaryimage\",\"url\":\"https:\\\/\\\/fundacionisabelmartin.es\\\/tienda\\\/wp-content\\\/uploads\\\/2018\\\/06\\\/IMG_3427.jpg\",\"contentUrl\":\"https:\\\/\\\/fundacionisabelmartin.es\\\/tienda\\\/wp-content\\\/uploads\\\/2018\\\/06\\\/IMG_3427.jpg\",\"width\":1224,\"height\":1632},{\"@type\":\"BreadcrumbList\",\"@id\":\"https:\\\/\\\/fundacionisabelmartin.es\\\/tienda\\\/producto\\\/colgante-corto-cordon\\\/#breadcrumb\",\"itemListElement\":[{\"@type\":\"ListItem\",\"position\":1,\"name\":\"Portada\",\"item\":\"https:\\\/\\\/fundacionisabelmartin.es\\\/tienda\\\/\"},{\"@type\":\"ListItem\",\"position\":2,\"name\":\"Cat\u00e1logo de productos de la Fundaci\u00f3n Isabel Mart\u00edn\",\"item\":\"https:\\\/\\\/fundacionisabelmartin.es\\\/tienda\\\/\"},{\"@type\":\"ListItem\",\"position\":3,\"name\":\"COLGANTE CORD\u00d3N CORTO\"}]},{\"@type\":\"WebSite\",\"@id\":\"https:\\\/\\\/fundacionisabelmartin.es\\\/tienda\\\/#website\",\"url\":\"https:\\\/\\\/fundacionisabelmartin.es\\\/tienda\\\/\",\"name\":\"FUNDACI\u00d3N ISABEL MARTIN | TIENDA\",\"description\":\"La tienda de la Fundaci\u00f3n Isabel Mart\u00edn ofrece productos de Comercio Justo y Solidarios con el objetivo de financiar los proyectos de Cooperaci\u00f3n al Desarrollo que financiamos en varios pa\u00edses del sur, centrados en el empoderamiento de las mujeres y la infancia desprotegida.\",\"publisher\":{\"@id\":\"https:\\\/\\\/fundacionisabelmartin.es\\\/tienda\\\/#organization\"},\"potentialAction\":[{\"@type\":\"SearchAction\",\"target\":{\"@type\":\"EntryPoint\",\"urlTemplate\":\"https:\\\/\\\/fundacionisabelmartin.es\\\/tienda\\\/?s={search_term_string}\"},\"query-input\":{\"@type\":\"PropertyValueSpecification\",\"valueRequired\":true,\"valueName\":\"search_term_string\"}}],\"inLanguage\":\"es\"},{\"@type\":\"Organization\",\"@id\":\"https:\\\/\\\/fundacionisabelmartin.es\\\/tienda\\\/#organization\",\"name\":\"Fundaci\u00f3n Isabel Mart\u00edn\",\"url\":\"https:\\\/\\\/fundacionisabelmartin.es\\\/tienda\\\/\",\"logo\":{\"@type\":\"ImageObject\",\"inLanguage\":\"es\",\"@id\":\"https:\\\/\\\/fundacionisabelmartin.es\\\/tienda\\\/#\\\/schema\\\/logo\\\/image\\\/\",\"url\":\"https:\\\/\\\/fundacionisabelmartin.es\\\/tienda\\\/wp-content\\\/uploads\\\/2018\\\/04\\\/ISABEL-MARTIN-LOGO-FINAL.png\",\"contentUrl\":\"https:\\\/\\\/fundacionisabelmartin.es\\\/tienda\\\/wp-content\\\/uploads\\\/2018\\\/04\\\/ISABEL-MARTIN-LOGO-FINAL.png\",\"width\":1153,\"height\":496,\"caption\":\"Fundaci\u00f3n Isabel Mart\u00edn\"},\"image\":{\"@id\":\"https:\\\/\\\/fundacionisabelmartin.es\\\/tienda\\\/#\\\/schema\\\/logo\\\/image\\\/\"},\"sameAs\":[\"https:\\\/\\\/www.facebook.com\\\/OngIsabelMartin\",\"https:\\\/\\\/x.com\\\/ongisabelmartin\",\"https:\\\/\\\/fundacionisabelmartin.es\\\/tienda\",\"https:\\\/\\\/www.linkedin.com\\\/company\\\/10593946\",\"https:\\\/\\\/www.youtube.com\\\/channel\\\/UCibqwKMVjaAmuWXoBF3edkQ\",\"https:\\\/\\\/www.instagram.com\\\/ongisabelmartin\\\/\"]}]}<\/script>\n<meta property=\"product:brand\" content=\"variable\" \/>\n<meta property=\"og:availability\" content=\"instock\" \/>\n<meta property=\"product:availability\" content=\"instock\" \/>\n<meta property=\"product:retailer_item_id\" content=\"COLGANTE CUERDA\" \/>\n<meta property=\"product:condition\" content=\"new\" \/>\n<!-- \/ Yoast SEO plugin. -->","yoast_head_json":{"title":"Colgante corto cord\u00f3n","description":"Colgantes\u00a0fabricados por el ceramista aragon\u00e9s\u00a0Fernando Malo. Est\u00e1 especializado en cer\u00e1mica mud\u00e9jar y restauraci\u00f3n. De hecho, Fernando ha restaurado, entre otros muchos monumentos,\u00a0parte de la Catedral del Salvador (La Seo), de la Catedral-bas\u00edlica de Nuestra Se\u00f1ora del Pilar y del Palacio de la Aljafer\u00eda\u00a0de Zaragoza.","robots":{"index":"index","follow":"follow","max-snippet":"max-snippet:-1","max-image-preview":"max-image-preview:large","max-video-preview":"max-video-preview:-1"},"canonical":"https:\/\/fundacionisabelmartin.es\/tienda\/producto\/colgante-corto-cordon\/","og_locale":"es_ES","og_type":"article","og_title":"Colgante corto cord\u00f3n","og_description":"Colgantes\u00a0fabricados por el ceramista aragon\u00e9s\u00a0Fernando Malo. Est\u00e1 especializado en cer\u00e1mica mud\u00e9jar y restauraci\u00f3n. De hecho, Fernando ha restaurado, entre otros muchos monumentos,\u00a0parte de la Catedral del Salvador (La Seo), de la Catedral-bas\u00edlica de Nuestra Se\u00f1ora del Pilar y del Palacio de la Aljafer\u00eda\u00a0de Zaragoza.","og_url":"https:\/\/fundacionisabelmartin.es\/tienda\/producto\/colgante-corto-cordon\/","og_site_name":"Fundaci\u00f3n Isabel Mart\u00edn","article_publisher":"https:\/\/www.facebook.com\/OngIsabelMartin","article_modified_time":"2026-04-11T10:32:54+00:00","og_image":[{"width":1224,"height":1632,"url":"https:\/\/fundacionisabelmartin.es\/tienda\/wp-content\/uploads\/2018\/06\/IMG_3427.jpg","type":"image\/jpeg"}],"twitter_card":"summary_large_image","twitter_site":"@ongisabelmartin","twitter_misc":{"Disponibilidad":"Disponible"},"schema":{"@context":"https:\/\/schema.org","@graph":[{"@type":["WebPage","ItemPage"],"@id":"https:\/\/fundacionisabelmartin.es\/tienda\/producto\/colgante-corto-cordon\/","url":"https:\/\/fundacionisabelmartin.es\/tienda\/producto\/colgante-corto-cordon\/","name":"Colgante corto cord\u00f3n","isPartOf":{"@id":"https:\/\/fundacionisabelmartin.es\/tienda\/#website"},"primaryImageOfPage":{"@id":"https:\/\/fundacionisabelmartin.es\/tienda\/producto\/colgante-corto-cordon\/#primaryimage"},"image":{"@id":"https:\/\/fundacionisabelmartin.es\/tienda\/producto\/colgante-corto-cordon\/#primaryimage"},"thumbnailUrl":"https:\/\/fundacionisabelmartin.es\/tienda\/wp-content\/uploads\/2018\/06\/IMG_3427.jpg","datePublished":"2018-06-29T09:50:07+00:00","dateModified":"2026-04-11T10:32:54+00:00","description":"Colgantes\u00a0fabricados por el ceramista aragon\u00e9s\u00a0Fernando Malo. Est\u00e1 especializado en cer\u00e1mica mud\u00e9jar y restauraci\u00f3n. De hecho, Fernando ha restaurado, entre otros muchos monumentos,\u00a0parte de la Catedral del Salvador (La Seo), de la Catedral-bas\u00edlica de Nuestra Se\u00f1ora del Pilar y del Palacio de la Aljafer\u00eda\u00a0de Zaragoza.","breadcrumb":{"@id":"https:\/\/fundacionisabelmartin.es\/tienda\/producto\/colgante-corto-cordon\/#breadcrumb"},"inLanguage":"es","potentialAction":[{"@type":"ReadAction","target":["https:\/\/fundacionisabelmartin.es\/tienda\/producto\/colgante-corto-cordon\/"]}]},{"@type":"ImageObject","inLanguage":"es","@id":"https:\/\/fundacionisabelmartin.es\/tienda\/producto\/colgante-corto-cordon\/#primaryimage","url":"https:\/\/fundacionisabelmartin.es\/tienda\/wp-content\/uploads\/2018\/06\/IMG_3427.jpg","contentUrl":"https:\/\/fundacionisabelmartin.es\/tienda\/wp-content\/uploads\/2018\/06\/IMG_3427.jpg","width":1224,"height":1632},{"@type":"BreadcrumbList","@id":"https:\/\/fundacionisabelmartin.es\/tienda\/producto\/colgante-corto-cordon\/#breadcrumb","itemListElement":[{"@type":"ListItem","position":1,"name":"Portada","item":"https:\/\/fundacionisabelmartin.es\/tienda\/"},{"@type":"ListItem","position":2,"name":"Cat\u00e1logo de productos de la Fundaci\u00f3n Isabel Mart\u00edn","item":"https:\/\/fundacionisabelmartin.es\/tienda\/"},{"@type":"ListItem","position":3,"name":"COLGANTE CORD\u00d3N CORTO"}]},{"@type":"WebSite","@id":"https:\/\/fundacionisabelmartin.es\/tienda\/#website","url":"https:\/\/fundacionisabelmartin.es\/tienda\/","name":"FUNDACI\u00d3N ISABEL MARTIN | TIENDA","description":"La tienda de la Fundaci\u00f3n Isabel Mart\u00edn ofrece productos de Comercio Justo y Solidarios con el objetivo de financiar los proyectos de Cooperaci\u00f3n al Desarrollo que financiamos en varios pa\u00edses del sur, centrados en el empoderamiento de las mujeres y la infancia desprotegida.","publisher":{"@id":"https:\/\/fundacionisabelmartin.es\/tienda\/#organization"},"potentialAction":[{"@type":"SearchAction","target":{"@type":"EntryPoint","urlTemplate":"https:\/\/fundacionisabelmartin.es\/tienda\/?s={search_term_string}"},"query-input":{"@type":"PropertyValueSpecification","valueRequired":true,"valueName":"search_term_string"}}],"inLanguage":"es"},{"@type":"Organization","@id":"https:\/\/fundacionisabelmartin.es\/tienda\/#organization","name":"Fundaci\u00f3n Isabel Mart\u00edn","url":"https:\/\/fundacionisabelmartin.es\/tienda\/","logo":{"@type":"ImageObject","inLanguage":"es","@id":"https:\/\/fundacionisabelmartin.es\/tienda\/#\/schema\/logo\/image\/","url":"https:\/\/fundacionisabelmartin.es\/tienda\/wp-content\/uploads\/2018\/04\/ISABEL-MARTIN-LOGO-FINAL.png","contentUrl":"https:\/\/fundacionisabelmartin.es\/tienda\/wp-content\/uploads\/2018\/04\/ISABEL-MARTIN-LOGO-FINAL.png","width":1153,"height":496,"caption":"Fundaci\u00f3n Isabel Mart\u00edn"},"image":{"@id":"https:\/\/fundacionisabelmartin.es\/tienda\/#\/schema\/logo\/image\/"},"sameAs":["https:\/\/www.facebook.com\/OngIsabelMartin","https:\/\/x.com\/ongisabelmartin","https:\/\/fundacionisabelmartin.es\/tienda","https:\/\/www.linkedin.com\/company\/10593946","https:\/\/www.youtube.com\/channel\/UCibqwKMVjaAmuWXoBF3edkQ","https:\/\/www.instagram.com\/ongisabelmartin\/"]}]},"product_brand":"variable","og_availability":"instock","product_availability":"instock","product_retailer_item_id":"COLGANTE CUERDA","product_condition":"new"},"_links":{"self":[{"href":"https:\/\/fundacionisabelmartin.es\/tienda\/wp-json\/wp\/v2\/product\/943","targetHints":{"allow":["GET"]}}],"collection":[{"href":"https:\/\/fundacionisabelmartin.es\/tienda\/wp-json\/wp\/v2\/product"}],"about":[{"href":"https:\/\/fundacionisabelmartin.es\/tienda\/wp-json\/wp\/v2\/types\/product"}],"replies":[{"embeddable":true,"href":"https:\/\/fundacionisabelmartin.es\/tienda\/wp-json\/wp\/v2\/comments?post=943"}],"wp:featuredmedia":[{"embeddable":true,"href":"https:\/\/fundacionisabelmartin.es\/tienda\/wp-json\/wp\/v2\/media\/947"}],"wp:attachment":[{"href":"https:\/\/fundacionisabelmartin.es\/tienda\/wp-json\/wp\/v2\/media?parent=943"}],"wp:term":[{"taxonomy":"product_brand","embeddable":true,"href":"https:\/\/fundacionisabelmartin.es\/tienda\/wp-json\/wp\/v2\/product_brand?post=943"},{"taxonomy":"product_cat","embeddable":true,"href":"https:\/\/fundacionisabelmartin.es\/tienda\/wp-json\/wp\/v2\/product_cat?post=943"},{"taxonomy":"product_tag","embeddable":true,"href":"https:\/\/fundacionisabelmartin.es\/tienda\/wp-json\/wp\/v2\/product_tag?post=943"}],"curies":[{"name":"wp","href":"https:\/\/api.w.org\/{rel}","templated":true}]}}